{"id":5355,"date":"2026-01-28T09:18:29","date_gmt":"2026-01-28T01:18:29","guid":{"rendered":"https:\/\/minghanggroup.com\/?post_type=product&#038;p=5355"},"modified":"2026-01-28T16:42:30","modified_gmt":"2026-01-28T08:42:30","slug":"star-shaped-glass-tealight-candle-holders-bulk","status":"publish","type":"product","link":"https:\/\/minghanggroup.com\/pt\/produto\/star-shaped-glass-tealight-candle-holders-bulk\/","title":{"rendered":"Conjunto de porta-velas de vidro em formato de estrela para velas pequenas (a granel)"},"content":{"rendered":"<p>Estes s\u00e3o casti\u00e7ais para velas de ch\u00e1 em formato de estrela. Suas estrelas vintage de cinco pontas s\u00e3o feitas de vidro transparente e possuem uma pequena cavidade no centro que ret\u00e9m e difunde levemente a luz da vela, produzindo um efeito encantador.<\/p>\n<h2>Caracter\u00edsticas do produto<\/h2>\n<ul>\n<li><strong>Padr\u00e3o cl\u00e1ssico de estrela de cinco pontas:<\/strong> O s\u00edmbolo da estrela de cinco pontas \u00e9 festivo e atraente em sua forma, que agrada aos olhos.<\/li>\n<li><strong>Estrutura de copo raso:<\/strong> Este tipo de estrutura possui um recipiente central onde s\u00e3o fixadas velas de ch\u00e1 de tamanhos padr\u00e3o, podendo ser utilizadas imediatamente.<\/li>\n<li><strong>Base est\u00e1vel:<\/strong> O design da base permite que a estrela de cinco pontas seja fixada em qualquer superf\u00edcie, evitando que caia.<\/li>\n<\/ul>\n<h2 style=\"text-align: left;\">Especifica\u00e7\u00f5es principais<\/h2>\n<table class=\"aligncenter\" style=\"border-collapse: collapse; width: 392.27pt;\" border=\"0\" width=\"523\" cellspacing=\"0\" cellpadding=\"0\">\n<tbody>\n<tr style=\"height: 13.50pt;\">\n<td style=\"height: 13.50pt; width: 120.75pt;\" width=\"161\" height=\"18\">Especifica\u00e7\u00e3o<\/td>\n<td style=\"width: 271.50pt;\" width=\"362\">Detalhes<\/td>\n<\/tr>\n<tr style=\"height: 13.50pt;\">\n<td style=\"height: 13.50pt;\" height=\"18\">Dimens\u00f5es<\/td>\n<td>77\u00d721mm<\/td>\n<\/tr>\n<tr style=\"height: 13.50pt;\">\n<td style=\"height: 13.50pt;\" height=\"18\">Material<\/td>\n<td>Vidro transparente<\/td>\n<\/tr>\n<tr style=\"height: 13.50pt;\">\n<td style=\"height: 13.50pt;\" height=\"18\">Formato do suporte<\/td>\n<td>Estrela de cinco pontas com c\u00fapula central rebaixada<\/td>\n<\/tr>\n<tr style=\"height: 13.50pt;\">\n<td style=\"height: 13.50pt;\" height=\"18\">Escopo de personaliza\u00e7\u00e3o<\/td>\n<td>Tamanho, Cor, Acabamento, Detalhes da Borda<\/td>\n<\/tr>\n<tr style=\"height: 13.50pt;\">\n<td style=\"height: 13.50pt;\" height=\"18\">Artesanato<\/td>\n<td>Moldagem em vidro prensado para formato de estrela detalhado<\/td>\n<\/tr>\n<tr style=\"height: 13.50pt;\">\n<td style=\"height: 13.50pt;\" height=\"18\">Finalidade do produto<\/td>\n<td>Casti\u00e7ais para velas de ch\u00e1, casti\u00e7ais de vidro a granel<\/td>\n<\/tr>\n<tr style=\"height: 13.50pt;\">\n<td style=\"height: 13.50pt;\" height=\"18\">Ind\u00fastrias adequadas<\/td>\n<td>Organizadores de eventos\/casamentos, marcas de decora\u00e7\u00e3o para casa<\/td>\n<\/tr>\n<\/tbody>\n<\/table>\n<h2>Caso de Sucesso: S\u00e9rie de Natal de Rede Nacional de Decora\u00e7\u00e3o para Casa<\/h2>\n<p>Nossos casti\u00e7ais em formato de estrela foram encomendados por uma grande empresa de decora\u00e7\u00e3o de interiores de \u00e2mbito nacional, com o banho de ouro claro nas pontas da estrela modificado. O design tornou-se um sucesso instant\u00e2neo de vendas, atingindo um aumento de 400% na categoria de decora\u00e7\u00e3o natalina. Com apenas 21 mm de espessura, os casti\u00e7ais s\u00e3o f\u00e1ceis de empilhar e transportar, reduzindo os custos log\u00edsticos em 20%. A rede ficou t\u00e3o satisfeita com o volume de vendas que encomendou mais 600.000 unidades para a pr\u00f3xima temporada de festas.<\/p>\n<h2>Personaliza\u00e7\u00e3o de casti\u00e7ais de vidro<\/h2>\n<ul>\n<li>Acabamento fosco ou com glitter: Selecione um acabamento fosco ou uma pequena quantidade de glitter para dar um toque brilhante.<\/li>\n<li>Revestimento met\u00e1lico: O revestimento pode ser feito nas pontas, nas bordas ou em toda a estrela, com ouro, prata ou cobre.<\/li>\n<li>Grava\u00e7\u00e3o a laser: Aqui, padr\u00f5es de constela\u00e7\u00f5es em miniatura, combina\u00e7\u00f5es de alfabetos ou anos podem ser gravados em qualquer base plana.<\/li>\n<li>Varia\u00e7\u00f5es de tamanho: Prepare uma cole\u00e7\u00e3o de estrelas de tamanhos diferentes (pequenas, m\u00e9dias e grandes).<\/li>\n<\/ul>","protected":false},"excerpt":{"rendered":"<p>Casti\u00e7ais de vidro transparente em formato de estrela para velas pequenas, com bordas afiadas e base rasa. Ideais para decora\u00e7\u00e3o festiva e velas pequenas. Fornecimento direto da f\u00e1brica.<\/p>","protected":false},"featured_media":5363,"template":"","meta":{"postBodyCss":"","postBodyMargin":[],"postBodyPadding":[],"postBodyBackground":{"backgroundType":"classic","gradient":""}},"product_brand":[],"product_cat":[15,82,17],"product_tag":[],"class_list":{"0":"post-5355","1":"product","2":"type-product","3":"status-publish","4":"has-post-thumbnail","6":"product_cat-glass-containers","7":"product_cat-candle-jars","8":"product_cat-glass-jars","10":"first","11":"instock","12":"shipping-taxable","13":"product-type-simple"},"jetpack_sharing_enabled":true,"_links":{"self":[{"href":"https:\/\/minghanggroup.com\/pt\/wp-json\/wp\/v2\/product\/5355","targetHints":{"allow":["GET"]}}],"collection":[{"href":"https:\/\/minghanggroup.com\/pt\/wp-json\/wp\/v2\/product"}],"about":[{"href":"https:\/\/minghanggroup.com\/pt\/wp-json\/wp\/v2\/types\/product"}],"wp:featuredmedia":[{"embeddable":true,"href":"https:\/\/minghanggroup.com\/pt\/wp-json\/wp\/v2\/media\/5363"}],"wp:attachment":[{"href":"https:\/\/minghanggroup.com\/pt\/wp-json\/wp\/v2\/media?parent=5355"}],"wp:term":[{"taxonomy":"product_brand","embeddable":true,"href":"https:\/\/minghanggroup.com\/pt\/wp-json\/wp\/v2\/product_brand?post=5355"},{"taxonomy":"product_cat","embeddable":true,"href":"https:\/\/minghanggroup.com\/pt\/wp-json\/wp\/v2\/product_cat?post=5355"},{"taxonomy":"product_tag","embeddable":true,"href":"https:\/\/minghanggroup.com\/pt\/wp-json\/wp\/v2\/product_tag?post=5355"}],"curies":[{"name":"wp","href":"https:\/\/api.w.org\/{rel}","templated":true}]}}