{"id":5349,"date":"2026-01-28T15:06:31","date_gmt":"2026-01-28T07:06:31","guid":{"rendered":"https:\/\/minghanggroup.com\/?post_type=product&#038;p=5349"},"modified":"2026-01-28T15:06:33","modified_gmt":"2026-01-28T07:06:33","slug":"clear-glass-candle-jars-with-lids-wholesale","status":"publish","type":"product","link":"https:\/\/minghanggroup.com\/pt\/produto\/clear-glass-candle-jars-with-lids-wholesale\/","title":{"rendered":"Potes de vidro transparente para velas de 135ml com tampas - Atacado"},"content":{"rendered":"<p>Voc\u00ea precisa de potes de vidro para velas com tampa, dispon\u00edveis no atacado, que protejam seu produto e chamem a aten\u00e7\u00e3o dos clientes. Por isso, criamos esses vers\u00e1teis recipientes para velas em vidro cristalino, projetados para seguran\u00e7a, estilo e um visual impactante nas prateleiras. Como seu fabricante direto de embalagens de vidro, transformamos recipientes simples em luxuosos porta-velas que seus clientes guardar\u00e3o por muito tempo, mesmo depois que a chama se apagar.<\/p>\n<h2>Caracter\u00edsticas do produto<\/h2>\n<ul>\n<li><strong>Design cil\u00edndrico ultrassimplificado:<\/strong> O design possui linhas muito simples, limpas e organizadas, as propor\u00e7\u00f5es s\u00e3o muito harmoniosas, podendo ser uma boa op\u00e7\u00e3o para marcas de fragr\u00e2ncias modernas, n\u00f3rdicas, minimalistas e de alta qualidade.<\/li>\n<li><strong>Material de vidro de alta transpar\u00eancia:<\/strong> A cor da cera e seu estado de combust\u00e3o s\u00e3o altamente vis\u00edveis atrav\u00e9s do vidro, refor\u00e7ando assim o conceito de \u201cpureza\u201d do produto e a atratividade geral da exposi\u00e7\u00e3o.<\/li>\n<li><strong>\u00d3timo para personaliza\u00e7\u00e3o:<\/strong> O recipiente transparente \u00e9 extremamente adequado para qualquer tipo de personaliza\u00e7\u00e3o posterior, como serigrafia, rotulagem, estampagem a quente ou combina\u00e7\u00e3o com uma tampa de material diferente.<\/li>\n<\/ul>\n<h2>Especifica\u00e7\u00f5es principais<\/h2>\n<table style=\"border-collapse: collapse; width: 80%; margin-left: auto; margin-right: auto;\" border=\"0\" width=\"144\" cellspacing=\"0\" cellpadding=\"0\">\n<tbody>\n<tr style=\"height: 13.50pt;\">\n<td style=\"height: 13.5pt; width: 54pt; text-align: center;\" width=\"72\" height=\"18\">Recurso<\/td>\n<td style=\"width: 54pt; text-align: center;\" width=\"72\">Especifica\u00e7\u00e3o<\/td>\n<\/tr>\n<tr style=\"height: 13.50pt;\">\n<td style=\"height: 13.5pt; text-align: center;\" height=\"18\">Capacidade<\/td>\n<td style=\"text-align: center;\">135 ml<\/td>\n<\/tr>\n<tr style=\"height: 13.50pt;\">\n<td style=\"height: 13.5pt; text-align: center;\" height=\"18\">Dimens\u00f5es<\/td>\n<td style=\"text-align: center;\">60 \u00d7 46 \u00d7 85 mm<\/td>\n<\/tr>\n<tr style=\"height: 13.50pt;\">\n<td style=\"height: 13.5pt; text-align: center;\" height=\"18\">Compatibilidade da tampa<\/td>\n<td style=\"text-align: center;\">Tampas de madeira ou metal<\/td>\n<\/tr>\n<tr style=\"height: 13.50pt;\">\n<td style=\"height: 13.5pt; text-align: center;\" height=\"18\">Material<\/td>\n<td style=\"text-align: center;\">Vidro de cristal<\/td>\n<\/tr>\n<tr style=\"height: 13.50pt;\">\n<td style=\"height: 13.5pt; text-align: center;\" height=\"18\">Cor<\/td>\n<td style=\"text-align: center;\">Claro ou personalizado<\/td>\n<\/tr>\n<\/tbody>\n<\/table>\n<h2>Caso de sucesso<\/h2>\n<p>Uma pequena marca de fragr\u00e2ncias para casa do norte da Europa decidiu usar nossos potes de vidro transparente para velas no lan\u00e7amento de sua nova cole\u00e7\u00e3o e os personalizou: em vez de vidro transparente, optaram por vidro \u00e2mbar com acabamento fosco, gravaram um delicado logotipo da marca pr\u00f3ximo \u00e0 base e adicionaram uma serigrafia minimalista para comunicar visualmente sua identidade visual.<\/p>\n<p>Consequentemente, a taxa de recompra aumentou 35% e a marca registrou um aumento de 28% nos pedidos por atacado em dois trimestres. Esses potes de vela personalizados se tornaram sua embalagem padr\u00e3o e grandes volumes de pedidos t\u00eam sido feitos ao longo de v\u00e1rios ciclos de produ\u00e7\u00e3o.<\/p>\n<h2>Dicas de personaliza\u00e7\u00e3o<\/h2>\n<ol>\n<li><strong>Op\u00e7\u00f5es de material para tampas de garrafa:<\/strong> Escolha entre m\u00e1rmore natural, corti\u00e7a ou couro, com tampas de garrafa revestidas, para tornar o casti\u00e7al elegante e luxuoso, criando assim uma marca \u00fanica para o usu\u00e1rio.<\/li>\n<li><strong>Gravura parcialmente fosca:<\/strong> Utilize a tecnologia de jateamento de areia para gravar o nome, a data ou um verso po\u00e9tico na caneca. O charme do presente aumenta significativamente com a combina\u00e7\u00e3o das superf\u00edcies de vidro fosco e transparente.<\/li>\n<li><strong>Tonalidade Gradiente Sazonal:<\/strong> Com um simples pedido, ser\u00e1 poss\u00edvel criar um efeito degrad\u00ea (por exemplo, de verde-esmeralda a transparente para o inverno). O mesmo tipo de vaso, mas uma emo\u00e7\u00e3o completamente nova a cada cole\u00e7\u00e3o.<\/li>\n<\/ol>","protected":false},"excerpt":{"rendered":"<p>Recipientes para velas em vidro transparente, ideais para velas arom\u00e1ticas. Potes de vidro para velas com tampa dispon\u00edveis para venda por atacado, com amostras gr\u00e1tis e personaliza\u00e7\u00e3o em grandes quantidades.<\/p>","protected":false},"featured_media":5353,"template":"","meta":{"postBodyCss":"","postBodyMargin":[],"postBodyPadding":[],"postBodyBackground":{"backgroundType":"classic","gradient":""}},"product_brand":[],"product_cat":[15,82,17],"product_tag":[],"class_list":{"0":"post-5349","1":"product","2":"type-product","3":"status-publish","4":"has-post-thumbnail","6":"product_cat-glass-containers","7":"product_cat-candle-jars","8":"product_cat-glass-jars","10":"first","11":"instock","12":"shipping-taxable","13":"product-type-simple"},"jetpack_sharing_enabled":true,"_links":{"self":[{"href":"https:\/\/minghanggroup.com\/pt\/wp-json\/wp\/v2\/product\/5349","targetHints":{"allow":["GET"]}}],"collection":[{"href":"https:\/\/minghanggroup.com\/pt\/wp-json\/wp\/v2\/product"}],"about":[{"href":"https:\/\/minghanggroup.com\/pt\/wp-json\/wp\/v2\/types\/product"}],"wp:featuredmedia":[{"embeddable":true,"href":"https:\/\/minghanggroup.com\/pt\/wp-json\/wp\/v2\/media\/5353"}],"wp:attachment":[{"href":"https:\/\/minghanggroup.com\/pt\/wp-json\/wp\/v2\/media?parent=5349"}],"wp:term":[{"taxonomy":"product_brand","embeddable":true,"href":"https:\/\/minghanggroup.com\/pt\/wp-json\/wp\/v2\/product_brand?post=5349"},{"taxonomy":"product_cat","embeddable":true,"href":"https:\/\/minghanggroup.com\/pt\/wp-json\/wp\/v2\/product_cat?post=5349"},{"taxonomy":"product_tag","embeddable":true,"href":"https:\/\/minghanggroup.com\/pt\/wp-json\/wp\/v2\/product_tag?post=5349"}],"curies":[{"name":"wp","href":"https:\/\/api.w.org\/{rel}","templated":true}]}}