{"id":5339,"date":"2026-01-27T14:32:30","date_gmt":"2026-01-27T06:32:30","guid":{"rendered":"https:\/\/minghanggroup.com\/?post_type=product&#038;p=5339"},"modified":"2026-01-27T15:57:43","modified_gmt":"2026-01-27T07:57:43","slug":"tall-clear-carved-glass-candle-holders-bulk","status":"publish","type":"product","link":"https:\/\/minghanggroup.com\/pt\/produto\/tall-clear-carved-glass-candle-holders-bulk\/","title":{"rendered":"Casti\u00e7ais altos de vidro transparente esculpido (em grande quantidade)"},"content":{"rendered":"<p>Estes s\u00e3o casti\u00e7ais de vidro com um belo acabamento. A parte superior tem um formato de ta\u00e7a com um corte em forma de diamante para acomodar a vela. A coluna principal, redonda, tem um prop\u00f3sito mais decorativo, e a base larga e alargada contribui para a estabilidade.<\/p>\n<h2>Caracter\u00edsticas do produto<\/h2>\n<ul>\n<li><strong>Corte Diamante Vintage:<\/strong> A x\u00edcara, a al\u00e7a e a base s\u00e3o repletas de pequenos padr\u00f5es em forma de diamante, bem como padr\u00f5es radiais, dando-lhe um aspecto brilhante e sofisticado.<\/li>\n<li><strong>Design de suporte para vela alto:<\/strong> O design alto e com v\u00e1rios n\u00edveis tem a vantagem adicional de dar destaque visual \u00e0 chama da vela, al\u00e9m de ser mais seguro, j\u00e1 que a chama n\u00e3o precisa tocar a mesa.<\/li>\n<li><strong>Base grande e alargada:<\/strong> A base \u00e9 larga e est\u00e1vel, e incrivelmente firme, suportando velas altas.<\/li>\n<\/ul>\n<h2 style=\"text-align: left;\">Especifica\u00e7\u00f5es principais<\/h2>\n<table class=\"aligncenter\" style=\"border-collapse: collapse; width: 409.52pt;\" border=\"0\" width=\"546\" cellspacing=\"0\" cellpadding=\"0\">\n<tbody>\n<tr style=\"height: 13.50pt;\">\n<td style=\"height: 13.50pt; width: 117.75pt;\" width=\"157\" height=\"18\">Especifica\u00e7\u00e3o<\/td>\n<td style=\"width: 291.75pt;\" width=\"389\">Detalhes<\/td>\n<\/tr>\n<tr style=\"height: 13.50pt;\">\n<td style=\"height: 13.50pt;\" height=\"18\">Dimens\u00f5es<\/td>\n<td>35\u00d779\u00d710mm<\/td>\n<\/tr>\n<tr style=\"height: 13.50pt;\">\n<td style=\"height: 13.50pt;\" height=\"18\">Material<\/td>\n<td>Vidro grosso e transparente cortado<\/td>\n<\/tr>\n<tr style=\"height: 13.50pt;\">\n<td style=\"height: 13.50pt;\" height=\"18\">Escopo de personaliza\u00e7\u00e3o<\/td>\n<td>Cor, padr\u00e3o de corte, tamanho, formato<\/td>\n<\/tr>\n<tr style=\"height: 13.50pt;\">\n<td style=\"height: 13.50pt;\" height=\"18\">Artesanato<\/td>\n<td>Prensagem e corte complexos de vidro<\/td>\n<\/tr>\n<tr style=\"height: 13.50pt;\">\n<td style=\"height: 13.50pt;\" height=\"18\">Finalidade do produto<\/td>\n<td>Casti\u00e7ais de luxo, casti\u00e7ais de vidro em atacado<\/td>\n<\/tr>\n<tr style=\"height: 13.50pt;\">\n<td style=\"height: 13.50pt;\" height=\"18\">Ind\u00fastrias adequadas<\/td>\n<td>Organizadores de casamentos\/eventos, marcas de velas<\/td>\n<\/tr>\n<\/tbody>\n<\/table>\n<h2>Caso de sucesso: um hotel de luxo e espa\u00e7o para eventos na Europa.<\/h2>\n<p>Uma das empresas europeias de planejamento de eventos solicitou um casti\u00e7al exclusivo, feito sob medida para um casamento de alto padr\u00e3o. Eles escolheram nossos casti\u00e7ais de vidro, feitos sob encomenda, em um tom \u00e2mbar claro e com bordas chanfradas e banhadas a ouro. Esses casti\u00e7ais foram o destaque da decora\u00e7\u00e3o de mesa premium, inclu\u00edda em 95% dos pacotes de casamento mais caros. O visual cl\u00e1ssico combinou perfeitamente com a arquitetura do local, resultando em um \u00edndice de satisfa\u00e7\u00e3o de 98% entre os clientes. A empresa ficou extremamente satisfeita e, por isso, fez um novo pedido de 100.000 casti\u00e7ais de vidro.<\/p>\n<h2>Casti\u00e7ais de vidro para personaliza\u00e7\u00e3o em grande quantidade<\/h2>\n<ul>\n<li>Padr\u00f5es: Recortes personalizados para o copo, haste ou base (ex.: estrela, morango, diamante).<\/li>\n<li>Revestimento met\u00e1lico: As linhas de corte mais finas s\u00e3o adornadas com folha de ouro, prata ou platina.<\/li>\n<li>Incrusta\u00e7\u00e3o em vitral: O esmalte colorido \u00e9 aplicado nos recortes preenchidos por meio de um processo especial.<\/li>\n<li>Altura\/propor\u00e7\u00e3o personalizada: Altere a altura geral ou a propor\u00e7\u00e3o da ta\u00e7a, da haste e da base.<\/li>\n<\/ul>","protected":false},"excerpt":{"rendered":"<p>Casti\u00e7ais decorativos de vidro com cortes em diamante e base radiante, ideais para decora\u00e7\u00f5es sofisticadas. Casti\u00e7ais de vidro dur\u00e1veis \u200b\u200bdispon\u00edveis para venda por atacado.<\/p>","protected":false},"featured_media":5348,"template":"","meta":{"postBodyCss":"","postBodyMargin":[],"postBodyPadding":[],"postBodyBackground":{"backgroundType":"classic","gradient":""}},"product_brand":[],"product_cat":[15,82,17],"product_tag":[],"class_list":{"0":"post-5339","1":"product","2":"type-product","3":"status-publish","4":"has-post-thumbnail","6":"product_cat-glass-containers","7":"product_cat-candle-jars","8":"product_cat-glass-jars","10":"first","11":"instock","12":"shipping-taxable","13":"product-type-simple"},"jetpack_sharing_enabled":true,"_links":{"self":[{"href":"https:\/\/minghanggroup.com\/pt\/wp-json\/wp\/v2\/product\/5339","targetHints":{"allow":["GET"]}}],"collection":[{"href":"https:\/\/minghanggroup.com\/pt\/wp-json\/wp\/v2\/product"}],"about":[{"href":"https:\/\/minghanggroup.com\/pt\/wp-json\/wp\/v2\/types\/product"}],"wp:featuredmedia":[{"embeddable":true,"href":"https:\/\/minghanggroup.com\/pt\/wp-json\/wp\/v2\/media\/5348"}],"wp:attachment":[{"href":"https:\/\/minghanggroup.com\/pt\/wp-json\/wp\/v2\/media?parent=5339"}],"wp:term":[{"taxonomy":"product_brand","embeddable":true,"href":"https:\/\/minghanggroup.com\/pt\/wp-json\/wp\/v2\/product_brand?post=5339"},{"taxonomy":"product_cat","embeddable":true,"href":"https:\/\/minghanggroup.com\/pt\/wp-json\/wp\/v2\/product_cat?post=5339"},{"taxonomy":"product_tag","embeddable":true,"href":"https:\/\/minghanggroup.com\/pt\/wp-json\/wp\/v2\/product_tag?post=5339"}],"curies":[{"name":"wp","href":"https:\/\/api.w.org\/{rel}","templated":true}]}}