{"id":5330,"date":"2026-01-27T13:54:38","date_gmt":"2026-01-27T05:54:38","guid":{"rendered":"https:\/\/minghanggroup.com\/?post_type=product&#038;p=5330"},"modified":"2026-01-27T14:31:44","modified_gmt":"2026-01-27T06:31:44","slug":"clear-empty-square-candle-jars-wholesale","status":"publish","type":"product","link":"https:\/\/minghanggroup.com\/pt\/produto\/clear-empty-square-candle-jars-wholesale\/","title":{"rendered":"Potes de vela quadrados transparentes vazios de 80 ml a 640 ml para venda por atacado"},"content":{"rendered":"<p>Esses potes quadrados para velas s\u00e3o simples e cl\u00e1ssicos, com \u00e2ngulos retos e base grossa e resistente. Est\u00e3o dispon\u00edveis em v\u00e1rios tamanhos.<\/p>\n<h2>Caracter\u00edsticas do produto<\/h2>\n<ul>\n<li><strong>Forma de cubo simples:<\/strong> O padr\u00e3o c\u00fabico \u00e9 universal e pode ser empilhado para criar um visual limpo e moderno.<\/li>\n<li><strong>Base resistente:<\/strong> A base \u00e9 espessa para dar estabilidade a cada frasco e evitar que ele tombe.<\/li>\n<li><strong>V\u00e1rios tamanhos:<\/strong> O produto est\u00e1 dispon\u00edvel em quatro tamanhos diferentes, formando uma linha de produtos independente, que varia entre velas pequenas e grandes, todas visualmente atraentes.<\/li>\n<\/ul>\n<h2 style=\"text-align: left;\">Especifica\u00e7\u00f5es principais<\/h2>\n<table class=\"aligncenter\" style=\"border-collapse: collapse; width: 430.52pt;\" border=\"0\" width=\"574\" cellspacing=\"0\" cellpadding=\"0\">\n<tbody>\n<tr style=\"height: 13.50pt;\">\n<td style=\"height: 13.50pt; width: 117.75pt;\" width=\"157\" height=\"18\">Especifica\u00e7\u00e3o<\/td>\n<td style=\"width: 312.75pt;\" width=\"417\">Detalhes<\/td>\n<\/tr>\n<tr style=\"height: 13.50pt;\">\n<td style=\"height: 13.50pt;\" height=\"18\">Dimens\u00f5es<\/td>\n<td>52\u00d748\u00d752mm \/ 60\u00d758\u00d760mm \/ 80\u00d775\u00d780mm \/ 100\u00d795\u00d7100mm<\/td>\n<\/tr>\n<tr style=\"height: 13.50pt;\">\n<td style=\"height: 13.50pt;\" height=\"18\">Capacidade<\/td>\n<td>80ml \/ 120ml \/ 300ml \/ 640ml<\/td>\n<\/tr>\n<tr style=\"height: 13.50pt;\">\n<td style=\"height: 13.50pt;\" height=\"18\">Material<\/td>\n<td>Vidro transparente<\/td>\n<\/tr>\n<tr style=\"height: 13.50pt;\">\n<td style=\"height: 13.50pt;\" height=\"18\">Formato de jarro<\/td>\n<td>Cubo<\/td>\n<\/tr>\n<tr style=\"height: 13.50pt;\">\n<td style=\"height: 13.50pt;\" height=\"18\">Escopo de personaliza\u00e7\u00e3o<\/td>\n<td>Cor, formato, tamanho, tampas<\/td>\n<\/tr>\n<tr style=\"height: 13.50pt;\">\n<td style=\"height: 13.50pt;\" height=\"18\">Artesanato<\/td>\n<td>Moldagem de vidro quadrado de precis\u00e3o<\/td>\n<\/tr>\n<tr style=\"height: 13.50pt;\">\n<td style=\"height: 13.50pt;\" height=\"18\">Finalidade do produto<\/td>\n<td>Potes de Vela de Botic\u00e1rio, Recipientes Decorativos para Velas<\/td>\n<\/tr>\n<tr style=\"height: 13.50pt;\">\n<td style=\"height: 13.50pt;\" height=\"18\">Ind\u00fastrias adequadas<\/td>\n<td>Fabricantes de velas, marcas de decora\u00e7\u00e3o para casa<\/td>\n<\/tr>\n<\/tbody>\n<\/table>\n<h2>Hist\u00f3ria de sucesso de uma marca americana de velas e artigos para o lar do Meio-Oeste.<\/h2>\n<p>Uma empresa de fragr\u00e2ncias para o lar do Meio-Oeste americano encomendou nossos potes de vidro para velas estilo botic\u00e1rio nos tamanhos de 300 ml e 640 ml, personalizando-os com um tom cinza esfuma\u00e7ado e pequenas etiquetas serigrafadas. O formato quadrado e uniforme causou um \u00f3timo impacto nas prateleiras, resultando em um aumento de 40% nas vendas na loja. A base pesada garantiu estabilidade, reduzindo em 95% as reclama\u00e7\u00f5es por danos durante o transporte. O sucesso da marca levou a um novo pedido de 400.000 potes de vidro de diferentes tamanhos para atender \u00e0 demanda de produ\u00e7\u00e3o nos pr\u00f3ximos dois anos.<\/p>\n<h2>Personaliza\u00e7\u00e3o de Potes Quadrados para Velas<\/h2>\n<ul>\n<li>Logotipo\/Capacidade impressos: Inscreva um pequeno logotipo em relevo ou a indica\u00e7\u00e3o da capacidade na lateral do frasco de vidro.<\/li>\n<li>Tampas personalizadas: Crie uma tampa personalizada que combine perfeitamente com tampas quadradas de madeira, metal ou corti\u00e7a.<\/li>\n<li>Vidro bicolor: processo de duas cores ou transpar\u00eancia.<\/li>\n<li>Vers\u00f5es arredondadas: podem ser encontradas com cantos um pouco mais arredondados.<\/li>\n<\/ul>","protected":false},"excerpt":{"rendered":"<p>Potes minimalistas de botic\u00e1rio para velas, em formato quadrado transparente com base espessa, perfeitos para velas arom\u00e1ticas e decora\u00e7\u00e3o. Potes quadrados premium para velas com amostras gr\u00e1tis.<\/p>","protected":false},"featured_media":5334,"template":"","meta":{"postBodyCss":"","postBodyMargin":[],"postBodyPadding":[],"postBodyBackground":{"backgroundType":"classic","gradient":""}},"product_brand":[],"product_cat":[15,82,17],"product_tag":[],"class_list":{"0":"post-5330","1":"product","2":"type-product","3":"status-publish","4":"has-post-thumbnail","6":"product_cat-glass-containers","7":"product_cat-candle-jars","8":"product_cat-glass-jars","10":"first","11":"instock","12":"shipping-taxable","13":"product-type-simple"},"jetpack_sharing_enabled":true,"_links":{"self":[{"href":"https:\/\/minghanggroup.com\/pt\/wp-json\/wp\/v2\/product\/5330","targetHints":{"allow":["GET"]}}],"collection":[{"href":"https:\/\/minghanggroup.com\/pt\/wp-json\/wp\/v2\/product"}],"about":[{"href":"https:\/\/minghanggroup.com\/pt\/wp-json\/wp\/v2\/types\/product"}],"wp:featuredmedia":[{"embeddable":true,"href":"https:\/\/minghanggroup.com\/pt\/wp-json\/wp\/v2\/media\/5334"}],"wp:attachment":[{"href":"https:\/\/minghanggroup.com\/pt\/wp-json\/wp\/v2\/media?parent=5330"}],"wp:term":[{"taxonomy":"product_brand","embeddable":true,"href":"https:\/\/minghanggroup.com\/pt\/wp-json\/wp\/v2\/product_brand?post=5330"},{"taxonomy":"product_cat","embeddable":true,"href":"https:\/\/minghanggroup.com\/pt\/wp-json\/wp\/v2\/product_cat?post=5330"},{"taxonomy":"product_tag","embeddable":true,"href":"https:\/\/minghanggroup.com\/pt\/wp-json\/wp\/v2\/product_tag?post=5330"}],"curies":[{"name":"wp","href":"https:\/\/api.w.org\/{rel}","templated":true}]}}