{"id":5329,"date":"2026-01-27T14:38:24","date_gmt":"2026-01-27T06:38:24","guid":{"rendered":"https:\/\/minghanggroup.com\/?post_type=product&#038;p=5329"},"modified":"2026-03-02T15:01:40","modified_gmt":"2026-03-02T07:01:40","slug":"320ml-950ml-classic-clear-glass-candle-jars-with-lids-wholesale","status":"publish","type":"product","link":"https:\/\/minghanggroup.com\/pt\/produto\/320ml-950ml-classic-clear-glass-candle-jars-with-lids-wholesale\/","title":{"rendered":"Potes de vidro transparente cl\u00e1ssico para velas, com tampas, de 320 ml a 950 ml (venda por atacado)."},"content":{"rendered":"<p>Voc\u00ea precisa de potes para velas com tampas que protejam seu produto e impressionem seus clientes. \u00c9 por isso que fabricamos potes para velas com tampas em vidro cristalino, projetados para seguran\u00e7a, estilo e grande apelo visual. Como seu fabricante direto de embalagens de vidro, transformamos recipientes simples em luxuosos potes para velas que seus clientes guardar\u00e3o por muito tempo ap\u00f3s a chama se apagar.<\/p>\n<h2>Caracter\u00edsticas do produto<\/h2>\n<ul>\n<li><strong>Tampa, Precis\u00e3o Pronta:<\/strong> Voc\u00ea pode facilmente combinar qualquer tamanho com tampas de madeira ou metal para manter os produtos frescos, evitar a entrada de poeira e deixar os presentes com uma apar\u00eancia melhor.<\/li>\n<li><strong>Clareza cristalina:<\/strong> Observe o \u00f3leo essencial perfumado espiralar atrav\u00e9s do vidro de primeira qualidade. Sem emba\u00e7amento. Apenas puro deleite visual.<\/li>\n<li><strong>Espectro de Tamanhos:<\/strong> De aconchegantes frascos de 320ml a atraentes frascos de 690ml, todos contam uma hist\u00f3ria olfativa. Seus frascos de velas no atacado t\u00eam tudo.<\/li>\n<\/ul>\n<h2>Especifica\u00e7\u00f5es principais<\/h2>\n<table style=\"border-collapse: collapse; width: 80%; margin-left: auto; margin-right: auto;\" border=\"0\" width=\"288\" cellspacing=\"0\" cellpadding=\"0\">\n<tbody>\n<tr style=\"height: 13.50pt;\">\n<td style=\"height: 13.5pt; width: 54pt; text-align: center;\" width=\"72\" height=\"18\">Capacidade (ml)<\/td>\n<td style=\"width: 54pt; text-align: center;\" width=\"72\">Dimens\u00f5es (mm)<\/td>\n<td style=\"width: 54pt; text-align: center;\" width=\"72\">Material<\/td>\n<td style=\"width: 54pt; text-align: center;\" width=\"72\">Op\u00e7\u00f5es de cores<\/td>\n<\/tr>\n<tr style=\"height: 13.50pt;\">\n<td style=\"height: 13.5pt; text-align: center;\" align=\"right\" height=\"18\">320<\/td>\n<td style=\"text-align: center;\">80 \u00d7 75 \u00d7 100<\/td>\n<td class=\"et2\" style=\"text-align: center;\" rowspan=\"5\">Vidro de cristal<\/td>\n<td class=\"et2\" style=\"text-align: center;\" rowspan=\"5\">Limpar\/personalizar<\/td>\n<\/tr>\n<tr style=\"height: 13.50pt;\">\n<td style=\"height: 13.5pt; text-align: center;\" align=\"right\" height=\"18\">410<\/td>\n<td style=\"text-align: center;\">88 \u00d7 83 \u00d7 100<\/td>\n<\/tr>\n<tr style=\"height: 13.50pt;\">\n<td style=\"height: 13.5pt; text-align: center;\" align=\"right\" height=\"18\">430<\/td>\n<td style=\"text-align: center;\">90 \u00d7 85 \u00d7 102<\/td>\n<\/tr>\n<tr style=\"height: 13.50pt;\">\n<td style=\"height: 13.5pt; text-align: center;\" align=\"right\" height=\"18\">550<\/td>\n<td style=\"text-align: center;\">100 \u00d7 94 \u00d7 101<\/td>\n<\/tr>\n<tr style=\"height: 13.50pt;\">\n<td style=\"height: 13.5pt; text-align: center;\" align=\"right\" height=\"18\">690<\/td>\n<td style=\"text-align: center;\">100 \u00d7 92 \u00d7 125<\/td>\n<\/tr>\n<\/tbody>\n<\/table>\n<h2>Caso de sucesso<\/h2>\n<p>Uma marca boutique de fragr\u00e2ncias para casa, especializada em velas arom\u00e1ticas artesanais, optou por nossos potes de vidro transparente para o lan\u00e7amento de sua nova cole\u00e7\u00e3o. Os potes receberam um acabamento fosco suave, estampas geom\u00e9tricas e um logotipo da marca elegantemente gravado em relevo pr\u00f3ximo \u00e0 base. Essa combina\u00e7\u00e3o permitiu que mais luz da chama da vela escapasse, conferindo ao produto um aspecto mais luxuoso aos olhos dos clientes.<\/p>\n<p>Consequentemente, o n\u00famero de clientes que interagiram com o produto na loja aumentou drasticamente, e os pedidos de reposi\u00e7\u00e3o do distribuidor subiram 35%. A empresa gostou muito deste elegante frasco de vela para diversas linhas de fragr\u00e2ncias e continuou a encomend\u00e1-los para as pr\u00f3ximas cole\u00e7\u00f5es sazonais.<\/p>\n<h2>Dicas de personaliza\u00e7\u00e3o<\/h2>\n<ol>\n<li><strong>Logotipo em relevo em camadas:<\/strong> Um logotipo ou marca em relevo \u00e9 colocado na metade inferior da garrafa, criando um contraste com a metade superior de vidro transparente, o que n\u00e3o s\u00f3 aumenta o apelo t\u00e1til, como tamb\u00e9m o reconhecimento de produto premium.<\/li>\n<li><strong>Detalhe fosco atmosf\u00e9rico:<\/strong> Uma cobertura limitada ou com efeito degrad\u00ea \u00e9 aplicada apenas na parte central ou inferior da vela, o que ajuda a criar efeitos de ilumina\u00e7\u00e3o mais suaves e aconchegantes quando acesa.<\/li>\n<li><strong>Seda narrativa, arte em serigrafia:<\/strong> Algumas linhas de s\u00edmbolos de fragr\u00e2ncias ou frases curtas que contam a hist\u00f3ria da marca s\u00e3o feitas por meio de serigrafia para decorar o frasco e refor\u00e7ar a narrativa da marca.<\/li>\n<\/ol>","protected":false},"excerpt":{"rendered":"<p>Potes de vela de alta transpar\u00eancia com tampas, projetados para marcas e compradores em grande quantidade. Fornecimento direto da f\u00e1brica, potes de vela com tampas no atacado, com suporte para personaliza\u00e7\u00e3o em grande escala.<\/p>","protected":false},"featured_media":5338,"template":"","meta":{"postBodyCss":"","postBodyMargin":[],"postBodyPadding":[],"postBodyBackground":{"backgroundType":"classic","gradient":""}},"product_brand":[],"product_cat":[15,82,17],"product_tag":[96],"class_list":{"0":"post-5329","1":"product","2":"type-product","3":"status-publish","4":"has-post-thumbnail","6":"product_cat-glass-containers","7":"product_cat-candle-jars","8":"product_cat-glass-jars","9":"product_tag-whiskey-tumblers","11":"first","12":"instock","13":"shipping-taxable","14":"product-type-simple"},"jetpack_sharing_enabled":true,"_links":{"self":[{"href":"https:\/\/minghanggroup.com\/pt\/wp-json\/wp\/v2\/product\/5329","targetHints":{"allow":["GET"]}}],"collection":[{"href":"https:\/\/minghanggroup.com\/pt\/wp-json\/wp\/v2\/product"}],"about":[{"href":"https:\/\/minghanggroup.com\/pt\/wp-json\/wp\/v2\/types\/product"}],"wp:featuredmedia":[{"embeddable":true,"href":"https:\/\/minghanggroup.com\/pt\/wp-json\/wp\/v2\/media\/5338"}],"wp:attachment":[{"href":"https:\/\/minghanggroup.com\/pt\/wp-json\/wp\/v2\/media?parent=5329"}],"wp:term":[{"taxonomy":"product_brand","embeddable":true,"href":"https:\/\/minghanggroup.com\/pt\/wp-json\/wp\/v2\/product_brand?post=5329"},{"taxonomy":"product_cat","embeddable":true,"href":"https:\/\/minghanggroup.com\/pt\/wp-json\/wp\/v2\/product_cat?post=5329"},{"taxonomy":"product_tag","embeddable":true,"href":"https:\/\/minghanggroup.com\/pt\/wp-json\/wp\/v2\/product_tag?post=5329"}],"curies":[{"name":"wp","href":"https:\/\/api.w.org\/{rel}","templated":true}]}}