{"id":5324,"date":"2026-01-27T11:06:52","date_gmt":"2026-01-27T03:06:52","guid":{"rendered":"https:\/\/minghanggroup.com\/?post_type=product&#038;p=5324"},"modified":"2026-01-27T13:12:05","modified_gmt":"2026-01-27T05:12:05","slug":"round-thick-glass-empty-candle-holder-jars-wholesale","status":"publish","type":"product","link":"https:\/\/minghanggroup.com\/pt\/produto\/round-thick-glass-empty-candle-holder-jars-wholesale\/","title":{"rendered":"Potes de vidro grosso e redondo vazios para velas, atacado."},"content":{"rendered":"<p>Esses casti\u00e7ais em forma de pote t\u00eam um design limpo e elegante, com formato redondo e abertura larga e plana. A diferen\u00e7a entre as camadas externa e interna, que formam respectivamente a camada externa e a interna, \u00e9 a dupla camada que cria uma imagem tridimensional, de forma simples e ao mesmo tempo sofisticada.<\/p>\n<h2>Caracter\u00edsticas do produto<\/h2>\n<ul>\n<li><strong>Forma hemisf\u00e9rica pura:<\/strong> O formato arredondado e suave \u00e9 cl\u00e1ssico e consagrado pelo tempo, e toda a aten\u00e7\u00e3o \u00e9 voltada para a pr\u00f3pria vela.<\/li>\n<li><strong>Abertura ampla e plana:<\/strong> A ampla abertura permite que a cera seja despejada formando uma quantidade maior, garantindo que a vela queime de maneira limpa e uniforme.<\/li>\n<li><strong>Base est\u00e1vel com centro de gravidade baixo:<\/strong> Essa base \u00e9 larga e plana, o que a torna altamente est\u00e1vel e diminui o centro de gravidade da vela.<\/li>\n<\/ul>\n<h2 style=\"text-align: left;\">Especifica\u00e7\u00f5es principais<\/h2>\n<table class=\"aligncenter\" style=\"border-collapse: collapse; width: 435.77pt;\" border=\"0\" width=\"581\" cellspacing=\"0\" cellpadding=\"0\">\n<tbody>\n<tr style=\"height: 13.50pt;\">\n<td style=\"height: 13.50pt; width: 138.00pt;\" width=\"184\" height=\"18\">Especifica\u00e7\u00e3o<\/td>\n<td style=\"width: 297.75pt;\" width=\"397\">Detalhes<\/td>\n<\/tr>\n<tr style=\"height: 13.50pt;\">\n<td style=\"height: 13.50pt;\" height=\"18\">Dimens\u00f5es<\/td>\n<td>68\u00d725mm<\/td>\n<\/tr>\n<tr style=\"height: 13.50pt;\">\n<td style=\"height: 13.50pt;\" height=\"18\">Material<\/td>\n<td>Vidro transparente<\/td>\n<\/tr>\n<tr style=\"height: 13.50pt;\">\n<td style=\"height: 13.50pt;\" height=\"18\">Formato de prato<\/td>\n<td>Hemisf\u00e9rio raso\/Prato com borda plana<\/td>\n<\/tr>\n<tr style=\"height: 13.50pt;\">\n<td style=\"height: 13.50pt;\" height=\"18\">Escopo de personaliza\u00e7\u00e3o<\/td>\n<td>Forma, Cor, Tamanho, Acabamento<\/td>\n<\/tr>\n<tr style=\"height: 13.50pt;\">\n<td style=\"height: 13.50pt;\" height=\"18\">Recurso de Artesanato<\/td>\n<td>Sopro\/Moldagem de Vidro de Precis\u00e3o<\/td>\n<\/tr>\n<tr style=\"height: 13.50pt;\">\n<td style=\"height: 13.50pt;\" height=\"18\">Finalidade do produto<\/td>\n<td>Recipientes para velas, casti\u00e7ais minimalistas<\/td>\n<\/tr>\n<tr style=\"height: 13.50pt;\">\n<td style=\"height: 13.50pt;\" height=\"18\">Ind\u00fastrias adequadas<\/td>\n<td>Marcas modernas de velas, lojas de decora\u00e7\u00e3o para casa<\/td>\n<\/tr>\n<\/tbody>\n<\/table>\n<h2>Caso de Sucesso: Um Produto Campe\u00e3o de Vendas de uma Marca Japonesa de Estilo de Vida<\/h2>\n<p>Nossos potes para velas foram encomendados por uma marca japonesa de estilo de vida minimalista, e um material de vidro especial, ultratransparente e com baixo teor de ferro, foi utilizado para garantir m\u00e1xima transpar\u00eancia. O design minimalista do pote tornou-se uma assinatura da marca, o que contribuiu para um crescimento de 200% nas vendas online. A qualidade do material de vidro garantiu uma taxa de entrega perfeita. A marca obteve um enorme sucesso e, posteriormente, recebeu um novo pedido de 500.000 potes para serem utilizados na expans\u00e3o global.<\/p>\n<h2>Recipientes para personaliza\u00e7\u00e3o de velas<\/h2>\n<ul>\n<li>Relevo: Design. Adicione um pequeno emblema em relevo ou uma imagem simples \u00e0 base do recipiente.<\/li>\n<li>Serigrafia: Imprima um logotipo simples ou um texto na lateral da embalagem de forma discreta.<\/li>\n<li>Perfil personalizado do aro: Selecione um aro inclinado ou um aro arredondado.<\/li>\n<li>Detalhes em Vitral: Utilize a arte do trabalho em vidro para criar um delicado anel de vitral na borda ou na base do recipiente.<\/li>\n<\/ul>","protected":false},"excerpt":{"rendered":"<p>Elegantes potes para velas com design arredondado e suave, ideais para interiores modernos e projetos &#034;fa\u00e7a voc\u00ea mesmo&#034;. Recipientes de alta qualidade para velas, com op\u00e7\u00e3o de fabrica\u00e7\u00e3o OEM.<\/p>","protected":false},"featured_media":5325,"template":"","meta":{"postBodyCss":"","postBodyMargin":[],"postBodyPadding":[],"postBodyBackground":{"backgroundType":"classic","gradient":""}},"product_brand":[],"product_cat":[15,82,17],"product_tag":[],"class_list":{"0":"post-5324","1":"product","2":"type-product","3":"status-publish","4":"has-post-thumbnail","6":"product_cat-glass-containers","7":"product_cat-candle-jars","8":"product_cat-glass-jars","10":"first","11":"instock","12":"shipping-taxable","13":"product-type-simple"},"jetpack_sharing_enabled":true,"_links":{"self":[{"href":"https:\/\/minghanggroup.com\/pt\/wp-json\/wp\/v2\/product\/5324","targetHints":{"allow":["GET"]}}],"collection":[{"href":"https:\/\/minghanggroup.com\/pt\/wp-json\/wp\/v2\/product"}],"about":[{"href":"https:\/\/minghanggroup.com\/pt\/wp-json\/wp\/v2\/types\/product"}],"wp:featuredmedia":[{"embeddable":true,"href":"https:\/\/minghanggroup.com\/pt\/wp-json\/wp\/v2\/media\/5325"}],"wp:attachment":[{"href":"https:\/\/minghanggroup.com\/pt\/wp-json\/wp\/v2\/media?parent=5324"}],"wp:term":[{"taxonomy":"product_brand","embeddable":true,"href":"https:\/\/minghanggroup.com\/pt\/wp-json\/wp\/v2\/product_brand?post=5324"},{"taxonomy":"product_cat","embeddable":true,"href":"https:\/\/minghanggroup.com\/pt\/wp-json\/wp\/v2\/product_cat?post=5324"},{"taxonomy":"product_tag","embeddable":true,"href":"https:\/\/minghanggroup.com\/pt\/wp-json\/wp\/v2\/product_tag?post=5324"}],"curies":[{"name":"wp","href":"https:\/\/api.w.org\/{rel}","templated":true}]}}