{"id":5314,"date":"2026-01-27T10:55:52","date_gmt":"2026-01-27T02:55:52","guid":{"rendered":"https:\/\/minghanggroup.com\/?post_type=product&#038;p=5314"},"modified":"2026-01-27T16:41:44","modified_gmt":"2026-01-27T08:41:44","slug":"crystal-candle-jars-for-brands-wholesale","status":"publish","type":"product","link":"https:\/\/minghanggroup.com\/pt\/produto\/crystal-candle-jars-for-brands-wholesale\/","title":{"rendered":"Potes de cristal para velas de 105ml, 140ml e 1100ml para marcas (venda por atacado)"},"content":{"rendered":"<p>Voc\u00ea precisa de potes de cristal para velas que se vendam antes mesmo do pavio acender. \u00c9 por isso que fabricamos recipientes para velas no atacado com linhas elegantes e funcionalidade inteligente \u2014 para que sua linha de velas arom\u00e1ticas brilhe em qualquer loja. Como seu fabricante de confian\u00e7a de embalagens de vidro, transformamos o vidro simples em recipientes de luxo para velas que os clientes guardam por muito tempo depois que a chama se apaga.<\/p>\n<h2>Caracter\u00edsticas do produto<\/h2>\n<ul>\n<li><strong>Silhueta atemporal:<\/strong> A boca larga facilita o despejo, enquanto a base estreita garante estabilidade e firmeza. Seu recipiente para velas n\u00e3o s\u00f3 funciona, como tamb\u00e9m impressiona.<\/li>\n<li><strong>Clareza cristalina:<\/strong> \u00c9 poss\u00edvel ver cada gota de \u00f3leos essenciais perfumados atrav\u00e9s de um vidro de alta qualidade. Sem filtros, sem distor\u00e7\u00e3o, pura magia visual.<\/li>\n<li><strong>Feito para durar:<\/strong> Base refor\u00e7ada, sem risco de tombar durante longas queimas. Seguran\u00e7a e eleg\u00e2ncia se unem em cada recipiente para vela.<\/li>\n<\/ul>\n<h2>Especifica\u00e7\u00f5es principais<\/h2>\n<table style=\"border-collapse: collapse; width: 80%; margin-left: auto; margin-right: auto;\" border=\"0\" width=\"288\" cellspacing=\"0\" cellpadding=\"0\">\n<tbody>\n<tr style=\"height: 13.50pt;\">\n<td style=\"height: 13.5pt; width: 54pt; text-align: center;\" width=\"72\" height=\"18\">Capacidade (ml)<\/td>\n<td style=\"width: 54pt; text-align: center;\" width=\"72\">Dimens\u00f5es (mm)<\/td>\n<td style=\"width: 54pt; text-align: center;\" width=\"72\">Material<\/td>\n<td style=\"width: 54pt; text-align: center;\" width=\"72\">Op\u00e7\u00f5es de cores<\/td>\n<\/tr>\n<tr style=\"height: 13.50pt;\">\n<td style=\"height: 13.5pt; text-align: center;\" align=\"right\" height=\"18\">105<\/td>\n<td style=\"text-align: center;\">65 \u00d7 45 \u00d7 65<\/td>\n<td class=\"et2\" style=\"text-align: center;\" rowspan=\"3\">Vidro de cristal<\/td>\n<td class=\"et2\" style=\"text-align: center;\" rowspan=\"3\">Limpar\/personalizar<\/td>\n<\/tr>\n<tr style=\"height: 13.50pt;\">\n<td style=\"height: 13.5pt; text-align: center;\" align=\"right\" height=\"18\">140<\/td>\n<td style=\"text-align: center;\">75 \u00d7 56 \u00d7 76<\/td>\n<\/tr>\n<tr style=\"height: 13.50pt;\">\n<td style=\"height: 13.5pt; text-align: center;\" align=\"right\" height=\"18\">1100<\/td>\n<td style=\"text-align: center;\">135 \u00d7 105 \u00d7 125<\/td>\n<\/tr>\n<\/tbody>\n<\/table>\n<h2>Caso de sucesso<\/h2>\n<p>Uma marca n\u00f3rdica de velas de aromaterapia decidiu que nossos potes de cristal seriam a embalagem principal para sua linha de luxo. Considerando o posicionamento da marca, diversas personaliza\u00e7\u00f5es foram feitas: os potes receberam padr\u00f5es florais e bot\u00e2nicos originais em relevo, um logotipo da marca em serigrafia branca fosca e um c\u00f3digo de lote invis\u00edvel na parte inferior para facilitar o gerenciamento dos canais de distribui\u00e7\u00e3o.<\/p>\n<p>As vendas desta linha de velas aumentaram cerca de 42% em rela\u00e7\u00e3o ao ano anterior, nos tr\u00eas meses seguintes ao lan\u00e7amento. Considerando o feedback positivo do mercado, o cliente fez mais dois pedidos de reposi\u00e7\u00e3o no segundo trimestre e tamb\u00e9m utilizou esta embalagem em sua linha padr\u00e3o de recipientes para velas no atacado, para uso a longo prazo.<\/p>\n<h2>Dicas de personaliza\u00e7\u00e3o<\/h2>\n<ol>\n<li><strong>Corte de cristais e personaliza\u00e7\u00e3o de tratamentos de superf\u00edcie:<\/strong> Decore a superf\u00edcie do vidro com linhas retas, cortes de cristal, diamantes ou qualquer padr\u00e3o geom\u00e9trico personalizado, etc., que seja capaz de criar efeitos \u00fanicos de refra\u00e7\u00e3o da luz quando aceso.<\/li>\n<li><strong>Qualidade na Cria\u00e7\u00e3o do Logotipo da Marca:<\/strong> Nossos servi\u00e7os incluem serigrafia, estampagem a quente, grava\u00e7\u00e3o a laser e logotipos em relevo. Esses servi\u00e7os podem ser aplicados tanto na parte externa do casti\u00e7al quanto, no caso de um logotipo discreto, na base. Dessa forma, atendemos facilmente \u00e0s diferentes necessidades dos canais de varejo e de embalagens para presentes.<\/li>\n<li><strong>Solu\u00e7\u00f5es de Correspond\u00eancia Ampliadas:<\/strong> Oferece a possibilidade de combinar tampas de vidro personalizadas com tampas de metal ou madeira, al\u00e9m de permitir tamanhos de embalagem &#034;padr\u00e3o&#034; para facilitar a venda de conjuntos completos de velas perfumadas de alta qualidade.<\/li>\n<\/ol>","protected":false},"excerpt":{"rendered":"<p>Frascos de cristal para velas, projetados para linhas de velas modernas. Como fornecedores confi\u00e1veis \u200b\u200bde embalagens para velas no atacado, oferecemos personaliza\u00e7\u00e3o em grande escala para ajudar as marcas a lan\u00e7arem seus produtos com efici\u00eancia.<\/p>","protected":false},"featured_media":5319,"template":"","meta":{"postBodyCss":"","postBodyMargin":[],"postBodyPadding":[],"postBodyBackground":{"backgroundType":"classic","gradient":""}},"product_brand":[],"product_cat":[15,82,17],"product_tag":[],"class_list":{"0":"post-5314","1":"product","2":"type-product","3":"status-publish","4":"has-post-thumbnail","6":"product_cat-glass-containers","7":"product_cat-candle-jars","8":"product_cat-glass-jars","10":"first","11":"instock","12":"shipping-taxable","13":"product-type-simple"},"jetpack_sharing_enabled":true,"_links":{"self":[{"href":"https:\/\/minghanggroup.com\/pt\/wp-json\/wp\/v2\/product\/5314","targetHints":{"allow":["GET"]}}],"collection":[{"href":"https:\/\/minghanggroup.com\/pt\/wp-json\/wp\/v2\/product"}],"about":[{"href":"https:\/\/minghanggroup.com\/pt\/wp-json\/wp\/v2\/types\/product"}],"wp:featuredmedia":[{"embeddable":true,"href":"https:\/\/minghanggroup.com\/pt\/wp-json\/wp\/v2\/media\/5319"}],"wp:attachment":[{"href":"https:\/\/minghanggroup.com\/pt\/wp-json\/wp\/v2\/media?parent=5314"}],"wp:term":[{"taxonomy":"product_brand","embeddable":true,"href":"https:\/\/minghanggroup.com\/pt\/wp-json\/wp\/v2\/product_brand?post=5314"},{"taxonomy":"product_cat","embeddable":true,"href":"https:\/\/minghanggroup.com\/pt\/wp-json\/wp\/v2\/product_cat?post=5314"},{"taxonomy":"product_tag","embeddable":true,"href":"https:\/\/minghanggroup.com\/pt\/wp-json\/wp\/v2\/product_tag?post=5314"}],"curies":[{"name":"wp","href":"https:\/\/api.w.org\/{rel}","templated":true}]}}