{"id":5309,"date":"2026-01-27T10:14:13","date_gmt":"2026-01-27T02:14:13","guid":{"rendered":"https:\/\/minghanggroup.com\/?post_type=product&#038;p=5309"},"modified":"2026-01-27T10:14:15","modified_gmt":"2026-01-27T02:14:15","slug":"scented-candle-jars-wholesale-candle-jar-manufacturers","status":"publish","type":"product","link":"https:\/\/minghanggroup.com\/pt\/produto\/scented-candle-jars-wholesale-candle-jar-manufacturers\/","title":{"rendered":"Potes de vidro para velas arom\u00e1ticas com listras verticais - Atacado"},"content":{"rendered":"<p>Os potes de velas arom\u00e1ticas n\u00e3o devem servir apenas para armazenar cera \u2014 eles devem revolucionar a experi\u00eancia da fragr\u00e2ncia. Como fabricantes l\u00edderes de potes para velas, criamos recipientes de cristal de dupla fun\u00e7\u00e3o que transformam sua linha de velas no atacado em um ritual di\u00e1rio para seus clientes.<\/p>\n<h2>Caracter\u00edsticas do produto<\/h2>\n<ul>\n<li><strong>Design revers\u00edvel:<\/strong> Basicamente, um casti\u00e7al pode ser usado de duas maneiras diferentes: pode acomodar uma vela grande de um lado e uma vela fina do outro.<\/li>\n<li><strong>Efeito de luz com nervuras verticais:<\/strong> As nervuras funcionam como um prisma para capturar a luz, iluminando assim seu belo casti\u00e7al com um brilho suave e bruxuleante.<\/li>\n<li><strong>Cristalino:<\/strong> \u00c9 o vidro de alta qualidade que permite visualizar as gotas de \u00f3leo essencial com muita nitidez, sem qualquer distor\u00e7\u00e3o.<\/li>\n<\/ul>\n<h2>Especifica\u00e7\u00f5es principais<\/h2>\n<table style=\"border-collapse: collapse; width: 80%; margin-left: auto; margin-right: auto;\" border=\"0\" width=\"144\" cellspacing=\"0\" cellpadding=\"0\">\n<tbody>\n<tr style=\"height: 13.50pt;\">\n<td style=\"height: 13.5pt; width: 54pt; text-align: center;\" width=\"72\" height=\"18\">Recurso<\/td>\n<td style=\"width: 54pt; text-align: center;\" width=\"72\">Especifica\u00e7\u00e3o<\/td>\n<\/tr>\n<tr style=\"height: 13.50pt;\">\n<td style=\"height: 13.5pt; text-align: center;\" height=\"18\">Tamanho<\/td>\n<td style=\"text-align: center;\">45\u00d734\u00d770 mm<\/td>\n<\/tr>\n<tr style=\"height: 13.50pt;\">\n<td style=\"height: 13.5pt; text-align: center;\" height=\"18\">Padr\u00e3o<\/td>\n<td style=\"text-align: center;\">Costelas verticais<\/td>\n<\/tr>\n<tr style=\"height: 13.50pt;\">\n<td style=\"height: 13.5pt; text-align: center;\" height=\"18\">Forma<\/td>\n<td style=\"text-align: center;\">Dupla fun\u00e7\u00e3o \/ Fino<\/td>\n<\/tr>\n<tr style=\"height: 13.50pt;\">\n<td style=\"height: 13.5pt; text-align: center;\" height=\"18\">Material<\/td>\n<td style=\"text-align: center;\">Vidro de cristal<\/td>\n<\/tr>\n<tr style=\"height: 13.50pt;\">\n<td style=\"height: 13.5pt; text-align: center;\" height=\"18\">Cor<\/td>\n<td style=\"text-align: center;\">Claro ou personalizado<\/td>\n<\/tr>\n<\/tbody>\n<\/table>\n<h2>Caso de sucesso<\/h2>\n<p>Uma marca de fragr\u00e2ncias para casa que combina minimalismo e luxo decidiu usar nossos potes de vidro para velas no lan\u00e7amento de seu novo produto e os personalizou: escolheram um acabamento fosco, gravaram o delicado logotipo da marca na base do pote e imprimiram uma estampa que combina com a hist\u00f3ria da fragr\u00e2ncia.<\/p>\n<p>Ap\u00f3s a transi\u00e7\u00e3o para esta embalagem de vidro personalizada, o valor percebido da marca recebeu um grande impulso, o que resultou em maiores taxas de recompra por parte dos parceiros de varejo e um aumento de 35% nas vendas totais nos dois trimestres seguintes. Desde ent\u00e3o, eles t\u00eam feito pedidos regulares de grande volume para diversas linhas de produtos subsequentes.<\/p>\n<h2>Dicas de personaliza\u00e7\u00e3o<\/h2>\n<ol>\n<li><strong>Logotipo em relevo ou baixo-relevo:<\/strong> Coloque um logotipo em relevo ou rebaixado na superf\u00edcie do vidro para aumentar a visibilidade da marca e proporcionar uma experi\u00eancia t\u00e1til luxuosa sem a necessidade de etiquetas.<\/li>\n<li><strong>Tonalidades de vidro personalizadas:<\/strong> Ofere\u00e7a op\u00e7\u00f5es de cores muito claras, como cinza-fuma\u00e7a, \u00e2mbar ou verde suave, que podem corresponder a diferentes linhas de perfumes ou cole\u00e7\u00f5es sazonais.<\/li>\n<li><strong>Seda, padr\u00f5es estampados em serigrafia:<\/strong> Aplique gr\u00e1ficos simples, padr\u00f5es ou hist\u00f3rias da marca diretamente no vidro para um efeito decorativo elegante e duradouro.<\/li>\n<\/ol>","protected":false},"excerpt":{"rendered":"<p>Potes para velas arom\u00e1ticas com design em camadas de vidro e base est\u00e1vel. Direto da f\u00e1brica, amostras gr\u00e1tis e personaliza\u00e7\u00e3o em grandes quantidades dispon\u00edvel.<\/p>","protected":false},"featured_media":5313,"template":"","meta":{"postBodyCss":"","postBodyMargin":[],"postBodyPadding":[],"postBodyBackground":{"backgroundType":"classic","gradient":""}},"product_brand":[],"product_cat":[15,82,17],"product_tag":[],"class_list":{"0":"post-5309","1":"product","2":"type-product","3":"status-publish","4":"has-post-thumbnail","6":"product_cat-glass-containers","7":"product_cat-candle-jars","8":"product_cat-glass-jars","10":"first","11":"instock","12":"shipping-taxable","13":"product-type-simple"},"jetpack_sharing_enabled":true,"_links":{"self":[{"href":"https:\/\/minghanggroup.com\/pt\/wp-json\/wp\/v2\/product\/5309","targetHints":{"allow":["GET"]}}],"collection":[{"href":"https:\/\/minghanggroup.com\/pt\/wp-json\/wp\/v2\/product"}],"about":[{"href":"https:\/\/minghanggroup.com\/pt\/wp-json\/wp\/v2\/types\/product"}],"wp:featuredmedia":[{"embeddable":true,"href":"https:\/\/minghanggroup.com\/pt\/wp-json\/wp\/v2\/media\/5313"}],"wp:attachment":[{"href":"https:\/\/minghanggroup.com\/pt\/wp-json\/wp\/v2\/media?parent=5309"}],"wp:term":[{"taxonomy":"product_brand","embeddable":true,"href":"https:\/\/minghanggroup.com\/pt\/wp-json\/wp\/v2\/product_brand?post=5309"},{"taxonomy":"product_cat","embeddable":true,"href":"https:\/\/minghanggroup.com\/pt\/wp-json\/wp\/v2\/product_cat?post=5309"},{"taxonomy":"product_tag","embeddable":true,"href":"https:\/\/minghanggroup.com\/pt\/wp-json\/wp\/v2\/product_tag?post=5309"}],"curies":[{"name":"wp","href":"https:\/\/api.w.org\/{rel}","templated":true}]}}