{"id":5308,"date":"2026-01-27T08:46:51","date_gmt":"2026-01-27T00:46:51","guid":{"rendered":"https:\/\/minghanggroup.com\/?post_type=product&#038;p=5308"},"modified":"2026-01-27T11:06:36","modified_gmt":"2026-01-27T03:06:36","slug":"bowl-shaped-empty-reusable-candle-jars-wholesale","status":"publish","type":"product","link":"https:\/\/minghanggroup.com\/pt\/produto\/bowl-shaped-empty-reusable-candle-jars-wholesale\/","title":{"rendered":"Potes de vela reutiliz\u00e1veis \u200b\u200bvazios em formato de tigela para venda por atacado"},"content":{"rendered":"<p>Estes s\u00e3o potes reutiliz\u00e1veis \u200b\u200bpara velas, com formato de tigela, bordas alargadas e boca larga, ideais para velas de ch\u00e1 ou velas pequenas.<\/p>\n<h2>Caracter\u00edsticas do produto<\/h2>\n<ul>\n<li><strong>Alta transpar\u00eancia, material sedoso:<\/strong> O vidro transparente exibe perfeitamente a chama da vela e outros materiais decorativos.<\/li>\n<li><strong>Design com boca larga e corpo raso:<\/strong> Este modelo \u00e9 f\u00e1cil de usar, pois a boca larga e o formato raso do corpo acomodam velas de ch\u00e1 ou pequenas velas perfumadas, sendo muito f\u00e1cil de limpar e trocar a vela.<\/li>\n<li><strong>Design do disco voador:<\/strong> O design simples do pires facilita a limpeza e o recipiente pode ser reutilizado ap\u00f3s a queima da vela.<\/li>\n<\/ul>\n<h2 style=\"text-align: left;\">Especifica\u00e7\u00f5es principais<\/h2>\n<table class=\"aligncenter\" style=\"border-collapse: collapse; width: 370.52pt;\" border=\"0\" width=\"494\" cellspacing=\"0\" cellpadding=\"0\">\n<tbody>\n<tr style=\"height: 13.50pt;\">\n<td style=\"height: 13.50pt; width: 128.25pt;\" width=\"171\" height=\"18\">Especifica\u00e7\u00e3o<\/td>\n<td style=\"width: 242.25pt;\" width=\"323\">Detalhes<\/td>\n<\/tr>\n<tr style=\"height: 13.50pt;\">\n<td style=\"height: 13.50pt;\" height=\"18\">Dimens\u00f5es<\/td>\n<td>78\u00d728mm<\/td>\n<\/tr>\n<tr style=\"height: 13.50pt;\">\n<td style=\"height: 13.50pt;\" height=\"18\">Material<\/td>\n<td>Vidro transparente<\/td>\n<\/tr>\n<tr style=\"height: 13.50pt;\">\n<td style=\"height: 13.50pt;\" height=\"18\">Formato de jarra\/prato<\/td>\n<td>Prato\/Tigela rasa<\/td>\n<\/tr>\n<tr style=\"height: 13.50pt;\">\n<td style=\"height: 13.50pt;\" height=\"18\">Escopo de personaliza\u00e7\u00e3o<\/td>\n<td>Cor, Forma, Peixe, Textura Base<\/td>\n<\/tr>\n<tr style=\"height: 13.50pt;\">\n<td style=\"height: 13.50pt;\" height=\"18\">Recurso de Artesanato<\/td>\n<td>Moldagem de vidro prensado de precis\u00e3o<\/td>\n<\/tr>\n<tr style=\"height: 13.50pt;\">\n<td style=\"height: 13.50pt;\" height=\"18\">Finalidade do produto<\/td>\n<td>Potes para velas, Potes para velas vazios por atacado<\/td>\n<\/tr>\n<tr style=\"height: 13.50pt;\">\n<td style=\"height: 13.50pt;\" height=\"18\">Ind\u00fastrias adequadas<\/td>\n<td>Fabricantes de velas, marcas de decora\u00e7\u00e3o para casa<\/td>\n<\/tr>\n<\/tbody>\n<\/table>\n<h2>Caso de sucesso: uma varejista n\u00f3rdica de artigos para o lar<\/h2>\n<p>Uma das lojas de artigos para o lar dos pa\u00edses n\u00f3rdicos encomendou nossos potes de vela reutiliz\u00e1veis \u200b\u200be os pintou em um tom cinza claro. Esse design de borda natural combinou perfeitamente com a est\u00e9tica natural da marca, mencionada em 60% das avalia\u00e7\u00f5es dos clientes. Os potes de vela esgotaram em 48 horas ap\u00f3s o lan\u00e7amento e se tornaram um sucesso de vendas. A loja ficou t\u00e3o satisfeita com o produto que encomendou mais 300.000 unidades para incorporar \u00e0 cole\u00e7\u00e3o da pr\u00f3xima temporada.<\/p>\n<h2>Personaliza\u00e7\u00e3o de potes de vela vazios no atacado<\/h2>\n<ul>\n<li>Base em relevo: Trata-se de uma pequena imagem ou logotipo em relevo, colocado no centro da parte interna do prato.<\/li>\n<li>Serigrafia: Imprima um desenho simples, um logotipo ou um texto na camada inferior plana.<\/li>\n<li>Superf\u00edcie texturizada: A superf\u00edcie interna apresenta pequenas texturas pontilhadas ou lineares.<\/li>\n<li>Base personalizada: Adicione uma pequena base de vidro transparente ligeiramente elevada na parte inferior.<\/li>\n<\/ul>","protected":false},"excerpt":{"rendered":"<p>Potes de vela transparentes e vazios, em formato de tigela rasa com borda ondulada, perfeitos para velas pequenas e decora\u00e7\u00e3o. Potes de vela reutiliz\u00e1veis \u200b\u200bde alta qualidade com entrega r\u00e1pida.<\/p>","protected":false},"featured_media":5320,"template":"","meta":{"postBodyCss":"","postBodyMargin":[],"postBodyPadding":[],"postBodyBackground":{"backgroundType":"classic","gradient":""}},"product_brand":[],"product_cat":[15,82,17],"product_tag":[],"class_list":{"0":"post-5308","1":"product","2":"type-product","3":"status-publish","4":"has-post-thumbnail","6":"product_cat-glass-containers","7":"product_cat-candle-jars","8":"product_cat-glass-jars","10":"first","11":"instock","12":"shipping-taxable","13":"product-type-simple"},"jetpack_sharing_enabled":true,"_links":{"self":[{"href":"https:\/\/minghanggroup.com\/pt\/wp-json\/wp\/v2\/product\/5308","targetHints":{"allow":["GET"]}}],"collection":[{"href":"https:\/\/minghanggroup.com\/pt\/wp-json\/wp\/v2\/product"}],"about":[{"href":"https:\/\/minghanggroup.com\/pt\/wp-json\/wp\/v2\/types\/product"}],"wp:featuredmedia":[{"embeddable":true,"href":"https:\/\/minghanggroup.com\/pt\/wp-json\/wp\/v2\/media\/5320"}],"wp:attachment":[{"href":"https:\/\/minghanggroup.com\/pt\/wp-json\/wp\/v2\/media?parent=5308"}],"wp:term":[{"taxonomy":"product_brand","embeddable":true,"href":"https:\/\/minghanggroup.com\/pt\/wp-json\/wp\/v2\/product_brand?post=5308"},{"taxonomy":"product_cat","embeddable":true,"href":"https:\/\/minghanggroup.com\/pt\/wp-json\/wp\/v2\/product_cat?post=5308"},{"taxonomy":"product_tag","embeddable":true,"href":"https:\/\/minghanggroup.com\/pt\/wp-json\/wp\/v2\/product_tag?post=5308"}],"curies":[{"name":"wp","href":"https:\/\/api.w.org\/{rel}","templated":true}]}}