{"id":5299,"date":"2026-01-26T16:38:10","date_gmt":"2026-01-26T08:38:10","guid":{"rendered":"https:\/\/minghanggroup.com\/?post_type=product&#038;p=5299"},"modified":"2026-01-26T16:53:33","modified_gmt":"2026-01-26T08:53:33","slug":"dimpled-texture-candle-glass-jars-wholesale","status":"publish","type":"product","link":"https:\/\/minghanggroup.com\/pt\/produto\/dimpled-texture-candle-glass-jars-wholesale\/","title":{"rendered":"Potes de vidro para velas com textura em relevo de 80ml - Atacado"},"content":{"rendered":"<p>Os seus frascos de vidro para velas, vendidos por atacado, n\u00e3o devem apenas armazenar cera \u2014 devem fazer com que a sua loja brilhe como vitrais l\u00edquidos. Como especialistas em recipientes para velas, criamos embalagens de luxo que transformam a sua linha de velas por atacado num produto indispens\u00e1vel para os seus clientes.<\/p>\n<h2>Caracter\u00edsticas do produto<\/h2>\n<ul>\n<li><strong>Jogo de luzes LED de intensidade vari\u00e1vel:<\/strong> Pequenos pontos projetam a luz bruxuleante de uma vela como se fosse uma renda esvoa\u00e7ante, perfumando instantaneamente o ambiente.<\/li>\n<li><strong>Formato c\u00f4nico est\u00e1vel:<\/strong> A parte superior \u00e9 ligeiramente mais larga, ideal para velas de pavio \u00fanico. O casti\u00e7al parece e transmite uma sensa\u00e7\u00e3o de robustez e seguran\u00e7a.<\/li>\n<li><strong>Postagem, valor da vela:<\/strong> Transforme seus recipientes de velas vazios em decora\u00e7\u00e3o de mesa: sem desperd\u00edcio, com o m\u00e1ximo de estilo.<\/li>\n<\/ul>\n<h2>Especifica\u00e7\u00f5es principais<\/h2>\n<table style=\"border-collapse: collapse; width: 80%; margin-left: auto; margin-right: auto;\" border=\"0\" width=\"288\" cellspacing=\"0\" cellpadding=\"0\">\n<tbody>\n<tr style=\"height: 13.50pt;\">\n<td style=\"height: 13.5pt; width: 54pt; text-align: center;\" width=\"72\" height=\"18\">Tamanho<\/td>\n<td style=\"width: 54pt; text-align: center;\" width=\"72\">Dimens\u00f5es (mm)<\/td>\n<td style=\"width: 54pt; text-align: center;\" width=\"72\">Padr\u00e3o<\/td>\n<td style=\"width: 54pt; text-align: center;\" width=\"72\">Material<\/td>\n<\/tr>\n<tr style=\"height: 13.50pt;\">\n<td style=\"height: 13.5pt; text-align: center;\" height=\"18\">80ml<\/td>\n<td style=\"text-align: center;\">55 \u00d7 45 \u00d7 64<\/td>\n<td style=\"text-align: center;\">Textura com covinhas<\/td>\n<td style=\"text-align: center;\">Vidro de cristal<\/td>\n<\/tr>\n<\/tbody>\n<\/table>\n<h2>Caso de sucesso<\/h2>\n<p>Uma marca boutique de fragr\u00e2ncias para casa, especializada em produtos minimalistas para um estilo de vida sofisticado, escolheu nossos casti\u00e7ais de vidro texturizado para o lan\u00e7amento de sua nova linha de produtos. Eles personalizaram o design adicionando um acabamento fosco, um elegante logotipo da marca em relevo na base e uma estampa geom\u00e9trica serigrafada que harmonizava com o tema da fragr\u00e2ncia.<\/p>\n<p>O design elegante do produto aumentou significativamente seu apelo nas prateleiras, resultando em um crescimento de 45% nas vendas nos dois primeiros meses. Motivada pela resposta positiva do mercado, a marca adotou o casti\u00e7al como sua embalagem principal e continuou a fazer grandes encomendas para diferentes cole\u00e7\u00f5es sazonais.<\/p>\n<h2>Suas op\u00e7\u00f5es de personaliza\u00e7\u00e3o<\/h2>\n<ol>\n<li><strong>Logotipo em relevo ou baixo-relevo: <\/strong>Adicione um logotipo tridimensional ou em relevo diretamente na superf\u00edcie do vidro para aumentar o reconhecimento da marca, o que tamb\u00e9m permite que o r\u00f3tulo seja mantido minimalista e com apar\u00eancia sofisticada.<\/li>\n<li><strong>Cor do vidro personalizada:<\/strong> Ofere\u00e7a op\u00e7\u00f5es de vidro colorido, como cinza fum\u00ea, \u00e2mbar ou verde suave, n\u00e3o apenas para influenciar a difus\u00e3o da luz, mas tamb\u00e9m para dar ao seu produto uma apar\u00eancia \u00fanica na prateleira.<\/li>\n<li><strong>Serigrafia: Impress\u00e3o em seda<\/strong> Tintas resistentes ao calor podem ser usadas para aplicar padr\u00f5es de linhas finas, \u00edcones ou tipografia que s\u00e3o dur\u00e1veis \u200b\u200be n\u00e3o descascam durante a queima.<\/li>\n<\/ol>","protected":false},"excerpt":{"rendered":"<p>Vidro texturizado para velas modernas. Potes de vidro para velas direto da f\u00e1brica, atacado, amostras gr\u00e1tis, personaliza\u00e7\u00e3o em grande quantidade, ideais como recipientes para armazenamento de velas para diversas marcas.<\/p>","protected":false},"featured_media":5307,"template":"","meta":{"postBodyCss":"","postBodyMargin":[],"postBodyPadding":[],"postBodyBackground":{"backgroundType":"classic","gradient":""}},"product_brand":[],"product_cat":[17,82,15],"product_tag":[],"class_list":{"0":"post-5299","1":"product","2":"type-product","3":"status-publish","4":"has-post-thumbnail","6":"product_cat-glass-jars","7":"product_cat-candle-jars","8":"product_cat-glass-containers","10":"first","11":"instock","12":"shipping-taxable","13":"product-type-simple"},"jetpack_sharing_enabled":true,"_links":{"self":[{"href":"https:\/\/minghanggroup.com\/pt\/wp-json\/wp\/v2\/product\/5299","targetHints":{"allow":["GET"]}}],"collection":[{"href":"https:\/\/minghanggroup.com\/pt\/wp-json\/wp\/v2\/product"}],"about":[{"href":"https:\/\/minghanggroup.com\/pt\/wp-json\/wp\/v2\/types\/product"}],"wp:featuredmedia":[{"embeddable":true,"href":"https:\/\/minghanggroup.com\/pt\/wp-json\/wp\/v2\/media\/5307"}],"wp:attachment":[{"href":"https:\/\/minghanggroup.com\/pt\/wp-json\/wp\/v2\/media?parent=5299"}],"wp:term":[{"taxonomy":"product_brand","embeddable":true,"href":"https:\/\/minghanggroup.com\/pt\/wp-json\/wp\/v2\/product_brand?post=5299"},{"taxonomy":"product_cat","embeddable":true,"href":"https:\/\/minghanggroup.com\/pt\/wp-json\/wp\/v2\/product_cat?post=5299"},{"taxonomy":"product_tag","embeddable":true,"href":"https:\/\/minghanggroup.com\/pt\/wp-json\/wp\/v2\/product_tag?post=5299"}],"curies":[{"name":"wp","href":"https:\/\/api.w.org\/{rel}","templated":true}]}}