{"id":5294,"date":"2026-01-26T16:47:34","date_gmt":"2026-01-26T08:47:34","guid":{"rendered":"https:\/\/minghanggroup.com\/?post_type=product&#038;p=5294"},"modified":"2026-03-02T15:03:19","modified_gmt":"2026-03-02T07:03:19","slug":"glass-candle-empty-jars-with-textured-patterns-wholesale","status":"publish","type":"product","link":"https:\/\/minghanggroup.com\/pt\/produto\/glass-candle-empty-jars-with-textured-patterns-wholesale\/","title":{"rendered":"Potes de vidro vazios para velas de 250ml com padr\u00f5es texturizados - Atacado"},"content":{"rendered":"<p>Seus potes de vela vazios n\u00e3o devem ficar apenas guardados \u2014 eles devem se tornar pe\u00e7as de arte para sua mesa quando voc\u00ea terminar de us\u00e1-los. Como especialistas em recipientes para velas, criamos recipientes de luxo que transformam sua linha de velas no atacado na favorita dos seus clientes.<\/p>\n<h2>Caracter\u00edsticas do produto<\/h2>\n<ul>\n<li><strong>Luz, Padr\u00f5es de Dispers\u00e3o:<\/strong> As listras verticais refletem a luz da vela de uma forma muito delicada, como uma renda l\u00edquida, conferindo uma eleg\u00e2ncia instant\u00e2nea perfeita \u00e0 fragr\u00e2ncia da sua casa.<\/li>\n<li><strong>Base de vidro resistente:<\/strong> Quando a base \u00e9 espessa, o recipiente n\u00e3o oscila de forma alguma quando colocado em uma prateleira. Seu porta-velas ter\u00e1 a apar\u00eancia de um produto premium e dur\u00e1vel.<\/li>\n<li><strong>Clareza cristalina:<\/strong> \u00c9 poss\u00edvel admirar as diferentes cores dos \u00f3leos essenciais perfumados, j\u00e1 que o vidro \u00e9 cristalino, sem filtros turvos.<\/li>\n<\/ul>\n<h2>Especifica\u00e7\u00f5es principais<\/h2>\n<table style=\"border-collapse: collapse; width: 80%; margin-left: auto; margin-right: auto;\" border=\"0\" width=\"288\" cellspacing=\"0\" cellpadding=\"0\">\n<tbody>\n<tr style=\"height: 13.50pt;\">\n<td style=\"height: 13.5pt; width: 54pt; text-align: center;\" width=\"72\" height=\"18\">Tamanho<\/td>\n<td style=\"width: 54pt; text-align: center;\" width=\"72\">Dimens\u00f5es (mm)<\/td>\n<td style=\"width: 54pt; text-align: center;\" width=\"72\">Padr\u00f5es<\/td>\n<td style=\"width: 54pt; text-align: center;\" width=\"72\">Material<\/td>\n<\/tr>\n<tr style=\"height: 13.50pt;\">\n<td style=\"height: 13.5pt; text-align: center;\" height=\"18\">250 ml<\/td>\n<td style=\"text-align: center;\">80\u00d780\u00d788<\/td>\n<td style=\"text-align: center;\">Listras verticais, grade de pontos<\/td>\n<td style=\"text-align: center;\">Vidro de cristal<\/td>\n<\/tr>\n<\/tbody>\n<\/table>\n<h2>Caso de sucesso<\/h2>\n<p>Uma marca de fragr\u00e2ncias para o lar buscava embalagens para velas que comunicassem imediatamente uma imagem de marca luxuosa, com design arrojado e foco no cliente, al\u00e9m de serem pr\u00e1ticas para o uso di\u00e1rio. Para lan\u00e7ar sua nova linha de produtos, optaram por nossos potes de vidro texturizado para velas e repaginaram a identidade visual da marca com nossos logotipos em relevo, acabamento fosco suave e delicadas estampas serigrafadas inspiradas na narrativa da marca.<\/p>\n<p>As vendas do conjunto aumentaram 45% em dois meses ap\u00f3s o lan\u00e7amento do novo produto, em compara\u00e7\u00e3o com o per\u00edodo em que a embalagem antiga era utilizada. Isso levou a marca a decidir adotar esses potes de vela personalizados como sua principal solu\u00e7\u00e3o de embalagem e a continuar encomendando-os para diversos lan\u00e7amentos sazonais de produtos.<\/p>\n<h2>Suas op\u00e7\u00f5es de personaliza\u00e7\u00e3o<\/h2>\n<ol>\n<li><strong>Personaliza\u00e7\u00e3o de logotipos em relevo\/baixo-relevo:<\/strong> Voc\u00ea pode gravar um logotipo em relevo ou em baixo-relevo na parte quadrada j\u00e1 em branco na frente da garrafa.<\/li>\n<li><strong>Personaliza\u00e7\u00e3o da cor da garrafa (pintura em spray\/colora\u00e7\u00e3o do material):<\/strong> \u00c9 poss\u00edvel utilizar cores de baixa satura\u00e7\u00e3o, como cinza esfuma\u00e7ado, \u00e2mbar, branco leitoso e verde escuro, ou at\u00e9 mesmo uma cor totalmente nova com aroma, para destacar a linha e atrair a aten\u00e7\u00e3o do cliente na prateleira.<\/li>\n<li><strong>Padroniza\u00e7\u00e3o ou Design:<\/strong> A impress\u00e3o de padr\u00f5es ou desenhos pode ser feita em serigrafia de uma ou v\u00e1rias cores. A garrafa pode ser decorada com nomes de marcas, figuras geom\u00e9tricas ou at\u00e9 mesmo fragr\u00e2ncias, resultando em uma garrafa n\u00e3o apenas duradoura, mas tamb\u00e9m resistente, que n\u00e3o desbota facilmente.<\/li>\n<\/ol>","protected":false},"excerpt":{"rendered":"<p>Potes vazios para velas com texturas de vidro refinadas, ideais para armazenar velas. Fornecimento direto da f\u00e1brica e op\u00e7\u00f5es flex\u00edveis de personaliza\u00e7\u00e3o em grandes quantidades dispon\u00edveis.<\/p>","protected":false},"featured_media":5298,"template":"","meta":{"postBodyCss":"","postBodyMargin":[],"postBodyPadding":[],"postBodyBackground":{"backgroundType":"classic","gradient":""}},"product_brand":[],"product_cat":[15,82,17],"product_tag":[97,96],"class_list":{"0":"post-5294","1":"product","2":"type-product","3":"status-publish","4":"has-post-thumbnail","6":"product_cat-glass-containers","7":"product_cat-candle-jars","8":"product_cat-glass-jars","9":"product_tag-rocks-glass","10":"product_tag-whiskey-tumblers","12":"first","13":"instock","14":"shipping-taxable","15":"product-type-simple"},"jetpack_sharing_enabled":true,"_links":{"self":[{"href":"https:\/\/minghanggroup.com\/pt\/wp-json\/wp\/v2\/product\/5294","targetHints":{"allow":["GET"]}}],"collection":[{"href":"https:\/\/minghanggroup.com\/pt\/wp-json\/wp\/v2\/product"}],"about":[{"href":"https:\/\/minghanggroup.com\/pt\/wp-json\/wp\/v2\/types\/product"}],"wp:featuredmedia":[{"embeddable":true,"href":"https:\/\/minghanggroup.com\/pt\/wp-json\/wp\/v2\/media\/5298"}],"wp:attachment":[{"href":"https:\/\/minghanggroup.com\/pt\/wp-json\/wp\/v2\/media?parent=5294"}],"wp:term":[{"taxonomy":"product_brand","embeddable":true,"href":"https:\/\/minghanggroup.com\/pt\/wp-json\/wp\/v2\/product_brand?post=5294"},{"taxonomy":"product_cat","embeddable":true,"href":"https:\/\/minghanggroup.com\/pt\/wp-json\/wp\/v2\/product_cat?post=5294"},{"taxonomy":"product_tag","embeddable":true,"href":"https:\/\/minghanggroup.com\/pt\/wp-json\/wp\/v2\/product_tag?post=5294"}],"curies":[{"name":"wp","href":"https:\/\/api.w.org\/{rel}","templated":true}]}}