{"id":5293,"date":"2026-01-26T13:03:56","date_gmt":"2026-01-26T05:03:56","guid":{"rendered":"https:\/\/minghanggroup.com\/?post_type=product&#038;p=5293"},"modified":"2026-01-26T16:47:01","modified_gmt":"2026-01-26T08:47:01","slug":"goblet-style-empty-reuse-candle-jars-bulk","status":"publish","type":"product","link":"https:\/\/minghanggroup.com\/pt\/produto\/goblet-style-empty-reuse-candle-jars-bulk\/","title":{"rendered":"Frascos de vela reutiliz\u00e1veis \u200b\u200bvazios de 460ml em formato de c\u00e1lice (a granel)"},"content":{"rendered":"<p>Estes s\u00e3o potes de vela reutilizados em formato cl\u00e1ssico de furac\u00e3o, com boca alargada, um corpo com uma linda textura que lembra p\u00e9talas e uma base resistente.<\/p>\n<h2>Caracter\u00edsticas do produto<\/h2>\n<ul>\n<li><strong>Design vintage de copo alto:<\/strong> O design alto da haste e do corpo eleva a vela, transformando-a imediatamente em uma decora\u00e7\u00e3o deslumbrante.<\/li>\n<li><strong>Boca dilatada:<\/strong> A boca \u00e9 larga, facilitando o acendimento da vela, e confere-lhe um formato elegante.<\/li>\n<li><strong>Corpo com textura de p\u00e9tala:<\/strong> Simultaneamente, a textura arredondada das p\u00e9talas tende a suavizar a luz da vela e a conferir \u00e0 experi\u00eancia de acender a vela um toque quente e rom\u00e2ntico, tornando-a mais profunda.<\/li>\n<\/ul>\n<h2 style=\"text-align: left;\">Especifica\u00e7\u00f5es principais<\/h2>\n<table class=\"aligncenter\" style=\"border-collapse: collapse; width: 440.27pt;\" border=\"0\" width=\"587\" cellspacing=\"0\" cellpadding=\"0\">\n<tbody>\n<tr style=\"height: 13.50pt;\">\n<td style=\"height: 13.50pt; width: 129.75pt;\" width=\"173\" height=\"18\">Especifica\u00e7\u00e3o<\/td>\n<td style=\"width: 310.50pt;\" width=\"414\">Detalhes<\/td>\n<\/tr>\n<tr style=\"height: 13.50pt;\">\n<td style=\"height: 13.50pt;\" height=\"18\">Capacidade<\/td>\n<td>460ml<\/td>\n<\/tr>\n<tr style=\"height: 13.50pt;\">\n<td style=\"height: 13.50pt;\" height=\"18\">Dimens\u00f5es<\/td>\n<td>67\u00d785\u00d7130mm<\/td>\n<\/tr>\n<tr style=\"height: 13.50pt;\">\n<td style=\"height: 13.50pt;\" height=\"18\">Material<\/td>\n<td>Vidro lapidado transparente de alta qualidade<\/td>\n<\/tr>\n<tr style=\"height: 13.50pt;\">\n<td style=\"height: 13.50pt;\" height=\"18\">Formato de jarro<\/td>\n<td>Cilindro alto com textura de corte em penas em todo o corpo<\/td>\n<\/tr>\n<tr style=\"height: 13.50pt;\">\n<td style=\"height: 13.50pt;\" height=\"18\">Escopo de personaliza\u00e7\u00e3o<\/td>\n<td>Cor, tamanho, acabamento, tampas<\/td>\n<\/tr>\n<tr style=\"height: 13.50pt;\">\n<td style=\"height: 13.50pt;\" height=\"18\">Recurso de Artesanato<\/td>\n<td>Corte de vidro de precis\u00e3o, moldagem 3D com corte em bisel<\/td>\n<\/tr>\n<tr style=\"height: 13.50pt;\">\n<td style=\"height: 13.50pt;\" height=\"18\">Finalidade do produto<\/td>\n<td>Recipiente de vidro para velas, recipiente decorativo para fragr\u00e2ncias de casa<\/td>\n<\/tr>\n<tr style=\"height: 13.50pt;\">\n<td style=\"height: 13.50pt;\" height=\"18\">Ind\u00fastrias adequadas<\/td>\n<td>Marcas de velas de luxo, lojas de decora\u00e7\u00e3o de interiores de alta qualidade.<\/td>\n<\/tr>\n<\/tbody>\n<\/table>\n<h2>Hist\u00f3ria de sucesso: Lembrancinha de casamento de uma organizadora de casamentos da Calif\u00f3rnia<\/h2>\n<p>Uma das organizadoras de casamentos de alto padr\u00e3o da Calif\u00f3rnia encomendou nossos potes de vidro altos e reutiliz\u00e1veis \u200b\u200bpara velas, com detalhes personalizados em metal dourado claro. A arquitetura elegante combinou perfeitamente com os arranjos de mesa sofisticados, conforme relatado em 90% das avalia\u00e7\u00f5es dos clientes. A organizadora promoveu esses potes como lembran\u00e7as permanentes que poderiam ser reutilizadas, aumentando o valor percebido da recorda\u00e7\u00e3o em 50 vezes. A ideia fez tanto sucesso que ela encomendou mais 200.000 potes para atender \u00e0s suas necessidades de casamento nos dois anos seguintes.<\/p>\n<h2>Op\u00e7\u00f5es de personaliza\u00e7\u00e3o de potes de vidro para velas em grandes quantidades.<\/h2>\n<ul>\n<li>Cores do vidro: H\u00e1 uma sele\u00e7\u00e3o de cores de vidro, como transparente, verde vintage, \u00e2mbar ou rosa suave, para atender a diversos gostos est\u00e9ticos.<\/li>\n<li>Op\u00e7\u00f5es de textura: Voc\u00ea pode alterar o formato das p\u00e9talas e criar padr\u00f5es mais pronunciados, delicados ou geom\u00e9tricos.<\/li>\n<li>Acabamentos met\u00e1licos: Voc\u00ea pode revestir o cabo, a borda ou as p\u00e9talas estampadas com ouro, prata ou cobre.<\/li>\n<li>Formato da boca: Altere a curvatura da borda para torn\u00e1-la mais ou menos acentuada.<\/li>\n<\/ul>","protected":false},"excerpt":{"rendered":"<p>Potes de vidro decorativos para velas, em formato de c\u00e1lice, com textura floral e borda alargada, perfeitos para decora\u00e7\u00e3o. Potes de vidro premium reutiliz\u00e1veis, direto da f\u00e1brica.<\/p>","protected":false},"featured_media":5303,"template":"","meta":{"postBodyCss":"","postBodyMargin":[],"postBodyPadding":[],"postBodyBackground":{"backgroundType":"classic","gradient":""}},"product_brand":[],"product_cat":[15,82,17],"product_tag":[],"class_list":{"0":"post-5293","1":"product","2":"type-product","3":"status-publish","4":"has-post-thumbnail","6":"product_cat-glass-containers","7":"product_cat-candle-jars","8":"product_cat-glass-jars","10":"first","11":"instock","12":"shipping-taxable","13":"product-type-simple"},"jetpack_sharing_enabled":true,"_links":{"self":[{"href":"https:\/\/minghanggroup.com\/pt\/wp-json\/wp\/v2\/product\/5293","targetHints":{"allow":["GET"]}}],"collection":[{"href":"https:\/\/minghanggroup.com\/pt\/wp-json\/wp\/v2\/product"}],"about":[{"href":"https:\/\/minghanggroup.com\/pt\/wp-json\/wp\/v2\/types\/product"}],"wp:featuredmedia":[{"embeddable":true,"href":"https:\/\/minghanggroup.com\/pt\/wp-json\/wp\/v2\/media\/5303"}],"wp:attachment":[{"href":"https:\/\/minghanggroup.com\/pt\/wp-json\/wp\/v2\/media?parent=5293"}],"wp:term":[{"taxonomy":"product_brand","embeddable":true,"href":"https:\/\/minghanggroup.com\/pt\/wp-json\/wp\/v2\/product_brand?post=5293"},{"taxonomy":"product_cat","embeddable":true,"href":"https:\/\/minghanggroup.com\/pt\/wp-json\/wp\/v2\/product_cat?post=5293"},{"taxonomy":"product_tag","embeddable":true,"href":"https:\/\/minghanggroup.com\/pt\/wp-json\/wp\/v2\/product_tag?post=5293"}],"curies":[{"name":"wp","href":"https:\/\/api.w.org\/{rel}","templated":true}]}}