{"id":5284,"date":"2026-01-26T11:31:41","date_gmt":"2026-01-26T03:31:41","guid":{"rendered":"https:\/\/minghanggroup.com\/?post_type=product&#038;p=5284"},"modified":"2026-01-26T12:00:16","modified_gmt":"2026-01-26T04:00:16","slug":"large-feather-cut-glass-candle-containers-wholesale","status":"publish","type":"product","link":"https:\/\/minghanggroup.com\/pt\/produto\/large-feather-cut-glass-candle-containers-wholesale\/","title":{"rendered":"Recipientes de vidro lapidado em formato de pena, tamanho grande (460ml), para velas, no atacado."},"content":{"rendered":"<p>Este recipiente de vidro para velas tem um formato tradicional, esguio e cil\u00edndrico, decorado com padr\u00f5es de folhas que lembram penas. A base elevada e lisa real\u00e7a essa caracter\u00edstica, conferindo-lhe eleg\u00e2ncia.<\/p>\n<h2>Caracter\u00edsticas do produto<\/h2>\n<ul>\n<li><strong>Padr\u00e3o delicado de penas:<\/strong> A superf\u00edcie do vidro possui uma textura em forma de pena, bem recortada e profunda, que produz um espl\u00eandido efeito de refra\u00e7\u00e3o da luz.<\/li>\n<li><strong>Base elevada, lisa e transparente:<\/strong> A base elevada, lisa e transparente, n\u00e3o s\u00f3 garante o equil\u00edbrio visual, como tamb\u00e9m confere estabilidade ao recipiente.<\/li>\n<li><strong>Capacidade de 460ml:<\/strong> Esta vela tem uma grande capacidade de armazenamento de uma quantidade significativa de cera e \u00e9 adequada para produzir velas de alta qualidade que podem durar v\u00e1rias semanas.<\/li>\n<\/ul>\n<h2 style=\"text-align: left;\">Especifica\u00e7\u00f5es principais<\/h2>\n<table class=\"aligncenter\" style=\"border-collapse: collapse; width: 440.27pt;\" border=\"0\" width=\"587\" cellspacing=\"0\" cellpadding=\"0\">\n<tbody>\n<tr style=\"height: 13.50pt;\">\n<td style=\"height: 13.50pt; width: 129.75pt;\" width=\"173\" height=\"18\">Especifica\u00e7\u00e3o<\/td>\n<td style=\"width: 310.50pt;\" width=\"414\">Detalhes<\/td>\n<\/tr>\n<tr style=\"height: 13.50pt;\">\n<td style=\"height: 13.50pt;\" height=\"18\">Capacidade<\/td>\n<td>460ml<\/td>\n<\/tr>\n<tr style=\"height: 13.50pt;\">\n<td style=\"height: 13.50pt;\" height=\"18\">Dimens\u00f5es<\/td>\n<td>67\u00d785\u00d7130mm<\/td>\n<\/tr>\n<tr style=\"height: 13.50pt;\">\n<td style=\"height: 13.50pt;\" height=\"18\">Material<\/td>\n<td>Vidro lapidado transparente de alta qualidade<\/td>\n<\/tr>\n<tr style=\"height: 13.50pt;\">\n<td style=\"height: 13.50pt;\" height=\"18\">Formato de jarro<\/td>\n<td>Cilindro alto com textura de corte em penas em todo o corpo<\/td>\n<\/tr>\n<tr style=\"height: 13.50pt;\">\n<td style=\"height: 13.50pt;\" height=\"18\">Escopo de personaliza\u00e7\u00e3o<\/td>\n<td>Cor, tamanho, acabamento, tampas<\/td>\n<\/tr>\n<tr style=\"height: 13.50pt;\">\n<td style=\"height: 13.50pt;\" height=\"18\">Recurso de Artesanato<\/td>\n<td>Corte de vidro de precis\u00e3o, moldagem 3D com corte em bisel<\/td>\n<\/tr>\n<tr style=\"height: 13.50pt;\">\n<td style=\"height: 13.50pt;\" height=\"18\">Finalidade do produto<\/td>\n<td>Recipiente de vidro para velas, recipiente decorativo para fragr\u00e2ncias de casa<\/td>\n<\/tr>\n<tr style=\"height: 13.50pt;\">\n<td style=\"height: 13.50pt;\" height=\"18\">Ind\u00fastrias adequadas<\/td>\n<td>Marcas de velas de luxo, lojas de decora\u00e7\u00e3o de interiores de alta qualidade.<\/td>\n<\/tr>\n<\/tbody>\n<\/table>\n<h2>Uma hist\u00f3ria de sucesso de uma marca brit\u00e2nica de mobili\u00e1rio de luxo para casa.<\/h2>\n<p>Nosso recipiente de vidro para velas com corte em forma de pena foi encomendado por uma marca brit\u00e2nica premium de fragr\u00e2ncias para casa, com um acabamento personalizado em cinza fum\u00ea e borda banhada a ouro 24 quilates. O magn\u00edfico design em forma de pena filtra a luz hipnotizante da vela e agrega 70% ao valor est\u00e9tico do recipiente. Seu toque sofisticado e luxuoso reduziu o n\u00famero de reclama\u00e7\u00f5es na loja em 60%. Em apenas dois meses, o produto esgotou. Isso levou a marca a encomendar mais 250.000 recipientes para velas de uma s\u00f3 vez, para inclu\u00ed-los em suas pr\u00f3ximas duas cole\u00e7\u00f5es sazonais.<\/p>\n<h2>Personaliza\u00e7\u00e3o de recipientes de vidro grandes para velas<\/h2>\n<ul>\n<li>Base texturizada: Proporcione \u00e0 base uma textura semelhante ou contrastante com a cor do corpo.<\/li>\n<li>Acabamento met\u00e1lico: Revestir as bordas do padr\u00e3o em relevo das penas com ouro, prata ou ouro rosa.<\/li>\n<li>Serigrafia na base: Adicione um desses logotipos ou monogramas discretos na base de vidro.<\/li>\n<li>Crie uma tampa personalizada que combine com o design: Desenhe uma tampa de vidro ou lat\u00e3o com formato de c\u00fapula e peso que harmonize com o belo padr\u00e3o.<\/li>\n<\/ul>","protected":false},"excerpt":{"rendered":"<p>Recipiente de vidro transparente para velas com textura de penas em relevo, ideal para fabrica\u00e7\u00e3o de velas e decora\u00e7\u00e3o de casa. Recipientes de vidro grandes e resistentes para velas, dispon\u00edveis para venda no atacado.<\/p>","protected":false},"featured_media":5290,"template":"","meta":{"postBodyCss":"","postBodyMargin":[],"postBodyPadding":[],"postBodyBackground":{"backgroundType":"classic","gradient":""}},"product_brand":[],"product_cat":[15,82,17],"product_tag":[],"class_list":{"0":"post-5284","1":"product","2":"type-product","3":"status-publish","4":"has-post-thumbnail","6":"product_cat-glass-containers","7":"product_cat-candle-jars","8":"product_cat-glass-jars","10":"first","11":"instock","12":"shipping-taxable","13":"product-type-simple"},"jetpack_sharing_enabled":true,"_links":{"self":[{"href":"https:\/\/minghanggroup.com\/pt\/wp-json\/wp\/v2\/product\/5284","targetHints":{"allow":["GET"]}}],"collection":[{"href":"https:\/\/minghanggroup.com\/pt\/wp-json\/wp\/v2\/product"}],"about":[{"href":"https:\/\/minghanggroup.com\/pt\/wp-json\/wp\/v2\/types\/product"}],"wp:featuredmedia":[{"embeddable":true,"href":"https:\/\/minghanggroup.com\/pt\/wp-json\/wp\/v2\/media\/5290"}],"wp:attachment":[{"href":"https:\/\/minghanggroup.com\/pt\/wp-json\/wp\/v2\/media?parent=5284"}],"wp:term":[{"taxonomy":"product_brand","embeddable":true,"href":"https:\/\/minghanggroup.com\/pt\/wp-json\/wp\/v2\/product_brand?post=5284"},{"taxonomy":"product_cat","embeddable":true,"href":"https:\/\/minghanggroup.com\/pt\/wp-json\/wp\/v2\/product_cat?post=5284"},{"taxonomy":"product_tag","embeddable":true,"href":"https:\/\/minghanggroup.com\/pt\/wp-json\/wp\/v2\/product_tag?post=5284"}],"curies":[{"name":"wp","href":"https:\/\/api.w.org\/{rel}","templated":true}]}}