{"id":5283,"date":"2026-01-26T16:48:07","date_gmt":"2026-01-26T08:48:07","guid":{"rendered":"https:\/\/minghanggroup.com\/?post_type=product&#038;p=5283"},"modified":"2026-01-26T16:48:09","modified_gmt":"2026-01-26T08:48:09","slug":"160ml-glass-unique-candle-containers-with-textured-patterns-bulk","status":"publish","type":"product","link":"https:\/\/minghanggroup.com\/pt\/produto\/160ml-glass-unique-candle-containers-with-textured-patterns-bulk\/","title":{"rendered":"Conjunto de Recipientes de Vidro Exclusivos para Velas de 160ml com Padr\u00f5es Texturizados (Atacado)"},"content":{"rendered":"<p>Seus recipientes exclusivos para velas n\u00e3o devem apenas armazenar cera \u2014 eles devem fazer sua loja brilhar como vitrais l\u00edquidos. Como especialistas em recipientes para velas no atacado, criamos embalagens de luxo que transformam sua linha de velas a granel em itens indispens\u00e1veis \u200b\u200bpara seus clientes.<\/p>\n<h2>Caracter\u00edsticas do produto<\/h2>\n<ul>\n<li><strong>Personalidade Padr\u00e3o:<\/strong> Nervuras verticais, escamas de peixe, losangos... cada padr\u00e3o tem sua pr\u00f3pria hist\u00f3ria para contar. A apar\u00eancia e a sensa\u00e7\u00e3o do seu recipiente para velas s\u00e3o \u00fanicas e luxuosas.<\/li>\n<li><strong>Clareza cristalina:<\/strong> Observe atentamente as diferentes cores dos \u00f3leos essenciais arom\u00e1ticos atrav\u00e9s de um recipiente de vidro transparente, sem filtros que possam emba\u00e7ar.<\/li>\n<li><strong>Base robusta:<\/strong> Base super espessa, sem qualquer oscila\u00e7\u00e3o na prateleira. Seu recipiente para velas \u00e9 robusto e seguro.<\/li>\n<\/ul>\n<h2>Especifica\u00e7\u00f5es principais<\/h2>\n<table style=\"border-collapse: collapse; width: 80%; margin-left: auto; margin-right: auto;\" border=\"0\" width=\"360\" cellspacing=\"0\" cellpadding=\"0\">\n<tbody>\n<tr style=\"height: 13.50pt;\">\n<td style=\"height: 13.5pt; width: 54pt; text-align: center;\" width=\"72\" height=\"18\">Tamanho<\/td>\n<td style=\"width: 54pt; text-align: center;\" width=\"72\">Dimens\u00f5es (mm)<\/td>\n<td style=\"width: 54pt; text-align: center;\" width=\"72\">Padr\u00f5es dispon\u00edveis<\/td>\n<td style=\"width: 54pt; text-align: center;\" width=\"72\">Material<\/td>\n<td style=\"width: 54pt; text-align: center;\" width=\"72\">Cor<\/td>\n<\/tr>\n<tr style=\"height: 13.50pt;\">\n<td style=\"height: 13.5pt; text-align: center;\" height=\"18\">160 ml<\/td>\n<td style=\"text-align: center;\">80 \u00d7 70 \u00d7 69<\/td>\n<td style=\"text-align: center;\">Vertical, Escama de Peixe, Diamante, Em V, Ziguezague, Pontos<\/td>\n<td style=\"text-align: center;\">Vidro de cristal<\/td>\n<td style=\"text-align: center;\">Claro ou personalizado<\/td>\n<\/tr>\n<\/tbody>\n<\/table>\n<h2>Caso de sucesso<\/h2>\n<p>Uma marca de velas arom\u00e1ticas decidiu mudar sua embalagem principal e escolheu nossos potes de vela exclusivos. Eles entraram em contato conosco para personalizar potes de vela \u00fanicos com um padr\u00e3o em relevo de diamante, complementado por uma base antiderrapante e tampas de metal combinando, impressas com o logotipo e o slogan da marca para celebrar sua identidade.<\/p>\n<p>As vendas aumentaram 68% em apenas um trimestre ap\u00f3s o lan\u00e7amento do produto. O cliente, ap\u00f3s concluir o pedido inicial, fez mais tr\u00eas pedidos em grande quantidade no ano seguinte.<\/p>\n<h2>Suas op\u00e7\u00f5es de personaliza\u00e7\u00e3o<\/h2>\n<ol>\n<li><strong>Pacotes \u201cPadr\u00e3o, Hist\u00f3ria\u201d:<\/strong> Combine 3 padr\u00f5es exclusivos com paletas de cores sazonais (por exemplo, escamas de peixe + vermelho escuro para o inverno, diamante + dourado para as festas de fim de ano).<\/li>\n<li><strong>Eco, Tonalidade Transpar\u00eancia:<\/strong> Adicione um tom sutil de vidro reciclado (como um azul &#034;onda do oceano&#034;) que mude de cor quando a vela estiver acesa.<\/li>\n<li><strong>\u201cN\u00e3o, r\u00f3tulo\u201d para a marca:<\/strong> Coloque seu logotipo na base de vidro (por meio de um laser, ele fica invis\u00edvel at\u00e9 a vela ser acesa).<\/li>\n<\/ol>","protected":false},"excerpt":{"rendered":"<p>Recipientes exclusivos para velas com designs em vidro texturizado, ideais para compradores no atacado. Oferecemos personaliza\u00e7\u00e3o em grande escala, perfeita para parcerias de longo prazo com marcas.<\/p>","protected":false},"featured_media":5288,"template":"","meta":{"postBodyCss":"","postBodyMargin":[],"postBodyPadding":[],"postBodyBackground":{"backgroundType":"classic","gradient":""}},"product_brand":[],"product_cat":[15,82,17],"product_tag":[],"class_list":{"0":"post-5283","1":"product","2":"type-product","3":"status-publish","4":"has-post-thumbnail","6":"product_cat-glass-containers","7":"product_cat-candle-jars","8":"product_cat-glass-jars","10":"first","11":"instock","12":"shipping-taxable","13":"product-type-simple"},"jetpack_sharing_enabled":true,"_links":{"self":[{"href":"https:\/\/minghanggroup.com\/pt\/wp-json\/wp\/v2\/product\/5283","targetHints":{"allow":["GET"]}}],"collection":[{"href":"https:\/\/minghanggroup.com\/pt\/wp-json\/wp\/v2\/product"}],"about":[{"href":"https:\/\/minghanggroup.com\/pt\/wp-json\/wp\/v2\/types\/product"}],"wp:featuredmedia":[{"embeddable":true,"href":"https:\/\/minghanggroup.com\/pt\/wp-json\/wp\/v2\/media\/5288"}],"wp:attachment":[{"href":"https:\/\/minghanggroup.com\/pt\/wp-json\/wp\/v2\/media?parent=5283"}],"wp:term":[{"taxonomy":"product_brand","embeddable":true,"href":"https:\/\/minghanggroup.com\/pt\/wp-json\/wp\/v2\/product_brand?post=5283"},{"taxonomy":"product_cat","embeddable":true,"href":"https:\/\/minghanggroup.com\/pt\/wp-json\/wp\/v2\/product_cat?post=5283"},{"taxonomy":"product_tag","embeddable":true,"href":"https:\/\/minghanggroup.com\/pt\/wp-json\/wp\/v2\/product_tag?post=5283"}],"curies":[{"name":"wp","href":"https:\/\/api.w.org\/{rel}","templated":true}]}}