{"id":5268,"date":"2026-01-26T10:17:03","date_gmt":"2026-01-26T02:17:03","guid":{"rendered":"https:\/\/minghanggroup.com\/?post_type=product&#038;p=5268"},"modified":"2026-01-26T10:17:05","modified_gmt":"2026-01-26T02:17:05","slug":"classic-candle-glass-containers-for-branding-in-bulk","status":"publish","type":"product","link":"https:\/\/minghanggroup.com\/pt\/produto\/classic-candle-glass-containers-for-branding-in-bulk\/","title":{"rendered":"Recipientes de vidro cl\u00e1ssicos de 2 litros para velas, ideais para personaliza\u00e7\u00e3o em grandes quantidades."},"content":{"rendered":"<p>Os recipientes de vidro para velas n\u00e3o devem apenas armazenar cera \u2014 eles devem fazer com que sua loja brilhe como um jardim secreto. Como especialistas em potes para velas a granel, criamos recipientes de luxo que transformam sua linha de velas no atacado em um item indispens\u00e1vel para seus clientes.<\/p>\n<h2>Caracter\u00edsticas do produto<\/h2>\n<ul>\n<li><strong>Vidro de alta transpar\u00eancia:<\/strong> O corpo de vidro, de alta transpar\u00eancia, revela fielmente a cor da cera e as camadas queimadas, aumentando consideravelmente o apelo visual geral.<\/li>\n<li>S<strong>aro reto padr\u00e3o:<\/strong> O design reto e com laterais definidas do copo facilita o despejo da cera, seja por m\u00e9todo autom\u00e1tico ou manual, e \u00e9 compat\u00edvel com pavios simples, m\u00faltiplos e diversas formula\u00e7\u00f5es de cera.<\/li>\n<li><strong>Apar\u00eancia minimalista:<\/strong> O design simples e cl\u00e1ssico, sem ornamentos, integra-se facilmente com etiquetas, serigrafia e embalagens externas, sendo perfeito para presentes.<\/li>\n<\/ul>\n<h2>Especifica\u00e7\u00f5es principais<\/h2>\n<table style=\"border-collapse: collapse; width: 80%; margin-right: auto; margin-left: auto;\" border=\"0\" width=\"288\" cellspacing=\"0\" cellpadding=\"0\">\n<tbody>\n<tr style=\"height: 13.50pt;\">\n<td class=\"et2\" style=\"height: 13.5pt; width: 54pt; text-align: center;\" width=\"72\" height=\"18\">Tamanho<\/td>\n<td style=\"width: 54pt; text-align: center;\" width=\"72\">Dimens\u00f5es (mm)<\/td>\n<td style=\"width: 54pt; text-align: center;\" width=\"72\">Material<\/td>\n<td style=\"width: 54pt; text-align: center;\" width=\"72\">Op\u00e7\u00f5es de cores<\/td>\n<\/tr>\n<tr style=\"height: 13.50pt;\">\n<td style=\"height: 13.5pt; text-align: center;\" height=\"18\">2L<\/td>\n<td style=\"text-align: center;\">150\u00d7143\u00d7150<\/td>\n<td style=\"text-align: center;\">Vidro de cristal<\/td>\n<td style=\"text-align: center;\">Limpar\/personalizar<\/td>\n<\/tr>\n<\/tbody>\n<\/table>\n<h2>Caso de sucesso<\/h2>\n<p>Uma marca norte-americana de velas arom\u00e1ticas de gama m\u00e9dia a alta escolheu nossos frascos de vidro como embalagem principal para sua nova linha de produtos. Para atrair mais a aten\u00e7\u00e3o dos clientes nas prateleiras das lojas, decidiram imprimir o logotipo da marca nos frascos, refor\u00e7ando sua identidade visual, e combinaram-nos com tampas de madeira de nogueira, que real\u00e7am a natureza e o car\u00e1ter cl\u00e1ssico da fragr\u00e2ncia.<\/p>\n<p>Em menos de tr\u00eas meses desde o in\u00edcio das vendas dos produtos, o volume de vendas online cresceu quase 32% em rela\u00e7\u00e3o ao ano anterior. Ap\u00f3s o primeiro pedido, o cliente fez mais dois grandes pedidos.<\/p>\n<h2>Suas op\u00e7\u00f5es de personaliza\u00e7\u00e3o<\/h2>\n<ol>\n<li><strong>N\u00edveis de transpar\u00eancia do vidro personaliz\u00e1veis:<\/strong> Utilizamos tr\u00eas n\u00edveis de transpar\u00eancia do vidro como padr\u00e3o: alta transpar\u00eancia, semitransparente, transparente e fosco, o que permite que diferentes aromas ou linhas de produtos comuniquem suas atmosferas distintas e, portanto, diferenciem a marca.<\/li>\n<li><strong>Base personaliz\u00e1vel com estrutura antiderrapante ou marca\u00e7\u00e3o invis\u00edvel:<\/strong> A base poderia ser melhorada com a ajuda de um anel antiderrapante com textura delicada ou personalizada com um logotipo\/c\u00f3digo de lote exclusivo da marca, servindo assim principalmente \u00e0 praticidade, al\u00e9m do reconhecimento da marca.<\/li>\n<li><strong>Personaliza\u00e7\u00e3o sistem\u00e1tica de tampas e embalagens correspondentes:<\/strong> A implementa\u00e7\u00e3o de um conjunto personalizado de tampas combinando em madeira, vidro ou metal agregar\u00e1 valor significativo ao estilo geral do design do produto.<\/li>\n<\/ol>","protected":false},"excerpt":{"rendered":"<p>Recipientes de vidro premium para velas, ideais para diversas marcas. Direto da f\u00e1brica, com entrega r\u00e1pida, perfeitos para grandes quantidades de velas. Amostra gr\u00e1tis.<\/p>","protected":false},"featured_media":5276,"template":"","meta":{"postBodyCss":"","postBodyMargin":[],"postBodyPadding":[],"postBodyBackground":{"backgroundType":"classic","gradient":""}},"product_brand":[],"product_cat":[15,82,17],"product_tag":[],"class_list":{"0":"post-5268","1":"product","2":"type-product","3":"status-publish","4":"has-post-thumbnail","6":"product_cat-glass-containers","7":"product_cat-candle-jars","8":"product_cat-glass-jars","10":"first","11":"instock","12":"shipping-taxable","13":"product-type-simple"},"jetpack_sharing_enabled":true,"_links":{"self":[{"href":"https:\/\/minghanggroup.com\/pt\/wp-json\/wp\/v2\/product\/5268","targetHints":{"allow":["GET"]}}],"collection":[{"href":"https:\/\/minghanggroup.com\/pt\/wp-json\/wp\/v2\/product"}],"about":[{"href":"https:\/\/minghanggroup.com\/pt\/wp-json\/wp\/v2\/types\/product"}],"wp:featuredmedia":[{"embeddable":true,"href":"https:\/\/minghanggroup.com\/pt\/wp-json\/wp\/v2\/media\/5276"}],"wp:attachment":[{"href":"https:\/\/minghanggroup.com\/pt\/wp-json\/wp\/v2\/media?parent=5268"}],"wp:term":[{"taxonomy":"product_brand","embeddable":true,"href":"https:\/\/minghanggroup.com\/pt\/wp-json\/wp\/v2\/product_brand?post=5268"},{"taxonomy":"product_cat","embeddable":true,"href":"https:\/\/minghanggroup.com\/pt\/wp-json\/wp\/v2\/product_cat?post=5268"},{"taxonomy":"product_tag","embeddable":true,"href":"https:\/\/minghanggroup.com\/pt\/wp-json\/wp\/v2\/product_tag?post=5268"}],"curies":[{"name":"wp","href":"https:\/\/api.w.org\/{rel}","templated":true}]}}