{"id":5259,"date":"2026-01-23T16:46:47","date_gmt":"2026-01-23T08:46:47","guid":{"rendered":"https:\/\/minghanggroup.com\/?post_type=product&#038;p=5259"},"modified":"2026-01-23T16:46:49","modified_gmt":"2026-01-23T08:46:49","slug":"dual-purpose-vertically-ribbed-unique-candle-jars-wholesale","status":"publish","type":"product","link":"https:\/\/minghanggroup.com\/pt\/produto\/dual-purpose-vertically-ribbed-unique-candle-jars-wholesale\/","title":{"rendered":"Potes de vela exclusivos com nervuras verticais de dupla fun\u00e7\u00e3o - Venda por atacado"},"content":{"rendered":"<p>Os seus frascos para velas n\u00e3o devem apenas conter cera \u2014 devem fazer com que a sua loja brilhe como um jardim secreto. Como especialistas em frascos de velas exclusivos para venda por atacado, criamos recipientes de luxo que transformam a sua linha de velas a granel num produto indispens\u00e1vel para os seus clientes.<\/p>\n<h2>Caracter\u00edsticas do produto<\/h2>\n<ul>\n<li><strong>Design de uso duplo:<\/strong> A boca larga \u00e9 perfeita para acomodar velas cil\u00edndricas, enquanto a extremidade estreita foi projetada para segurar velas c\u00f4nicas.<\/li>\n<li><strong>Jogo de luzes com listras verticais:<\/strong> As nervuras refletem a luz das velas em padr\u00f5es semelhantes a renda l\u00edquida; seu aroma para casa ficou muito mais elegante num instante.<\/li>\n<li><strong>Base robusta:<\/strong> A base espessa garante que sua vela n\u00e3o ir\u00e1 oscilar, mesmo em uma mesa de m\u00e1rmore. O recipiente da vela transmite uma sensa\u00e7\u00e3o de durabilidade e qualidade superior, condizente com a marca.<\/li>\n<\/ul>\n<h2>Especifica\u00e7\u00f5es principais<\/h2>\n<table style=\"border-collapse: collapse; width: 80%; margin-left: auto; margin-right: auto;\" border=\"0\" width=\"216\" cellspacing=\"0\" cellpadding=\"0\">\n<tbody>\n<tr style=\"height: 13.50pt;\">\n<td style=\"height: 13.5pt; width: 54pt; text-align: center;\" width=\"72\" height=\"18\">Dimens\u00f5es (mm)<\/td>\n<td style=\"width: 54pt; text-align: center;\" width=\"72\">Forma<\/td>\n<td style=\"width: 54pt; text-align: center;\" width=\"72\">Recurso<\/td>\n<\/tr>\n<tr style=\"height: 13.50pt;\">\n<td style=\"height: 13.5pt; text-align: center;\" height=\"18\">63 \u00d7 34 \u00d7 52<\/td>\n<td style=\"text-align: center;\">Dupla fun\u00e7\u00e3o<\/td>\n<td style=\"text-align: center;\">Listras verticais<\/td>\n<\/tr>\n<\/tbody>\n<\/table>\n<h2>Caso de sucesso<\/h2>\n<p>Uma marca europeia de decora\u00e7\u00e3o para casa decidiu colaborar conosco para criar um casti\u00e7al de boca larga e dupla fun\u00e7\u00e3o para sua cole\u00e7\u00e3o de velas de Natal. Ao personalizar a pe\u00e7a, o cliente escolheu um elegante vidro rosa para combinar com o aroma das velas e utilizou a t\u00e9cnica de galvanoplastia para gravar seu logotipo na base, complementando assim a imagem da marca.<\/p>\n<p>Tr\u00eas meses ap\u00f3s o lan\u00e7amento do produto, as vendas da s\u00e9rie aumentaram quase 38% em rela\u00e7\u00e3o ao ano anterior. Posteriormente, o cliente fez mais dois grandes pedidos, um para sua cole\u00e7\u00e3o padr\u00e3o de decora\u00e7\u00e3o para casa e outro para produtos exclusivos de Natal.<\/p>\n<h2>Suas op\u00e7\u00f5es de personaliza\u00e7\u00e3o<\/h2>\n<ol>\n<li><strong>Texturas de vidro com efeito de ilumina\u00e7\u00e3o:<\/strong> Oferecemos texturas de vidro especiais feitas sob encomenda, com foco original na profundidade das listras texturizadas verticais, rachaduras no gelo e ondula\u00e7\u00f5es c\u00f4ncavas, a fim de produzir um jogo de luzes e sombras que destaca visualmente o produto iluminado, agregando valor festivo e beleza \u00e0 decora\u00e7\u00e3o da casa.<\/li>\n<li><strong>Processo de sobreposi\u00e7\u00e3o de cores ou gradiente:<\/strong> Podemos criar efeitos de colora\u00e7\u00e3o em camadas, como gradientes de cores transparentes e transi\u00e7\u00f5es de cinza esfuma\u00e7ado para tons \u00e2mbar, perfeitos para s\u00e9ries exclusivas de aromaterapia ou edi\u00e7\u00f5es limitadas, transmitindo assim um n\u00edvel de luxo e reconhecimento superior.<\/li>\n<li><strong>Apresenta\u00e7\u00e3o discreta do LOGOTIPO:<\/strong> Para evitar polui\u00e7\u00e3o visual e, ao mesmo tempo, promover o reconhecimento da marca, sugerimos um logotipo em relevo na parede interna, um relevo na parte inferior ou uma serigrafia em silicone do logotipo na mesma cor. Esse tipo de identidade visual \u00e9, portanto, mais adequado para canais de varejo de m\u00e9dio a alto padr\u00e3o.<\/li>\n<\/ol>","protected":false},"excerpt":{"rendered":"<p>Potes para velas direto da f\u00e1brica com design sofisticado em vidro esculpido. Potes exclusivos para velas no atacado para marcas \u2014 envio r\u00e1pido, personaliza\u00e7\u00e3o em grande quantidade, amostras gr\u00e1tis dispon\u00edveis.<\/p>","protected":false},"featured_media":5263,"template":"","meta":{"postBodyCss":"","postBodyMargin":[],"postBodyPadding":[],"postBodyBackground":{"backgroundType":"classic","gradient":""}},"product_brand":[],"product_cat":[15,82,17],"product_tag":[],"class_list":{"0":"post-5259","1":"product","2":"type-product","3":"status-publish","4":"has-post-thumbnail","6":"product_cat-glass-containers","7":"product_cat-candle-jars","8":"product_cat-glass-jars","10":"first","11":"instock","12":"shipping-taxable","13":"product-type-simple"},"jetpack_sharing_enabled":true,"_links":{"self":[{"href":"https:\/\/minghanggroup.com\/pt\/wp-json\/wp\/v2\/product\/5259","targetHints":{"allow":["GET"]}}],"collection":[{"href":"https:\/\/minghanggroup.com\/pt\/wp-json\/wp\/v2\/product"}],"about":[{"href":"https:\/\/minghanggroup.com\/pt\/wp-json\/wp\/v2\/types\/product"}],"wp:featuredmedia":[{"embeddable":true,"href":"https:\/\/minghanggroup.com\/pt\/wp-json\/wp\/v2\/media\/5263"}],"wp:attachment":[{"href":"https:\/\/minghanggroup.com\/pt\/wp-json\/wp\/v2\/media?parent=5259"}],"wp:term":[{"taxonomy":"product_brand","embeddable":true,"href":"https:\/\/minghanggroup.com\/pt\/wp-json\/wp\/v2\/product_brand?post=5259"},{"taxonomy":"product_cat","embeddable":true,"href":"https:\/\/minghanggroup.com\/pt\/wp-json\/wp\/v2\/product_cat?post=5259"},{"taxonomy":"product_tag","embeddable":true,"href":"https:\/\/minghanggroup.com\/pt\/wp-json\/wp\/v2\/product_tag?post=5259"}],"curies":[{"name":"wp","href":"https:\/\/api.w.org\/{rel}","templated":true}]}}