{"id":5251,"date":"2026-01-23T16:15:48","date_gmt":"2026-01-23T08:15:48","guid":{"rendered":"https:\/\/minghanggroup.com\/?post_type=product&#038;p=5251"},"modified":"2026-01-23T16:15:49","modified_gmt":"2026-01-23T08:15:49","slug":"clear-glass-candle-jars-with-lids-for-packaging-bulk","status":"publish","type":"product","link":"https:\/\/minghanggroup.com\/pt\/produto\/clear-glass-candle-jars-with-lids-for-packaging-bulk\/","title":{"rendered":"Frascos de vidro transparente para velas, de 25 ml e 48 ml, com tampas, para embalagens a granel."},"content":{"rendered":"<p>Seus potes de vidro para velas com tampa n\u00e3o devem apenas armazenar cera \u2014 eles devem fazer sua loja brilhar como um tesouro escondido. Como especialistas em potes para velas no atacado, criamos recipientes de luxo que transformam sua linha de velas no atacado na favorita dos clientes.<\/p>\n<h2>Caracter\u00edsticas do produto<\/h2>\n<ul>\n<li><strong>Tamanho Mini Luxo:<\/strong> Pequeno, mas potente, ideal para amostras ou como acess\u00f3rio de mesa elegante. O suporte da sua vela ser\u00e1 um item \u00fanico, pessoal e de alta qualidade.<\/li>\n<li><strong>Flexibilidade da tampa:<\/strong> As tampas de madeira ou metal podem ser encaixadas firmemente, o que significa que n\u00e3o haver\u00e1 derramamento de cera nem entrada de poeira.<\/li>\n<li><strong>Clareza cristalina:<\/strong> Observe as cores dos \u00f3leos essenciais perfumados atrav\u00e9s do vidro transparente, sem reflexos turvos.<\/li>\n<\/ul>\n<h2>Especifica\u00e7\u00f5es principais<\/h2>\n<table style=\"border-collapse: collapse; width: 80%; margin-left: auto; margin-right: auto;\" border=\"0\" width=\"288\" cellspacing=\"0\" cellpadding=\"0\">\n<tbody>\n<tr style=\"height: 13.50pt;\">\n<td style=\"height: 13.5pt; width: 54pt; text-align: center;\" width=\"72\" height=\"18\">Tamanho (ml)<\/td>\n<td style=\"width: 54pt; text-align: center;\" width=\"72\">Dimens\u00f5es (mm)<\/td>\n<td style=\"width: 54pt; text-align: center;\" width=\"72\">Op\u00e7\u00f5es de tampa<\/td>\n<td style=\"width: 54pt; text-align: center;\" width=\"72\">Cor<\/td>\n<\/tr>\n<tr style=\"height: 13.50pt;\">\n<td style=\"height: 13.5pt; text-align: center;\" align=\"right\" height=\"18\">25<\/td>\n<td style=\"text-align: center;\">37 \u00d7 45 \u00d7 28<\/td>\n<td class=\"et2\" style=\"text-align: center;\" rowspan=\"2\">Madeira ou metal<\/td>\n<td class=\"et2\" style=\"text-align: center;\" rowspan=\"2\">Transparente ou voc\u00ea precisa<\/td>\n<\/tr>\n<tr style=\"height: 13.50pt;\">\n<td style=\"height: 13.5pt; text-align: center;\" align=\"right\" height=\"18\">48<\/td>\n<td style=\"text-align: center;\">45 \u00d7 39 \u00d7 53<\/td>\n<\/tr>\n<\/tbody>\n<\/table>\n<h2>Caso de sucesso<\/h2>\n<p>Uma marca de velas arom\u00e1ticas de alta qualidade da Am\u00e9rica do Norte adquiriu nossos potes de vidro com tampas para serem a embalagem principal de sua nova linha de produtos, especialmente para sua cole\u00e7\u00e3o de fragr\u00e2ncias premium. Eles decoraram os potes de vidro liso com um logotipo especial em relevo e substitu\u00edram o vidro transparente por vidro \u00e2mbar para minimizar o impacto da luz solar direta. Al\u00e9m disso, combinaram os potes com tampas de madeira natural na mesma cor para refor\u00e7ar o reconhecimento da marca.<\/p>\n<p>O primeiro grande pedido de potes para velas foi dividido entre o lan\u00e7amento online e nas lojas f\u00edsicas. Em tr\u00eas meses ap\u00f3s o lan\u00e7amento, as vendas da linha aumentaram cerca de 38% em rela\u00e7\u00e3o ao ano anterior, e foram feitos dois pedidos adicionais de reposi\u00e7\u00e3o no segundo trimestre, elevando a quantidade recomprada para 2,5 vezes o pedido original, transformando o produto em uma colabora\u00e7\u00e3o est\u00e1vel e de longo prazo.<\/p>\n<h2>Suas op\u00e7\u00f5es de personaliza\u00e7\u00e3o<\/h2>\n<ol>\n<li><strong>Personaliza\u00e7\u00e3o do acabamento da superf\u00edcie do vidro:<\/strong> Permite uma combina\u00e7\u00e3o de cobertura parcial, cobertura total, pulveriza\u00e7\u00e3o de cor interna ou t\u00e9cnicas de pulveriza\u00e7\u00e3o degrad\u00ea para produzir uma gama visual \u00fanica que n\u00e3o prejudica o desempenho da vela durante a queima.<\/li>\n<li><strong>Melhorias no material e nos detalhes da tampa:<\/strong> Al\u00e9m das tradicionais tampas de madeira, existem op\u00e7\u00f5es de tampas de bambu, tampas de metal ou an\u00e9is de veda\u00e7\u00e3o de silicone para aumentar a estanqueidade e a seguran\u00e7a durante o transporte.<\/li>\n<li><strong>Personaliza\u00e7\u00e3o da identifica\u00e7\u00e3o da marca na base do copo:<\/strong> Ajuda a tornar uma marca mais aut\u00eantica e f\u00e1cil de gerenciar em s\u00e9rie por meio de um logotipo em relevo, um design moldado em alto-relevo ou um n\u00famero de lote impresso em serigrafia no fundo do copo.<\/li>\n<\/ol>","protected":false},"excerpt":{"rendered":"<p>Potes de vidro com tampas para velas arom\u00e1ticas e com op\u00e7\u00e3o de rotulagem. Fornecimento confi\u00e1vel de potes para velas em grandes quantidades, direto da f\u00e1brica, com suporte para personaliza\u00e7\u00e3o em grande volume.<\/p>","protected":false},"featured_media":5258,"template":"","meta":{"postBodyCss":"","postBodyMargin":[],"postBodyPadding":[],"postBodyBackground":{"backgroundType":"classic","gradient":""}},"product_brand":[],"product_cat":[15,82,17],"product_tag":[],"class_list":{"0":"post-5251","1":"product","2":"type-product","3":"status-publish","4":"has-post-thumbnail","6":"product_cat-glass-containers","7":"product_cat-candle-jars","8":"product_cat-glass-jars","10":"first","11":"instock","12":"shipping-taxable","13":"product-type-simple"},"jetpack_sharing_enabled":true,"_links":{"self":[{"href":"https:\/\/minghanggroup.com\/pt\/wp-json\/wp\/v2\/product\/5251","targetHints":{"allow":["GET"]}}],"collection":[{"href":"https:\/\/minghanggroup.com\/pt\/wp-json\/wp\/v2\/product"}],"about":[{"href":"https:\/\/minghanggroup.com\/pt\/wp-json\/wp\/v2\/types\/product"}],"wp:featuredmedia":[{"embeddable":true,"href":"https:\/\/minghanggroup.com\/pt\/wp-json\/wp\/v2\/media\/5258"}],"wp:attachment":[{"href":"https:\/\/minghanggroup.com\/pt\/wp-json\/wp\/v2\/media?parent=5251"}],"wp:term":[{"taxonomy":"product_brand","embeddable":true,"href":"https:\/\/minghanggroup.com\/pt\/wp-json\/wp\/v2\/product_brand?post=5251"},{"taxonomy":"product_cat","embeddable":true,"href":"https:\/\/minghanggroup.com\/pt\/wp-json\/wp\/v2\/product_cat?post=5251"},{"taxonomy":"product_tag","embeddable":true,"href":"https:\/\/minghanggroup.com\/pt\/wp-json\/wp\/v2\/product_tag?post=5251"}],"curies":[{"name":"wp","href":"https:\/\/api.w.org\/{rel}","templated":true}]}}