{"id":5233,"date":"2026-01-23T14:49:10","date_gmt":"2026-01-23T06:49:10","guid":{"rendered":"https:\/\/minghanggroup.com\/?post_type=product&#038;p=5233"},"modified":"2026-01-23T15:45:24","modified_gmt":"2026-01-23T07:45:24","slug":"empty-glass-candle-jars-with-lids-wholesale","status":"publish","type":"product","link":"https:\/\/minghanggroup.com\/pt\/produto\/empty-glass-candle-jars-with-lids-wholesale\/","title":{"rendered":"Potes de vidro vazios para velas de 370ml com tampas - Atacado"},"content":{"rendered":"<p>Esses potes para velas com tampa t\u00eam um formato cil\u00edndrico alto e uma borda inferior espessa e elevada para proporcionar uma superf\u00edcie est\u00e1vel, al\u00e9m de uma abertura larga para facilitar o despejo e a retirada da cera.<\/p>\n<h2>Caracter\u00edsticas do produto<\/h2>\n<ul>\n<li><strong>Formato cil\u00edndrico alto e reto:<\/strong> O formato alto complementa perfeitamente as velas em formato de coluna, com \u00eanfase na verticalidade da estrutura e no minimalismo do design.<\/li>\n<li><strong>Base espessada e refor\u00e7ada:<\/strong> A base espessa torna a vela est\u00e1vel em superf\u00edcies planas.<\/li>\n<li><strong>Grande capacidade de 370ml:<\/strong> A grande capacidade de 370ml \u00e9 ideal para velas grandes que t\u00eam longa dura\u00e7\u00e3o e belos efeitos.<\/li>\n<\/ul>\n<h2 style=\"text-align: left;\">Especifica\u00e7\u00f5es principais<\/h2>\n<table class=\"aligncenter\" style=\"border-collapse: collapse; width: 441.02pt;\" border=\"0\" width=\"588\" cellspacing=\"0\" cellpadding=\"0\">\n<tbody>\n<tr style=\"height: 13.50pt;\">\n<td style=\"height: 13.50pt; width: 120.75pt;\" width=\"161\" height=\"18\">Especifica\u00e7\u00e3o<\/td>\n<td style=\"width: 320.25pt;\" width=\"427\">Detalhes<\/td>\n<\/tr>\n<tr style=\"height: 13.50pt;\">\n<td style=\"height: 13.50pt;\" height=\"18\">Capacidade<\/td>\n<td>370ml<\/td>\n<\/tr>\n<tr style=\"height: 13.50pt;\">\n<td style=\"height: 13.50pt;\" height=\"18\">Dimens\u00f5es<\/td>\n<td>83\u00d7100mm<\/td>\n<\/tr>\n<tr style=\"height: 13.50pt;\">\n<td style=\"height: 13.50pt;\" height=\"18\">Material<\/td>\n<td>Vidro transparente<\/td>\n<\/tr>\n<tr style=\"height: 13.50pt;\">\n<td style=\"height: 13.50pt;\" height=\"18\">Formato de jarro<\/td>\n<td>Cilindro alto de lados retos com borda de base espessada<\/td>\n<\/tr>\n<tr style=\"height: 13.50pt;\">\n<td style=\"height: 13.50pt;\" height=\"18\">Escopo de personaliza\u00e7\u00e3o<\/td>\n<td>Cor, tamanho, formato, tampas<\/td>\n<\/tr>\n<tr style=\"height: 13.50pt;\">\n<td style=\"height: 13.50pt;\" height=\"18\">Recurso de Artesanato<\/td>\n<td>Conforma\u00e7\u00e3o de cilindros, estrutura de base refor\u00e7ada e espessada<\/td>\n<\/tr>\n<tr style=\"height: 13.50pt;\">\n<td style=\"height: 13.50pt;\" height=\"18\">Finalidade do produto<\/td>\n<td>Velas em recipientes grandes, potes para velas com tampas.<\/td>\n<\/tr>\n<tr style=\"height: 13.50pt;\">\n<td style=\"height: 13.50pt;\" height=\"18\">Ind\u00fastrias adequadas<\/td>\n<td>Fabricantes de velas, marcas de decora\u00e7\u00e3o para casa<\/td>\n<\/tr>\n<\/tbody>\n<\/table>\n<h2>Caso de Sucesso: Uma Cole\u00e7\u00e3o Exclusiva de uma Empresa Americana de Mobili\u00e1rio Residencial<\/h2>\n<p>Uma marca americana de fragr\u00e2ncias para casa encomendou nossos potes de vela com tampas, que foram combinados com tampas de metal preto fosco. O vidro transparente \u00e9 ideal para exibir a cera multicamadas, derramada \u00e0 m\u00e3o, o que n\u00e3o s\u00f3 agrega valor visual ao produto, como tamb\u00e9m resultou em um aumento de 60% nas vendas. A lateral n\u00e3o \u00e9 inclinada, facilitando a etiquetagem e o empilhamento, o que aumenta a efici\u00eancia do armaz\u00e9m em 15%. A marca est\u00e1 obtendo tanto sucesso que encomendou mais 450.000 potes de vidro, o que contribuir\u00e1 para a produ\u00e7\u00e3o do pr\u00f3ximo ano.<\/p>\n<h2>Personaliza\u00e7\u00e3o de recipientes de vidro para velas<\/h2>\n<ul>\n<li>Cor do vidro: Dispon\u00edvel nas cores tradicionais transparente, cinza fum\u00ea, \u00e2mbar ou em cores opacas sob encomenda.<\/li>\n<li>Informa\u00e7\u00f5es sobre relevo: Adicione ou fa\u00e7a decora\u00e7\u00f5es sutis em relevo, marca\u00e7\u00f5es de capacidade ou logotipos da marca na parte inferior do frasco.<\/li>\n<li>Serigrafia: Imprima seus designs, etiquetas ou hist\u00f3rias da marca com qualidade diretamente no vidro.<\/li>\n<li>Design de tampa personalizado: Crie o design ideal com tampas combinando em metal, madeira ou vidro.<\/li>\n<\/ul>","protected":false},"excerpt":{"rendered":"<p>Recipientes de vidro modernos para velas, com fundo resistente, ideais para aromaterapia e decora\u00e7\u00e3o de mesa. Potes de alta qualidade com tampa, dispon\u00edveis para venda por atacado.<\/p>","protected":false},"featured_media":5250,"template":"","meta":{"postBodyCss":"","postBodyMargin":[],"postBodyPadding":[],"postBodyBackground":{"backgroundType":"classic","gradient":""}},"product_brand":[],"product_cat":[15,82,17],"product_tag":[],"class_list":{"0":"post-5233","1":"product","2":"type-product","3":"status-publish","4":"has-post-thumbnail","6":"product_cat-glass-containers","7":"product_cat-candle-jars","8":"product_cat-glass-jars","10":"first","11":"instock","12":"shipping-taxable","13":"product-type-simple"},"jetpack_sharing_enabled":true,"_links":{"self":[{"href":"https:\/\/minghanggroup.com\/pt\/wp-json\/wp\/v2\/product\/5233","targetHints":{"allow":["GET"]}}],"collection":[{"href":"https:\/\/minghanggroup.com\/pt\/wp-json\/wp\/v2\/product"}],"about":[{"href":"https:\/\/minghanggroup.com\/pt\/wp-json\/wp\/v2\/types\/product"}],"wp:featuredmedia":[{"embeddable":true,"href":"https:\/\/minghanggroup.com\/pt\/wp-json\/wp\/v2\/media\/5250"}],"wp:attachment":[{"href":"https:\/\/minghanggroup.com\/pt\/wp-json\/wp\/v2\/media?parent=5233"}],"wp:term":[{"taxonomy":"product_brand","embeddable":true,"href":"https:\/\/minghanggroup.com\/pt\/wp-json\/wp\/v2\/product_brand?post=5233"},{"taxonomy":"product_cat","embeddable":true,"href":"https:\/\/minghanggroup.com\/pt\/wp-json\/wp\/v2\/product_cat?post=5233"},{"taxonomy":"product_tag","embeddable":true,"href":"https:\/\/minghanggroup.com\/pt\/wp-json\/wp\/v2\/product_tag?post=5233"}],"curies":[{"name":"wp","href":"https:\/\/api.w.org\/{rel}","templated":true}]}}