{"id":5160,"date":"2026-01-23T15:05:35","date_gmt":"2026-01-23T07:05:35","guid":{"rendered":"https:\/\/minghanggroup.com\/?post_type=product&#038;p=5160"},"modified":"2026-01-23T15:05:37","modified_gmt":"2026-01-23T07:05:37","slug":"ribbed-pedestal-glass-candle-jars-with-thick-base-bulk","status":"publish","type":"product","link":"https:\/\/minghanggroup.com\/pt\/produto\/ribbed-pedestal-glass-candle-jars-with-thick-base-bulk\/","title":{"rendered":"Potes de vidro canelados para velas, 185ml, com base grossa, em embalagem a granel."},"content":{"rendered":"<p>Seu pote de vidro para velas n\u00e3o deve apenas armazenar cera \u2014 ele deve fazer sua loja brilhar como um jardim secreto. Como especialistas em potes de velas personalizados, criamos recipientes de luxo que transformam sua linha de velas no atacado em um item indispens\u00e1vel para seus clientes.<\/p>\n<h2>Caracter\u00edsticas do produto<\/h2>\n<ul>\n<li><strong>Costelas leves e cativantes:<\/strong> A luz da vela \u00e9 dispersa por linhas verticais como se fosse uma renda l\u00edquida, uma eleg\u00e2ncia instant\u00e2nea para perfumar o lar.<\/li>\n<li><strong>Base alta e robusta:<\/strong> Base mais alta, sem oscila\u00e7\u00f5es nas prateleiras de exposi\u00e7\u00e3o. Seu recipiente para velas transmite uma sensa\u00e7\u00e3o de robustez, qualidade e sofistica\u00e7\u00e3o.<\/li>\n<li><strong>Clareza cristalina:<\/strong> Aberto ou fechado, o vidro transparente revela as cores vibrantes dos \u00f3leos essenciais perfumados.<\/li>\n<\/ul>\n<h2>Especifica\u00e7\u00f5es principais<\/h2>\n<table style=\"border-collapse: collapse; width: 80%; margin-left: auto; margin-right: auto;\" border=\"0\" width=\"288\" cellspacing=\"0\" cellpadding=\"0\">\n<tbody>\n<tr style=\"height: 13.50pt;\">\n<td style=\"height: 13.5pt; width: 54pt; text-align: center;\" width=\"72\" height=\"18\">Tamanho<\/td>\n<td style=\"width: 54pt; text-align: center;\" width=\"72\">Dimens\u00f5es (mm)<\/td>\n<td style=\"width: 54pt; text-align: center;\" width=\"72\">Padr\u00e3o<\/td>\n<td style=\"width: 54pt; text-align: center;\" width=\"72\">Op\u00e7\u00f5es de cores<\/td>\n<\/tr>\n<tr style=\"height: 13.50pt;\">\n<td style=\"height: 13.5pt; text-align: center;\" height=\"18\">185 ml<\/td>\n<td style=\"text-align: center;\">70 \u00d7 60 \u00d7 80<\/td>\n<td style=\"text-align: center;\">Costelas verticais<\/td>\n<td style=\"text-align: center;\">Limpar\/personalizar<\/td>\n<\/tr>\n<\/tbody>\n<\/table>\n<h2>Caso de sucesso<\/h2>\n<p>Uma marca boutique de fragr\u00e2ncias para espa\u00e7os pequenos, com foco em design de interiores moderno, escolheu nossos potes de vidro canelado para o lan\u00e7amento de sua nova cole\u00e7\u00e3o de fragr\u00e2ncias exclusivas. Os potes foram decorados com um acabamento fosco, um logotipo em relevo quase impercept\u00edvel na base e estampas minimalistas impressas em serigrafia que se harmonizam com a hist\u00f3ria da fragr\u00e2ncia.<\/p>\n<p>Ap\u00f3s a ado\u00e7\u00e3o dessa embalagem, a marca constatou um aumento de 35% na atratividade de seus produtos nas prateleiras das lojas, al\u00e9m de um aumento significativo no valor percebido dos produtos, o que resultou em um crescimento de 30% nos pedidos recorrentes dos distribuidores.<\/p>\n<h2>Suas op\u00e7\u00f5es de personaliza\u00e7\u00e3o<\/h2>\n<ol>\n<li><strong>Acabamentos de superf\u00edcie:<\/strong> Selecione o acabamento da superf\u00edcie entre transparente, fosco, \u00e1cido, gravado ou semibrilhante para combinar com diversos conceitos de fragr\u00e2ncias e estilos de interiores.<\/li>\n<li><strong>Serigrafia: Impress\u00e3o em seda<\/strong> Aplique padr\u00f5es simples, nomes de fragr\u00e2ncias ou \u00edcones de uso diretamente no vidro para obter uma apar\u00eancia organizada e sem r\u00f3tulos.<\/li>\n<li><strong>Op\u00e7\u00f5es de combina\u00e7\u00e3o de tampas:<\/strong> Voc\u00ea pode combinar o frasco com tampas de madeira, metal ou vidro com diferentes acabamentos para criar diferentes linhas de produtos a partir do mesmo molde de frasco.<\/li>\n<\/ol>","protected":false},"excerpt":{"rendered":"<p>Potes de vidro para velas com paredes caneladas e base elevada. Fornecimento direto da f\u00e1brica, ideal para marcas que necessitam de potes de velas personalizados e encomendas em grande quantidade.<\/p>","protected":false},"featured_media":5213,"template":"","meta":{"postBodyCss":"","postBodyMargin":[],"postBodyPadding":[],"postBodyBackground":{"backgroundType":"classic","gradient":""}},"product_brand":[],"product_cat":[15,82,17],"product_tag":[],"class_list":{"0":"post-5160","1":"product","2":"type-product","3":"status-publish","4":"has-post-thumbnail","6":"product_cat-glass-containers","7":"product_cat-candle-jars","8":"product_cat-glass-jars","10":"first","11":"instock","12":"shipping-taxable","13":"product-type-simple"},"jetpack_sharing_enabled":true,"_links":{"self":[{"href":"https:\/\/minghanggroup.com\/pt\/wp-json\/wp\/v2\/product\/5160","targetHints":{"allow":["GET"]}}],"collection":[{"href":"https:\/\/minghanggroup.com\/pt\/wp-json\/wp\/v2\/product"}],"about":[{"href":"https:\/\/minghanggroup.com\/pt\/wp-json\/wp\/v2\/types\/product"}],"wp:featuredmedia":[{"embeddable":true,"href":"https:\/\/minghanggroup.com\/pt\/wp-json\/wp\/v2\/media\/5213"}],"wp:attachment":[{"href":"https:\/\/minghanggroup.com\/pt\/wp-json\/wp\/v2\/media?parent=5160"}],"wp:term":[{"taxonomy":"product_brand","embeddable":true,"href":"https:\/\/minghanggroup.com\/pt\/wp-json\/wp\/v2\/product_brand?post=5160"},{"taxonomy":"product_cat","embeddable":true,"href":"https:\/\/minghanggroup.com\/pt\/wp-json\/wp\/v2\/product_cat?post=5160"},{"taxonomy":"product_tag","embeddable":true,"href":"https:\/\/minghanggroup.com\/pt\/wp-json\/wp\/v2\/product_tag?post=5160"}],"curies":[{"name":"wp","href":"https:\/\/api.w.org\/{rel}","templated":true}]}}