{"id":5155,"date":"2026-01-23T13:12:52","date_gmt":"2026-01-23T05:12:52","guid":{"rendered":"https:\/\/minghanggroup.com\/?post_type=product&#038;p=5155"},"modified":"2026-01-23T16:51:05","modified_gmt":"2026-01-23T08:51:05","slug":"small-clear-candle-jars-with-thick-base-wholesale","status":"publish","type":"product","link":"https:\/\/minghanggroup.com\/pt\/produto\/small-clear-candle-jars-with-thick-base-wholesale\/","title":{"rendered":"Potes de vela pequenos e transparentes de 35ml com base grossa para venda por atacado."},"content":{"rendered":"<p>Esses pequenos potes de vidro para velas s\u00e3o projetados com um formato cil\u00edndrico simples e discreto, com uma base robusta e espessa para proporcionar maior estabilidade.<\/p>\n<h2>Caracter\u00edsticas do produto<\/h2>\n<ul>\n<li><strong>Design cil\u00edndrico pequeno e est\u00e1vel:<\/strong> A estrutura \u00e9 robusta, com uma base s\u00f3lida, evitando assim que tombem, apesar de serem pequenas.<\/li>\n<li><strong>Capacidade pequena de 35ml:<\/strong> O tamanho de 35ml \u00e9 ideal para armazenar velas de ch\u00e1, velas perfumadas, amostras de velas ou pequenas velas decorativas.<\/li>\n<li><strong>Formato de base espessa e resistente:<\/strong> A base refor\u00e7ada confere ao casti\u00e7al uma apar\u00eancia e uma sensa\u00e7\u00e3o de alta qualidade e peso.<\/li>\n<\/ul>\n<h2 style=\"text-align: left;\">Especifica\u00e7\u00f5es principais<\/h2>\n<table class=\"aligncenter\" style=\"border-collapse: collapse; width: 401.27pt;\" border=\"0\" width=\"535\" cellspacing=\"0\" cellpadding=\"0\">\n<tbody>\n<tr style=\"height: 13.50pt;\">\n<td style=\"height: 13.50pt; width: 120.75pt;\" width=\"161\" height=\"18\">Especifica\u00e7\u00e3o<\/td>\n<td style=\"width: 280.50pt;\" width=\"374\">Detalhes<\/td>\n<\/tr>\n<tr style=\"height: 13.50pt;\">\n<td style=\"height: 13.50pt;\" height=\"18\">Capacidade<\/td>\n<td>35ml<\/td>\n<\/tr>\n<tr style=\"height: 13.50pt;\">\n<td style=\"height: 13.50pt;\" height=\"18\">Dimens\u00f5es<\/td>\n<td>52\u00d748\u00d734mm<\/td>\n<\/tr>\n<tr style=\"height: 13.50pt;\">\n<td style=\"height: 13.50pt;\" height=\"18\">Material<\/td>\n<td>Vidro transparente<\/td>\n<\/tr>\n<tr style=\"height: 13.50pt;\">\n<td style=\"height: 13.50pt;\" height=\"18\">Formato de jarro<\/td>\n<td>Cilindro curto de lados retos com base espessa<\/td>\n<\/tr>\n<tr style=\"height: 13.50pt;\">\n<td style=\"height: 13.50pt;\" height=\"18\">Escopo de personaliza\u00e7\u00e3o<\/td>\n<td>Cor, tamanho, tampas, acabamento<\/td>\n<\/tr>\n<tr style=\"height: 13.50pt;\">\n<td style=\"height: 13.50pt;\" height=\"18\">Finalidade do produto<\/td>\n<td>Potes de vidro pequenos para velas, potes para pastilhas de cera.<\/td>\n<\/tr>\n<tr style=\"height: 13.50pt;\">\n<td style=\"height: 13.50pt;\" height=\"18\">Ind\u00fastrias adequadas<\/td>\n<td>Fabricantes de velas artesanais, fornecedores de presentes<\/td>\n<\/tr>\n<\/tbody>\n<\/table>\n<h2>Caso de sucesso: Fornecimento de quartos de h\u00f3spedes para uma rede hoteleira canadense<\/h2>\n<p>Uma rede hoteleira no Canad\u00e1 solicitou a substitui\u00e7\u00e3o de suas velas de ch\u00e1 nos quartos. Eles optaram por nossos pequenos potes de vidro transparente fosco de 35 ml com a marca discretamente gravada na base. A luz da vela foi perfeitamente difundida pelo vidro fosco, agregando 40% de valor ao produto. Isso tornou a base mais espessa, conferindo maior estabilidade e reduzindo a taxa de quebra em 95%. Diante desse enorme sucesso, a rede hoteleira decidiu encomendar 500.000 potes para abastecer todos os seus hot\u00e9is em um per\u00edodo de dois anos.<\/p>\n<h2>Personaliza\u00e7\u00e3o de pequenos frascos transparentes para velas<\/h2>\n<ul>\n<li>Cores das lentes: Existem lentes transparentes, cinza claro, \u00e2mbar ou de outras cores suaves.<\/li>\n<li>Informa\u00e7\u00f5es sobre relevo: Adicione desenhos texturizados ou logotipos no fundo do frasco.<\/li>\n<li>Serigrafia: Imprima logotipos, desenhos ou etiquetas simples no vidro.<\/li>\n<li>Grava\u00e7\u00e3o a laser: Gravar o nome da marca, s\u00edmbolos ou n\u00famero do lote na parte inferior do frasco.<\/li>\n<\/ul>","protected":false},"excerpt":{"rendered":"<p>Potes de vidro simples e transparentes com fundo grosso, ideais para velas arom\u00e1ticas e decora\u00e7\u00e3o de mesa. Potes de vidro pequenos de alta qualidade com entrega r\u00e1pida para todo o mundo.<\/p>","protected":false},"featured_media":5223,"template":"","meta":{"postBodyCss":"","postBodyMargin":[],"postBodyPadding":[],"postBodyBackground":{"backgroundType":"classic","gradient":""}},"product_brand":[],"product_cat":[15,82,17],"product_tag":[],"class_list":{"0":"post-5155","1":"product","2":"type-product","3":"status-publish","4":"has-post-thumbnail","6":"product_cat-glass-containers","7":"product_cat-candle-jars","8":"product_cat-glass-jars","10":"first","11":"instock","12":"shipping-taxable","13":"product-type-simple"},"jetpack_sharing_enabled":true,"_links":{"self":[{"href":"https:\/\/minghanggroup.com\/pt\/wp-json\/wp\/v2\/product\/5155","targetHints":{"allow":["GET"]}}],"collection":[{"href":"https:\/\/minghanggroup.com\/pt\/wp-json\/wp\/v2\/product"}],"about":[{"href":"https:\/\/minghanggroup.com\/pt\/wp-json\/wp\/v2\/types\/product"}],"wp:featuredmedia":[{"embeddable":true,"href":"https:\/\/minghanggroup.com\/pt\/wp-json\/wp\/v2\/media\/5223"}],"wp:attachment":[{"href":"https:\/\/minghanggroup.com\/pt\/wp-json\/wp\/v2\/media?parent=5155"}],"wp:term":[{"taxonomy":"product_brand","embeddable":true,"href":"https:\/\/minghanggroup.com\/pt\/wp-json\/wp\/v2\/product_brand?post=5155"},{"taxonomy":"product_cat","embeddable":true,"href":"https:\/\/minghanggroup.com\/pt\/wp-json\/wp\/v2\/product_cat?post=5155"},{"taxonomy":"product_tag","embeddable":true,"href":"https:\/\/minghanggroup.com\/pt\/wp-json\/wp\/v2\/product_tag?post=5155"}],"curies":[{"name":"wp","href":"https:\/\/api.w.org\/{rel}","templated":true}]}}