{"id":5150,"date":"2026-01-23T13:45:56","date_gmt":"2026-01-23T05:45:56","guid":{"rendered":"https:\/\/minghanggroup.com\/?post_type=product&#038;p=5150"},"modified":"2026-03-02T13:47:52","modified_gmt":"2026-03-02T05:47:52","slug":"empty-candle-jars-with-lids-bulk-candle-jar-suppliers","status":"publish","type":"product","link":"https:\/\/minghanggroup.com\/pt\/produto\/empty-candle-jars-with-lids-bulk-candle-jar-suppliers\/","title":{"rendered":"210ml 390ml Empty Candle Jars with Lids for Packaging Bulk"},"content":{"rendered":"<p>Seus potes de vela vazios com tampas n\u00e3o devem ficar apenas guardados \u2014 eles devem se tornar pe\u00e7as de arte para sua mesa quando voc\u00ea terminar de us\u00e1-los. Como fornecedores de potes de vela especializados em recipientes de luxo, criamos potes de vidro que transformam sua linha de velas no atacado na favorita dos clientes.<\/p>\n<h2>Caracter\u00edsticas do produto<\/h2>\n<ul>\n<li><strong>Pingente de Sino Dourado:<\/strong> O design em forma de c\u00fapula captura de forma inteligente a luz da vela, dando a impress\u00e3o de um jardim secreto e real\u00e7ando instantaneamente a decora\u00e7\u00e3o sofisticada da sua vela perfumada.<\/li>\n<li><strong>Tampa de vidro segura:<\/strong> A tampa de vidro \u00e9 levantada pelo anel superior e tamb\u00e9m \u00e9 \u00e0 prova de poeira e derramamento, tornando seu recipiente de vela resistente e dur\u00e1vel, al\u00e9m de exibir um material de alta qualidade.<\/li>\n<li><strong>Postagem, Arte com Velas:<\/strong> Voc\u00ea pode reutilizar o recipiente vazio da vela como um pequeno porta-objetos, o que n\u00e3o s\u00f3 incentiva o desperd\u00edcio zero, mas tamb\u00e9m adiciona um toque de estilo.<\/li>\n<\/ul>\n<h2>Especifica\u00e7\u00f5es principais<\/h2>\n<p>&nbsp;<\/p>\n<table style=\"border-collapse: collapse; width: 80%; margin-left: auto; margin-right: auto;\" border=\"0\" width=\"216\" cellspacing=\"0\" cellpadding=\"0\">\n<tbody>\n<tr style=\"height: 13.50pt;\">\n<td class=\"et2\" style=\"height: 13.5pt; width: 54pt; text-align: center;\" width=\"72\" height=\"18\">Capacidade<\/td>\n<td style=\"width: 54pt; text-align: center;\" width=\"72\">Dimens\u00f5es (mm)<\/td>\n<td style=\"width: 54pt; text-align: center;\" width=\"72\">Cor<\/td>\n<\/tr>\n<tr style=\"height: 13.50pt;\">\n<td class=\"et3\" style=\"height: 27pt; text-align: center;\" rowspan=\"2\" height=\"36\">210ml<\/td>\n<td style=\"text-align: center;\">Tall:\u00a0 84 * 89 * 112<\/td>\n<td class=\"et3\" style=\"text-align: center;\" rowspan=\"4\">Limpar\/personalizar<\/td>\n<\/tr>\n<tr style=\"height: 13.50pt;\">\n<td style=\"text-align: center;\">Short:\u00a0 72 * 89 * 79<\/td>\n<\/tr>\n<tr style=\"height: 13.50pt;\">\n<td class=\"et3\" style=\"height: 27pt; text-align: center;\" rowspan=\"2\" height=\"36\">390ml<\/td>\n<td style=\"text-align: center;\">Tall: 101 * 107 * 130<\/td>\n<\/tr>\n<tr style=\"height: 13.50pt;\">\n<td style=\"text-align: center;\">Short: 86 * 108 * 88<\/td>\n<\/tr>\n<\/tbody>\n<\/table>\n<h2>Caso de sucesso<\/h2>\n<p>Uma empresa de fragr\u00e2ncias de luxo para casa escolheu nossos casti\u00e7ais de vidro estilo cloche e personalizou a base com um elegante logotipo da marca em relevo. A lateral de vidro tinha um delicado acabamento fosco e, na parte inferior, havia apenas o logotipo impresso em serigrafia.<\/p>\n<p>Ap\u00f3s o lan\u00e7amento do produto, o valor m\u00e9dio dos pedidos aumentou 35% e a taxa de recompra tamb\u00e9m apresentou uma melhora significativa. O formato incomum da redoma de vidro n\u00e3o s\u00f3 atrai os clientes, como tamb\u00e9m protege as velas da sujeira durante a exposi\u00e7\u00e3o e o armazenamento; consequentemente, as reclama\u00e7\u00f5es sobre manchas na superf\u00edcie diminu\u00edram em mais de 30%.<\/p>\n<h2>Suas op\u00e7\u00f5es de personaliza\u00e7\u00e3o<\/h2>\n<ol>\n<li><strong>Personaliza\u00e7\u00e3o de logotipos em relevo ou baixo-relevo:<\/strong> Aplique um logotipo em relevo, o slogan da marca ou at\u00e9 mesmo um desenho no corpo do copo ou pr\u00f3ximo \u00e0 base para aumentar o reconhecimento da marca e, ao mesmo tempo, manter a qualidade do copo para velas em formato de sino.<\/li>\n<li><strong>Melhorias no acabamento da superf\u00edcie: <\/strong>Podemos oferecer acabamentos foscos, semi-foscos, acetinados ou jateados em \u00e1reas espec\u00edficas, e, quando combinados com uma cobertura de vidro transparente, produzem um efeito de contraste que torna o visual geral mais atraente.<\/li>\n<li><strong>Impress\u00e3o em serigrafia e decora\u00e7\u00e3o com estampagem a quente: <\/strong>Os padr\u00f5es podem ser impressos em serigrafia, as linhas podem ser estampadas a quente\/prateadas, ou um texto minimalista pode ser usado no corpo da x\u00edcara ou na tampa. \u00c9 um toque muito elegante para uma linha sofisticada de aromaterapia ou caixas de presente.<\/li>\n<\/ol>","protected":false},"excerpt":{"rendered":"<p>Design elegante em vidro, de fornecedores de potes para velas, apresentando potes vazios com tampas. Direto da f\u00e1brica, amostras gr\u00e1tis e personaliza\u00e7\u00e3o flex\u00edvel em grandes quantidades para marcas.<\/p>","protected":false},"featured_media":5159,"template":"","meta":{"postBodyCss":"","postBodyMargin":[],"postBodyPadding":[],"postBodyBackground":{"backgroundType":"classic","gradient":""}},"product_brand":[],"product_cat":[15,82,17],"product_tag":[94],"class_list":{"0":"post-5150","1":"product","2":"type-product","3":"status-publish","4":"has-post-thumbnail","6":"product_cat-glass-containers","7":"product_cat-candle-jars","8":"product_cat-glass-jars","9":"product_tag-glass-decoration-bottles","11":"first","12":"instock","13":"shipping-taxable","14":"product-type-simple"},"jetpack_sharing_enabled":true,"_links":{"self":[{"href":"https:\/\/minghanggroup.com\/pt\/wp-json\/wp\/v2\/product\/5150","targetHints":{"allow":["GET"]}}],"collection":[{"href":"https:\/\/minghanggroup.com\/pt\/wp-json\/wp\/v2\/product"}],"about":[{"href":"https:\/\/minghanggroup.com\/pt\/wp-json\/wp\/v2\/types\/product"}],"wp:featuredmedia":[{"embeddable":true,"href":"https:\/\/minghanggroup.com\/pt\/wp-json\/wp\/v2\/media\/5159"}],"wp:attachment":[{"href":"https:\/\/minghanggroup.com\/pt\/wp-json\/wp\/v2\/media?parent=5150"}],"wp:term":[{"taxonomy":"product_brand","embeddable":true,"href":"https:\/\/minghanggroup.com\/pt\/wp-json\/wp\/v2\/product_brand?post=5150"},{"taxonomy":"product_cat","embeddable":true,"href":"https:\/\/minghanggroup.com\/pt\/wp-json\/wp\/v2\/product_cat?post=5150"},{"taxonomy":"product_tag","embeddable":true,"href":"https:\/\/minghanggroup.com\/pt\/wp-json\/wp\/v2\/product_tag?post=5150"}],"curies":[{"name":"wp","href":"https:\/\/api.w.org\/{rel}","templated":true}]}}