{"id":5149,"date":"2026-01-23T11:34:39","date_gmt":"2026-01-23T03:34:39","guid":{"rendered":"https:\/\/minghanggroup.com\/?post_type=product&#038;p=5149"},"modified":"2026-01-23T13:10:52","modified_gmt":"2026-01-23T05:10:52","slug":"clear-large-glass-containers-for-candles-wholesale","status":"publish","type":"product","link":"https:\/\/minghanggroup.com\/pt\/produto\/clear-large-glass-containers-for-candles-wholesale\/","title":{"rendered":"Recipientes de vidro transparente de 275ml para velas (venda por atacado)"},"content":{"rendered":"<p>Estes recipientes de vidro para velas t\u00eam um formato cil\u00edndrico curto e robusto, com uma ampla abertura para facilitar o despejo da cera. Cada recipiente \u00e9 um objeto decorativo, pr\u00e1tico e elegante, cuja estabilidade \u00e9 garantida pela base espessa e resistente.<\/p>\n<h2>Caracter\u00edsticas do produto<\/h2>\n<ul>\n<li><strong>Base est\u00e1vel, espessada:<\/strong> Gra\u00e7as \u00e0 base mais espessa, o peso do frasco aumenta consideravelmente, evitando que ele tombe mesmo com velas grandes.<\/li>\n<li><strong>Design cil\u00edndrico simples com paredes retas:<\/strong> O design cil\u00edndrico simples \u00e9 vers\u00e1til, f\u00e1cil de etiquetar e possui alta capacidade.<\/li>\n<li><strong>Capacidade de 275 ml:<\/strong> A capacidade de 275ml \u00e9 vantajosa, pois oferece a maior capacidade para velas grandes e de longa dura\u00e7\u00e3o.<\/li>\n<\/ul>\n<h2 style=\"text-align: left;\">Especifica\u00e7\u00f5es principais<\/h2>\n<table class=\"aligncenter\" style=\"border-collapse: collapse; width: 378.77pt;\" border=\"0\" width=\"505\" cellspacing=\"0\" cellpadding=\"0\">\n<tbody>\n<tr style=\"height: 13.50pt;\">\n<td style=\"height: 13.50pt; width: 120.75pt;\" width=\"161\" height=\"18\">Especifica\u00e7\u00e3o<\/td>\n<td style=\"width: 258.00pt;\" width=\"344\">Detalhes<\/td>\n<\/tr>\n<tr style=\"height: 13.50pt;\">\n<td style=\"height: 13.50pt;\" height=\"18\">Capacidade<\/td>\n<td>275ml<\/td>\n<\/tr>\n<tr style=\"height: 13.50pt;\">\n<td style=\"height: 13.50pt;\" height=\"18\">Dimens\u00f5es<\/td>\n<td>85\u00d780mm<\/td>\n<\/tr>\n<tr style=\"height: 13.50pt;\">\n<td style=\"height: 13.50pt;\" height=\"18\">Material<\/td>\n<td>Vidro transparente resistente<\/td>\n<\/tr>\n<tr style=\"height: 13.50pt;\">\n<td style=\"height: 13.50pt;\" height=\"18\">Formato de jarro<\/td>\n<td>Cilindro de lados retos com base espessa<\/td>\n<\/tr>\n<tr style=\"height: 13.50pt;\">\n<td style=\"height: 13.50pt;\" height=\"18\">Escopo de personaliza\u00e7\u00e3o<\/td>\n<td>Cor, tamanho, relevo, serigrafia<\/td>\n<\/tr>\n<tr style=\"height: 13.50pt;\">\n<td style=\"height: 13.50pt;\" height=\"18\">Artesanato<\/td>\n<td>Moldagem de vidro dur\u00e1vel com base pesada<\/td>\n<\/tr>\n<tr style=\"height: 13.50pt;\">\n<td style=\"height: 13.50pt;\" height=\"18\">Finalidade do produto<\/td>\n<td>Potes grandes para velas, recipientes utilit\u00e1rios para velas<\/td>\n<\/tr>\n<tr style=\"height: 13.50pt;\">\n<td style=\"height: 13.50pt;\" height=\"18\">Ind\u00fastrias adequadas<\/td>\n<td>Fabricantes de velas, grandes varejistas<\/td>\n<\/tr>\n<\/tbody>\n<\/table>\n<h2>Caso de sucesso: Um dos maiores servi\u00e7os de assinatura de velas dos EUA<\/h2>\n<p>Uma das maiores empresas de velas arom\u00e1ticas dos EUA era assinante dos nossos potes de vela grandes, com assinatura mensal. Eles escolheram um tom de cinza claro e fosco, de textura suave. A superf\u00edcie acinzentada com textura aveludada combina perfeitamente com a imagem minimalista da marca. A sensa\u00e7\u00e3o premium que o pote proporciona, devido ao seu peso, \u00e9 um dos pontos fortes da empresa para os clientes. Este pote de vela foi o brinde mais vendido e impulsionou um aumento de 300% nas vendas de velas em rela\u00e7\u00e3o ao ano anterior. Com base nesse sucesso, eles recentemente fizeram um novo pedido de 350.000 potes de vela para atender \u00e0 demanda de todas as lojas em dois anos.<\/p>\n<h2>Personaliza\u00e7\u00e3o de potes de vela grandes<\/h2>\n<ul>\n<li>Grava\u00e7\u00e3o a laser: Grave discretamente n\u00fameros de lote, nomes de marcas ou linhas ornamentais nos frascos de vidro.<\/li>\n<li>Acabamento personalizado para unhas: Selecione entre borda lisa polida a fogo ou borda com microesferas.<\/li>\n<li>Revestimento interno: Ser\u00e1 aplicado um revestimento interno colorido ou perolado para proporcionar um efeito visual diferenciado.<\/li>\n<li>Ajuste da espessura da base: Ajuste a espessura da base de acordo com suas necessidades de peso\/sensa\u00e7\u00e3o.<\/li>\n<\/ul>","protected":false},"excerpt":{"rendered":"<p>Recipientes de vidro minimalistas para velas, com base espessa, ideais para decora\u00e7\u00e3o e fabrica\u00e7\u00e3o de velas. Potes de vidro grandes e resistentes, dispon\u00edveis para venda no atacado.<\/p>","protected":false},"featured_media":5152,"template":"","meta":{"postBodyCss":"","postBodyMargin":[],"postBodyPadding":[],"postBodyBackground":{"backgroundType":"classic","gradient":""}},"product_brand":[],"product_cat":[15,82,17],"product_tag":[],"class_list":{"0":"post-5149","1":"product","2":"type-product","3":"status-publish","4":"has-post-thumbnail","6":"product_cat-glass-containers","7":"product_cat-candle-jars","8":"product_cat-glass-jars","10":"first","11":"instock","12":"shipping-taxable","13":"product-type-simple"},"jetpack_sharing_enabled":true,"_links":{"self":[{"href":"https:\/\/minghanggroup.com\/pt\/wp-json\/wp\/v2\/product\/5149","targetHints":{"allow":["GET"]}}],"collection":[{"href":"https:\/\/minghanggroup.com\/pt\/wp-json\/wp\/v2\/product"}],"about":[{"href":"https:\/\/minghanggroup.com\/pt\/wp-json\/wp\/v2\/types\/product"}],"wp:featuredmedia":[{"embeddable":true,"href":"https:\/\/minghanggroup.com\/pt\/wp-json\/wp\/v2\/media\/5152"}],"wp:attachment":[{"href":"https:\/\/minghanggroup.com\/pt\/wp-json\/wp\/v2\/media?parent=5149"}],"wp:term":[{"taxonomy":"product_brand","embeddable":true,"href":"https:\/\/minghanggroup.com\/pt\/wp-json\/wp\/v2\/product_brand?post=5149"},{"taxonomy":"product_cat","embeddable":true,"href":"https:\/\/minghanggroup.com\/pt\/wp-json\/wp\/v2\/product_cat?post=5149"},{"taxonomy":"product_tag","embeddable":true,"href":"https:\/\/minghanggroup.com\/pt\/wp-json\/wp\/v2\/product_tag?post=5149"}],"curies":[{"name":"wp","href":"https:\/\/api.w.org\/{rel}","templated":true}]}}