{"id":5144,"date":"2026-01-23T10:19:06","date_gmt":"2026-01-23T02:19:06","guid":{"rendered":"https:\/\/minghanggroup.com\/?post_type=product&#038;p=5144"},"modified":"2026-04-27T16:14:49","modified_gmt":"2026-04-27T08:14:49","slug":"empty-glass-embossed-jars-for-candles-wholesale","status":"publish","type":"product","link":"https:\/\/minghanggroup.com\/pt\/produto\/empty-glass-embossed-jars-for-candles-wholesale\/","title":{"rendered":"Potes de vidro vazios de 190ml com relevo para velas - Atacado"},"content":{"rendered":"<p>Esses potes para velas apresentam um design cil\u00edndrico transparente com um padr\u00e3o lapidado em diamante que reflete e refrata a luz de forma eficaz, tornando-os adequados para a fabrica\u00e7\u00e3o de potes para velas em larga escala.<\/p>\n<h2>Caracter\u00edsticas do produto<\/h2>\n<ul>\n<li><strong>Facetas com corte de diamante e cobertura total:<\/strong> A textura diamantada em relevo, que cobre toda a superf\u00edcie do material, cria um efeito de reflex\u00e3o da luz que, simultaneamente, disfar\u00e7a pequenos defeitos presentes na cera.<\/li>\n<li><strong>Design cil\u00edndrico de paredes retas:<\/strong> As paredes laterais retas do design garantem que a cera queime por toda a sua altura, evitando a forma\u00e7\u00e3o de t\u00faneis e prolongando o tempo de queima.<\/li>\n<li><strong>Boca larga e lisa:<\/strong> A tampa larga e lisa do recipiente permite que os usu\u00e1rios despejem a cera facilmente e coloquem os pavios dentro antes de fechar o recipiente ap\u00f3s o uso da vela.<\/li>\n<\/ul>\n<h2 style=\"text-align: left;\">Especifica\u00e7\u00f5es principais<\/h2>\n<table class=\"aligncenter\" style=\"border-collapse: collapse; width: 423.02pt;\" border=\"0\" width=\"564\" cellspacing=\"0\" cellpadding=\"0\">\n<tbody>\n<tr style=\"height: 13.50pt;\">\n<td style=\"height: 13.50pt; width: 120.75pt;\" width=\"161\" height=\"18\">Especifica\u00e7\u00e3o<\/td>\n<td style=\"width: 302.25pt;\" width=\"403\">Detalhes<\/td>\n<\/tr>\n<tr style=\"height: 13.50pt;\">\n<td style=\"height: 13.50pt;\" height=\"18\">Capacidade<\/td>\n<td>190ml<\/td>\n<\/tr>\n<tr style=\"height: 13.50pt;\">\n<td style=\"height: 13.50pt;\" height=\"18\">Dimens\u00f5es<\/td>\n<td>70\u00d770\u00d775mm<\/td>\n<\/tr>\n<tr style=\"height: 13.50pt;\">\n<td style=\"height: 13.50pt;\" height=\"18\">Material<\/td>\n<td>Vidro Premium<\/td>\n<\/tr>\n<tr style=\"height: 13.50pt;\">\n<td style=\"height: 13.50pt;\" height=\"18\">Formato de jarro<\/td>\n<td>Cilindro de lados retos com corte diamantado completo<\/td>\n<\/tr>\n<tr style=\"height: 13.50pt;\">\n<td style=\"height: 13.50pt;\" height=\"18\">Escopo de personaliza\u00e7\u00e3o<\/td>\n<td>Cor, padr\u00e3o de corte, formato, tampas<\/td>\n<\/tr>\n<tr style=\"height: 13.50pt;\">\n<td style=\"height: 13.50pt;\" height=\"18\">Artesanato<\/td>\n<td>Vidro prensado com molde de corte de diamante de precis\u00e3o<\/td>\n<\/tr>\n<tr style=\"height: 13.50pt;\">\n<td style=\"height: 13.50pt;\" height=\"18\">Finalidade do produto<\/td>\n<td>Potes para velas no atacado, acess\u00f3rios decorativos para casa.<\/td>\n<\/tr>\n<tr style=\"height: 13.50pt;\">\n<td style=\"height: 13.50pt;\" height=\"18\">Ind\u00fastrias adequadas<\/td>\n<td>Marcas modernas de velas, varejistas de artigos de luxo para o lar.<\/td>\n<\/tr>\n<\/tbody>\n<\/table>\n<h2>Caso de sucesso: um pedido personalizado de uma marca de velas premium do Meio-Oeste americano.<\/h2>\n<p>Uma marca de velas de soja premium do Meio-Oeste americano selecionou nossos potes de vela, que foram personalizados com facetas foscas e tampas de madeira esculpidas combinando. Os potes personalizados que criaram para seus produtos resultaram em uma melhoria completa, levando a um aumento de 300% no engajamento do Instagram. O design de paredes retas garantiu uma queima perfeita e reduziu as reclama\u00e7\u00f5es dos clientes em 60%. Devido ao sucesso do pedido anterior, a empresa fez um novo pedido de 500.000 potes de vela para sua cole\u00e7\u00e3o de fragr\u00e2ncias de fim de ano.<\/p>\n<h2>Sugest\u00f5es de personaliza\u00e7\u00e3o para venda por atacado de potes para velas<\/h2>\n<ul>\n<li>Oferece diversos padr\u00f5es em relevo, incluindo favo de mel, listras verticais e grades geom\u00e9tricas, para produzir efeitos visuais distintos.<\/li>\n<li>Crie um frasco de comprimidos com um formato curvo mais cl\u00e1ssico ou um frasco de vidro mais robusto, sem al\u00e7a.<\/li>\n<li>Design de tampas de vidro e metal combinando, que v\u00eam com an\u00e9is de veda\u00e7\u00e3o de silicone para manter a frescura da vela e proteg\u00ea-la contra o p\u00f3 entre as utiliza\u00e7\u00f5es.<\/li>\n<\/ul>","protected":false},"excerpt":{"rendered":"<p>Potes modernos para velas, em vidro transparente com textura lapidada em diamante, perfeitos para velas arom\u00e1ticas e decora\u00e7\u00e3o. Potes premium para velas, direto da f\u00e1brica.<\/p>","protected":false},"featured_media":5148,"template":"","meta":{"postBodyCss":"","postBodyMargin":[],"postBodyPadding":[],"postBodyBackground":{"backgroundType":"classic","gradient":""}},"product_brand":[],"product_cat":[82,15,17],"product_tag":[97,96],"class_list":{"0":"post-5144","1":"product","2":"type-product","3":"status-publish","4":"has-post-thumbnail","6":"product_cat-candle-jars","7":"product_cat-glass-containers","8":"product_cat-glass-jars","9":"product_tag-rocks-glass","10":"product_tag-whiskey-tumblers","12":"first","13":"instock","14":"shipping-taxable","15":"product-type-simple"},"jetpack_sharing_enabled":true,"_links":{"self":[{"href":"https:\/\/minghanggroup.com\/pt\/wp-json\/wp\/v2\/product\/5144","targetHints":{"allow":["GET"]}}],"collection":[{"href":"https:\/\/minghanggroup.com\/pt\/wp-json\/wp\/v2\/product"}],"about":[{"href":"https:\/\/minghanggroup.com\/pt\/wp-json\/wp\/v2\/types\/product"}],"wp:featuredmedia":[{"embeddable":true,"href":"https:\/\/minghanggroup.com\/pt\/wp-json\/wp\/v2\/media\/5148"}],"wp:attachment":[{"href":"https:\/\/minghanggroup.com\/pt\/wp-json\/wp\/v2\/media?parent=5144"}],"wp:term":[{"taxonomy":"product_brand","embeddable":true,"href":"https:\/\/minghanggroup.com\/pt\/wp-json\/wp\/v2\/product_brand?post=5144"},{"taxonomy":"product_cat","embeddable":true,"href":"https:\/\/minghanggroup.com\/pt\/wp-json\/wp\/v2\/product_cat?post=5144"},{"taxonomy":"product_tag","embeddable":true,"href":"https:\/\/minghanggroup.com\/pt\/wp-json\/wp\/v2\/product_tag?post=5144"}],"curies":[{"name":"wp","href":"https:\/\/api.w.org\/{rel}","templated":true}]}}