{"id":5134,"date":"2026-01-23T10:09:57","date_gmt":"2026-01-23T02:09:57","guid":{"rendered":"https:\/\/minghanggroup.com\/?post_type=product&#038;p=5134"},"modified":"2026-01-23T10:09:59","modified_gmt":"2026-01-23T02:09:59","slug":"glass-unique-candle-jars-with-embossed-design-for-brand-bulk","status":"publish","type":"product","link":"https:\/\/minghanggroup.com\/pt\/produto\/glass-unique-candle-jars-with-embossed-design-for-brand-bulk\/","title":{"rendered":"Potes de vidro exclusivos de 460ml para velas com design em relevo, ideais para marcas e atacado."},"content":{"rendered":"<p>Seus potes de vela exclusivos n\u00e3o devem apenas armazenar cera \u2014 eles devem fazer sua loja brilhar como um jardim secreto. Como especialistas em potes de vidro para velas no atacado, criamos recipientes de luxo que transformam sua linha de velas em um item indispens\u00e1vel para seus clientes.<\/p>\n<h2>Caracter\u00edsticas do produto<\/h2>\n<ul>\n<li><strong>Estilo do padr\u00e3o:<\/strong> O padr\u00e3o em favo de mel tem um toque muito contempor\u00e2neo, enquanto o padr\u00e3o de folha de palmeira, por outro lado, tem um aspecto mais r\u00fastico, permitindo que seu casti\u00e7al expresse uma hist\u00f3ria que \u00e9 exclusivamente sua.<\/li>\n<li><strong>Base est\u00e1vel:<\/strong> O design da base elevada garante que o suporte permane\u00e7a perfeitamente est\u00e1vel, mesmo sobre uma mesa de m\u00e1rmore. Assim, seu casti\u00e7al n\u00e3o \u00e9 apenas robusto e dur\u00e1vel, mas tamb\u00e9m de qualidade excepcional.<\/li>\n<li><strong>Cristalino:<\/strong> O vidro transparente permite visualizar todas as cores do \u00f3leo de aromaterapia com muita clareza, sem qualquer distor\u00e7\u00e3o ou efeito de filtragem.<\/li>\n<\/ul>\n<h2>Especifica\u00e7\u00f5es principais<\/h2>\n<table style=\"border-collapse: collapse; width: 80%; margin-left: auto; margin-right: auto;\" border=\"0\" width=\"288\" cellspacing=\"0\" cellpadding=\"0\">\n<tbody>\n<tr style=\"height: 13.50pt;\">\n<td style=\"height: 13.5pt; width: 54pt; text-align: center;\" width=\"72\" height=\"18\">Tamanho<\/td>\n<td style=\"width: 54pt; text-align: center;\" width=\"72\">Dimens\u00f5es (mm)<\/td>\n<td style=\"width: 54pt; text-align: center;\" width=\"72\">Padr\u00f5es dispon\u00edveis<\/td>\n<td style=\"width: 54pt; text-align: center;\" width=\"72\">Cor<\/td>\n<\/tr>\n<tr style=\"height: 13.50pt;\">\n<td style=\"height: 13.5pt; text-align: center;\" height=\"18\">460ml<\/td>\n<td style=\"text-align: center;\">67 \u00d7 85 \u00d7 130<\/td>\n<td style=\"text-align: center;\">Palmeira, Mosaico, Favo de Mel, Moedas, Pontos, Leque<\/td>\n<td style=\"text-align: center;\">Limpar\/personalizar<\/td>\n<\/tr>\n<\/tbody>\n<\/table>\n<h2>Caso de sucesso<\/h2>\n<p>Uma marca norte-americana de aromaterapia de alta qualidade decidiu que nossos exclusivos potes de vela seriam a embalagem principal para sua nova linha de produtos. O cliente personalizou diversos padr\u00f5es em relevo, escolheu um acabamento fosco jateado com detalhes contrastantes de alto brilho, colocou o logotipo da marca na base e encomendou diferentes combina\u00e7\u00f5es de capacidade.<\/p>\n<p>Nos tr\u00eas primeiros meses ap\u00f3s o lan\u00e7amento do produto, os &#034;potes texturizados de edi\u00e7\u00e3o limitada&#034; tornaram-se um dos produtos mais vendidos. O cliente retornou para um segundo pedido em grande quantidade apenas tr\u00eas meses depois do primeiro, e a quantidade foi 45% maior que a do pedido inicial.<\/p>\n<h2>Suas op\u00e7\u00f5es de personaliza\u00e7\u00e3o<\/h2>\n<ol>\n<li><strong>Op\u00e7\u00f5es de acabamento de superf\u00edcie:<\/strong> Suporta processos mistos, como jateamento de areia + \u00e1reas polidas, revestimento de cor interna + transpar\u00eancia externa, para aprimorar a est\u00e9tica da tela.<\/li>\n<li><strong>Tampas personaliz\u00e1veis:<\/strong> O produto \u00e9 oferecido com tampas de madeira, vidro ou metal e tamb\u00e9m permite personaliza\u00e7\u00e3o de cores, grava\u00e7\u00e3o ou logotipos gravados a laser.<\/li>\n<li><strong>Marca\u00e7\u00e3o na parte inferior:<\/strong> A marca, a capacidade ou a origem da informa\u00e7\u00e3o podem ser gravadas em relevo na parte inferior do copo, conferindo assim um aspeto mais profissional e estando tamb\u00e9m em conformidade com as normas de retalho.<\/li>\n<\/ol>","protected":false},"excerpt":{"rendered":"<p>Descubra frascos de vela exclusivos com texturas ricas, ideais para cole\u00e7\u00f5es de marcas. Frascos de vidro para velas no atacado, direto da f\u00e1brica, com entrega r\u00e1pida garantida.<\/p>","protected":false},"featured_media":5143,"template":"","meta":{"postBodyCss":"","postBodyMargin":[],"postBodyPadding":[],"postBodyBackground":{"backgroundType":"classic","gradient":""}},"product_brand":[],"product_cat":[15,82,17],"product_tag":[],"class_list":{"0":"post-5134","1":"product","2":"type-product","3":"status-publish","4":"has-post-thumbnail","6":"product_cat-glass-containers","7":"product_cat-candle-jars","8":"product_cat-glass-jars","10":"first","11":"instock","12":"shipping-taxable","13":"product-type-simple"},"jetpack_sharing_enabled":true,"_links":{"self":[{"href":"https:\/\/minghanggroup.com\/pt\/wp-json\/wp\/v2\/product\/5134","targetHints":{"allow":["GET"]}}],"collection":[{"href":"https:\/\/minghanggroup.com\/pt\/wp-json\/wp\/v2\/product"}],"about":[{"href":"https:\/\/minghanggroup.com\/pt\/wp-json\/wp\/v2\/types\/product"}],"wp:featuredmedia":[{"embeddable":true,"href":"https:\/\/minghanggroup.com\/pt\/wp-json\/wp\/v2\/media\/5143"}],"wp:attachment":[{"href":"https:\/\/minghanggroup.com\/pt\/wp-json\/wp\/v2\/media?parent=5134"}],"wp:term":[{"taxonomy":"product_brand","embeddable":true,"href":"https:\/\/minghanggroup.com\/pt\/wp-json\/wp\/v2\/product_brand?post=5134"},{"taxonomy":"product_cat","embeddable":true,"href":"https:\/\/minghanggroup.com\/pt\/wp-json\/wp\/v2\/product_cat?post=5134"},{"taxonomy":"product_tag","embeddable":true,"href":"https:\/\/minghanggroup.com\/pt\/wp-json\/wp\/v2\/product_tag?post=5134"}],"curies":[{"name":"wp","href":"https:\/\/api.w.org\/{rel}","templated":true}]}}