{"id":5105,"date":"2026-01-22T15:58:16","date_gmt":"2026-01-22T07:58:16","guid":{"rendered":"https:\/\/minghanggroup.com\/?post_type=product&#038;p=5105"},"modified":"2026-01-22T16:51:00","modified_gmt":"2026-01-22T08:51:00","slug":"frosted-glass-candle-containers-with-lids-wholesale","status":"publish","type":"product","link":"https:\/\/minghanggroup.com\/pt\/produto\/frosted-glass-candle-containers-with-lids-wholesale\/","title":{"rendered":"Recipientes de vidro fosco para velas de 80ml e 95ml com tampas - Atacado"},"content":{"rendered":"<p>Os seus recipientes para velas com tampa n\u00e3o devem servir apenas para armazenar cera \u2014 devem fazer com que a sua loja seja o assunto da cidade. Como especialistas em frascos de vidro fosco para velas, criamos embalagens de vidro que transformam a sua linha de velas por atacado na favorita dos clientes.<\/p>\n<h2>Caracter\u00edsticas do produto<\/h2>\n<ul>\n<li><strong>Acabamento suave e fosco:<\/strong> Uma textura fosca difunde a luz de velas de forma muito suave e delicada, como a luz da lua, elevando instantaneamente a sensa\u00e7\u00e3o aconchegante da fragr\u00e2ncia da sua casa.<\/li>\n<li><strong>Feche bem a tampa:<\/strong> Uma tampa de madeira que se encaixa perfeitamente, evitando derramamentos de cera e ac\u00famulo de poeira. Seu recipiente para velas \u00e9 resistente, dur\u00e1vel e de alt\u00edssima qualidade.<\/li>\n<li><strong>Design cil\u00edndrico simples:<\/strong> O formato cil\u00edndrico atemporal \u00e9 ideal para o estilo minimalista escandinavo e pode ser adornado com etiquetas ou estampas para expressar um visual sofisticado.<\/li>\n<\/ul>\n<h2>Especifica\u00e7\u00f5es principais<\/h2>\n<table style=\"border-collapse: collapse; width: 80%; margin-left: auto; margin-right: auto;\" border=\"0\" width=\"288\" cellspacing=\"0\" cellpadding=\"0\">\n<tbody>\n<tr style=\"height: 13.50pt;\">\n<td style=\"height: 13.5pt; width: 54pt; text-align: center;\" width=\"72\" height=\"18\">Tamanho (ml)<\/td>\n<td style=\"width: 54pt; text-align: center;\" width=\"72\">Dimens\u00f5es (mm)<\/td>\n<td style=\"width: 54pt; text-align: center;\" width=\"72\">Tipo de tampa<\/td>\n<td style=\"width: 54pt; text-align: center;\" width=\"72\">Cor<\/td>\n<\/tr>\n<tr style=\"height: 13.50pt;\">\n<td style=\"height: 13.5pt; text-align: center;\" align=\"right\" height=\"18\">80<\/td>\n<td style=\"text-align: center;\">52 \u00d7 45 \u00d7 62<\/td>\n<td class=\"et2\" style=\"text-align: center;\" rowspan=\"2\">Pl\u00e1stico ou madeira<\/td>\n<td class=\"et2\" style=\"text-align: center;\" rowspan=\"2\">Fosco ou personalizado<\/td>\n<\/tr>\n<tr style=\"height: 13.50pt;\">\n<td style=\"height: 13.5pt; text-align: center;\" align=\"right\" height=\"18\">95<\/td>\n<td style=\"text-align: center;\">56 \u00d7 47 \u00d7 66<\/td>\n<\/tr>\n<\/tbody>\n<\/table>\n<h2>Caso de sucesso<\/h2>\n<p>Uma marca norte-americana de aromaterapia escolheu nosso porta-velas de vidro fosco como embalagem principal para sua nova linha de produtos. O porta-velas exibe um logotipo serigrafado em seda branca, e a tampa \u00e9 feita de madeira natural com a hist\u00f3ria da marca gravada, garantindo que ela seja facilmente reconhecida tanto com a vela acesa quanto apagada.<\/p>\n<p>Ap\u00f3s o lan\u00e7amento, as vendas desta s\u00e9rie aumentaram cerca de 42% em tr\u00eas meses, o que resultou em mais encomendas de vers\u00f5es personalizadas em v\u00e1rios tamanhos para ampliar suas linhas de produtos para feriados e assinaturas.<\/p>\n<h2>Suas op\u00e7\u00f5es de personaliza\u00e7\u00e3o<\/h2>\n<ol>\n<li><strong>Material e estrutura da tampa aprimorados: <\/strong>Nossas tampas s\u00e3o estruturalmente projetadas para suportar uma variedade de op\u00e7\u00f5es de madeira, como bambu, faia e carvalho, e tamb\u00e9m podem ser aprimoradas com um anel de veda\u00e7\u00e3o de silicone para torn\u00e1-las mais herm\u00e9ticas e, assim, reter mais aroma.<\/li>\n<li><strong>Personaliza\u00e7\u00e3o da marca no corpo do copo: <\/strong>O corpo do copo pode ser decorado com serigrafia, estampagem a quente (dourada ou prateada) ou pintura parcial por pulveriza\u00e7\u00e3o. O posicionamento e o tamanho do logotipo podem ser ajustados de forma bastante flex\u00edvel, de acordo com as necessidades de exibi\u00e7\u00e3o.<\/li>\n<li><strong>Op\u00e7\u00f5es de embalagem e combina\u00e7\u00e3o correspondentes: <\/strong>\u00c9 poss\u00edvel combinar uma caixa personalizada com uma bandeja interna ecol\u00f3gica ou uma caixa de presente. Isso facilita a venda direta no varejo da marca ou a promo\u00e7\u00e3o em datas comemorativas.<\/li>\n<\/ol>","protected":false},"excerpt":{"rendered":"<p>Potes foscos para velas, projetados para embalagens de velas premium. Esses recipientes para velas com tampas permitem o fornecimento direto da f\u00e1brica e a personaliza\u00e7\u00e3o seletiva em grandes quantidades.<\/p>","protected":false},"featured_media":5116,"template":"","meta":{"postBodyCss":"","postBodyMargin":[],"postBodyPadding":[],"postBodyBackground":{"backgroundType":"classic","gradient":""}},"product_brand":[],"product_cat":[15,82,17],"product_tag":[],"class_list":{"0":"post-5105","1":"product","2":"type-product","3":"status-publish","4":"has-post-thumbnail","6":"product_cat-glass-containers","7":"product_cat-candle-jars","8":"product_cat-glass-jars","10":"first","11":"instock","12":"shipping-taxable","13":"product-type-simple"},"jetpack_sharing_enabled":true,"_links":{"self":[{"href":"https:\/\/minghanggroup.com\/pt\/wp-json\/wp\/v2\/product\/5105","targetHints":{"allow":["GET"]}}],"collection":[{"href":"https:\/\/minghanggroup.com\/pt\/wp-json\/wp\/v2\/product"}],"about":[{"href":"https:\/\/minghanggroup.com\/pt\/wp-json\/wp\/v2\/types\/product"}],"wp:featuredmedia":[{"embeddable":true,"href":"https:\/\/minghanggroup.com\/pt\/wp-json\/wp\/v2\/media\/5116"}],"wp:attachment":[{"href":"https:\/\/minghanggroup.com\/pt\/wp-json\/wp\/v2\/media?parent=5105"}],"wp:term":[{"taxonomy":"product_brand","embeddable":true,"href":"https:\/\/minghanggroup.com\/pt\/wp-json\/wp\/v2\/product_brand?post=5105"},{"taxonomy":"product_cat","embeddable":true,"href":"https:\/\/minghanggroup.com\/pt\/wp-json\/wp\/v2\/product_cat?post=5105"},{"taxonomy":"product_tag","embeddable":true,"href":"https:\/\/minghanggroup.com\/pt\/wp-json\/wp\/v2\/product_tag?post=5105"}],"curies":[{"name":"wp","href":"https:\/\/api.w.org\/{rel}","templated":true}]}}