{"id":5082,"date":"2026-01-22T14:34:21","date_gmt":"2026-01-22T06:34:21","guid":{"rendered":"https:\/\/minghanggroup.com\/?post_type=product&#038;p=5082"},"modified":"2026-03-02T15:04:55","modified_gmt":"2026-03-02T07:04:55","slug":"textured-clear-glass-empty-candle-jars-bulk","status":"publish","type":"product","link":"https:\/\/minghanggroup.com\/pt\/produto\/textured-clear-glass-empty-candle-jars-bulk\/","title":{"rendered":"Potes de vidro transparente texturizado vazios para velas, 360ml, em grande quantidade."},"content":{"rendered":"<p>Seus potes de vela vazios n\u00e3o devem ficar apenas em uma prateleira \u2014 eles devem se tornar as estrelas da sua decora\u00e7\u00e3o de Natal. Como especialistas em potes de vela a granel, criamos embalagens de vidro que transformam sua linha de velas no atacado na favorita dos seus clientes.<\/p>\n<h2>Caracter\u00edsticas do produto<\/h2>\n<ul>\n<li><strong>Jogo de luzes com padr\u00f5es: <\/strong>Pontos de arroz texturizados espalham a luz de velas como poeira estelar, criando uma fragr\u00e2ncia instant\u00e2nea de luxo para o lar.<\/li>\n<li><strong>Base de vidro resistente: <\/strong>Base espessa, sem oscila\u00e7\u00f5es em mesas de m\u00e1rmore. Seu recipiente para velas transmite robustez e sofistica\u00e7\u00e3o.<\/li>\n<li><strong>Arte em Tela em Branco:<\/strong> Transforme seus potes de vela vazios em esculturas de mesa: zero desperd\u00edcio, m\u00e1ximo estilo.<\/li>\n<\/ul>\n<h2>Especifica\u00e7\u00f5es principais<\/h2>\n<table style=\"border-collapse: collapse; width: 80%; margin-right: auto; margin-left: auto;\" border=\"0\" width=\"288\" cellspacing=\"0\" cellpadding=\"0\">\n<tbody>\n<tr style=\"height: 13.50pt;\">\n<td style=\"height: 13.5pt; width: 54pt; text-align: center;\" width=\"72\" height=\"18\">Tamanho<\/td>\n<td style=\"width: 54pt; text-align: center;\" width=\"72\">Dimens\u00f5es (mm)<\/td>\n<td style=\"width: 54pt; text-align: center;\" width=\"72\">Padr\u00f5es dispon\u00edveis<\/td>\n<td style=\"width: 54pt; text-align: center;\" width=\"72\">Cor<\/td>\n<\/tr>\n<tr style=\"height: 13.50pt;\">\n<td style=\"height: 13.5pt; text-align: center;\" height=\"18\">360ml<\/td>\n<td style=\"text-align: center;\">95\u00d795\u00d787<\/td>\n<td style=\"text-align: center;\">Ponto de arroz, diamante, vertical, gota d&#039;\u00e1gua<\/td>\n<td style=\"text-align: center;\">Transparente ou personalizado<\/td>\n<\/tr>\n<\/tbody>\n<\/table>\n<h2>Caso de sucesso<\/h2>\n<p>Uma marca boutique de fragr\u00e2ncias para casa, focada em velas artesanais de cera de soja, optou por nossos potes de vidro texturizado e os personalizou adicionando um elegante logotipo em relevo na base. Os potes t\u00eam um sofisticado vidro rosa esfuma\u00e7ado e um design simples impresso em serigrafia que harmoniza perfeitamente com a hist\u00f3ria da fragr\u00e2ncia.<\/p>\n<p>Ap\u00f3s o lan\u00e7amento da linha de produtos, a marca registrou um aumento de 45% nas compras recorrentes e uma melhora significativa na atratividade das prateleiras em suas lojas conceito. Por isso, decidiram continuar fazendo pedidos em grande quantidade pelos pr\u00f3ximos trimestres.<\/p>\n<h2>Suas op\u00e7\u00f5es de personaliza\u00e7\u00e3o<\/h2>\n<ol>\n<li><strong>Design de logotipo em relevo\/baixo-relevo:<\/strong> Propomos um toque original para a marca da bebida destilada, um logotipo levemente em relevo na frente ou no fundo da garrafa, que servir\u00e1 como identifica\u00e7\u00e3o permanente da marca.<\/li>\n<li><strong>Op\u00e7\u00f5es de cores de vidro personalizadas:<\/strong> Al\u00e9m do cl\u00e1ssico vidro transparente, oferecemos a op\u00e7\u00e3o de cores personalizadas, como cinza fum\u00ea, \u00e2mbar, marrom claro ou qualquer outra tonalidade.<\/li>\n<li><strong>Serigrafia para impress\u00e3o de padr\u00f5es e textos:<\/strong> Somos capazes de fornecer impress\u00e3o serigr\u00e1fica em uma ou v\u00e1rias cores para a impress\u00e3o de nomes de fragr\u00e2ncias, slogans de marcas, etc., a fim de aumentar a visibilidade nas prateleiras.<\/li>\n<\/ol>","protected":false},"excerpt":{"rendered":"<p>Potes de vela elegantes em grande quantidade, com vidro texturizado. Fornecimento direto da f\u00e1brica de potes de vela vazios, com acabamentos personalizados, amostras gr\u00e1tis e produ\u00e7\u00e3o est\u00e1vel para atacado.<\/p>","protected":false},"featured_media":5098,"template":"","meta":{"postBodyCss":"","postBodyMargin":[],"postBodyPadding":[],"postBodyBackground":{"backgroundType":"classic","gradient":""}},"product_brand":[],"product_cat":[15,82,17],"product_tag":[97,96],"class_list":{"0":"post-5082","1":"product","2":"type-product","3":"status-publish","4":"has-post-thumbnail","6":"product_cat-glass-containers","7":"product_cat-candle-jars","8":"product_cat-glass-jars","9":"product_tag-rocks-glass","10":"product_tag-whiskey-tumblers","12":"first","13":"instock","14":"shipping-taxable","15":"product-type-simple"},"jetpack_sharing_enabled":true,"_links":{"self":[{"href":"https:\/\/minghanggroup.com\/pt\/wp-json\/wp\/v2\/product\/5082","targetHints":{"allow":["GET"]}}],"collection":[{"href":"https:\/\/minghanggroup.com\/pt\/wp-json\/wp\/v2\/product"}],"about":[{"href":"https:\/\/minghanggroup.com\/pt\/wp-json\/wp\/v2\/types\/product"}],"wp:featuredmedia":[{"embeddable":true,"href":"https:\/\/minghanggroup.com\/pt\/wp-json\/wp\/v2\/media\/5098"}],"wp:attachment":[{"href":"https:\/\/minghanggroup.com\/pt\/wp-json\/wp\/v2\/media?parent=5082"}],"wp:term":[{"taxonomy":"product_brand","embeddable":true,"href":"https:\/\/minghanggroup.com\/pt\/wp-json\/wp\/v2\/product_brand?post=5082"},{"taxonomy":"product_cat","embeddable":true,"href":"https:\/\/minghanggroup.com\/pt\/wp-json\/wp\/v2\/product_cat?post=5082"},{"taxonomy":"product_tag","embeddable":true,"href":"https:\/\/minghanggroup.com\/pt\/wp-json\/wp\/v2\/product_tag?post=5082"}],"curies":[{"name":"wp","href":"https:\/\/api.w.org\/{rel}","templated":true}]}}