{"id":5044,"date":"2026-01-21T16:48:11","date_gmt":"2026-01-21T08:48:11","guid":{"rendered":"https:\/\/minghanggroup.com\/?post_type=product&#038;p=5044"},"modified":"2026-01-21T16:59:05","modified_gmt":"2026-01-21T08:59:05","slug":"vertical-stripes-diffuser-bottle-with-sticks-wholesale","status":"publish","type":"product","link":"https:\/\/minghanggroup.com\/pt\/produto\/vertical-stripes-diffuser-bottle-with-sticks-wholesale\/","title":{"rendered":"Difusor de 130ml com listras verticais e varetas - Atacado"},"content":{"rendered":"<p>Seu frasco difusor com varetas n\u00e3o deve apenas conter o aroma \u2014 ele deve fazer a luz dan\u00e7ar sobre sua mesa como seda l\u00edquida. Como especialistas em frascos difusores de vidro redondos, criamos difusores de varetas de vidro que transformam seu difusor de \u00f3leos essenciais em um ponto de partida silencioso para conversas no ambiente.<\/p>\n<h2>Caracter\u00edsticas do produto<\/h2>\n<ul>\n<li><strong>Sulcos de dispers\u00e3o de luz:<\/strong> Uma s\u00e9rie de linhas verticais reflete a luz como se fossem diamantes l\u00edquidos; decorar seu espa\u00e7o com fragr\u00e2ncia nunca foi t\u00e3o bonito.<\/li>\n<li><strong>Seguran\u00e7a para pesco\u00e7o redondo:<\/strong> Enrosque em junco de rattan natural, est\u00e1vel e \u00e0 prova de derramamentos.<\/li>\n<li><strong>Arte com Garrafas Vazias:<\/strong> Transformar seu copo vazio em um item de decora\u00e7\u00e3o para a mesa: zero desperd\u00edcio e muito estilo ao mesmo tempo.<\/li>\n<\/ul>\n<h2>Especifica\u00e7\u00f5es principais<\/h2>\n<table style=\"border-collapse: collapse; width: 80%; margin-left: auto; margin-right: auto;\" border=\"0\" width=\"288\" cellspacing=\"0\" cellpadding=\"0\">\n<tbody>\n<tr style=\"height: 13.50pt;\">\n<td style=\"height: 13.5pt; width: 54pt; text-align: center;\" width=\"72\" height=\"18\">Tamanho<\/td>\n<td style=\"width: 54pt; text-align: center;\" width=\"72\">Dimens\u00f5es (mm)<\/td>\n<td style=\"width: 54pt; text-align: center;\" width=\"72\">Tipo de pesco\u00e7o<\/td>\n<td style=\"width: 54pt; text-align: center;\" width=\"72\">Recurso<\/td>\n<\/tr>\n<tr style=\"height: 13.50pt;\">\n<td style=\"height: 13.5pt; text-align: center;\" height=\"18\">130 ml<\/td>\n<td style=\"text-align: center;\">50 \u00d7 127<\/td>\n<td style=\"text-align: center;\">Tampa de rosca<\/td>\n<td style=\"text-align: center;\">sulcos verticais<\/td>\n<\/tr>\n<\/tbody>\n<\/table>\n<h2>Caso de sucesso<\/h2>\n<p>Uma marca de fragr\u00e2ncias para casa precisava de um frasco difusor que n\u00e3o s\u00f3 valorizasse sua linha de fragr\u00e2ncias minimalistas, mas tamb\u00e9m transmitisse uma imagem premium no ponto de venda. Em sintonia com o lan\u00e7amento do novo produto, optaram pelo nosso frasco difusor de vidro transparente e o personalizaram com um acabamento fosco, um elegante logotipo da marca em relevo no ombro e delicados padr\u00f5es de linhas impressos em serigrafia, em perfeita sintonia com o estilo da marca.<\/p>\n<p>O design aprimorado da garrafa foi fundamental para o crescimento de 35% nas vendas da marca em apenas dois meses. Motivada pela rea\u00e7\u00e3o favor\u00e1vel do mercado, a marca continuou fazendo pedidos por v\u00e1rios trimestres consecutivos.<\/p>\n<h2>Suas op\u00e7\u00f5es de personaliza\u00e7\u00e3o<\/h2>\n<ol>\n<li><strong>Design de logotipo em relevo\/baixo-relevo:<\/strong> Coloque um logotipo em relevo quase impercept\u00edvel na frente ou no fundo da garrafa. Isso garante que a marca seja identificada permanentemente sem a necessidade de impress\u00e3o adicional, sendo particularmente adequado para produtos padronizados de longa dura\u00e7\u00e3o.<\/li>\n<li><strong>Op\u00e7\u00f5es de cores de vidro personalizadas:<\/strong> Al\u00e9m da cor transparente padr\u00e3o, as op\u00e7\u00f5es personalizadas incluem cinza esfuma\u00e7ado, \u00e2mbar, marrom claro ou as cores suaves da Morandi, que podem ser usadas para diferenciar fragr\u00e2ncias ou linhas de produtos.<\/li>\n<li><strong>Serigrafia, impress\u00e3o de padr\u00f5es e textos:<\/strong> \u00c9 poss\u00edvel realizar serigrafia em uma ou v\u00e1rias cores, permitindo a impress\u00e3o de nomes de fragr\u00e2ncias, slogans de marcas ou padr\u00f5es geom\u00e9tricos, aumentando assim a visibilidade nas prateleiras sem afetar a textura do frasco.<\/li>\n<\/ol>","protected":false},"excerpt":{"rendered":"<p>Frasco difusor com varetas, de formato redondo e listras verticais. Fornecimento direto da f\u00e1brica de frascos difusores de vidro e personaliza\u00e7\u00e3o em grandes quantidades dispon\u00edvel.<\/p>","protected":false},"featured_media":5048,"template":"","meta":{"postBodyCss":"","postBodyMargin":[],"postBodyPadding":[],"postBodyBackground":{"backgroundType":"classic","gradient":""}},"product_brand":[],"product_cat":[15,16,63],"product_tag":[],"class_list":{"0":"post-5044","1":"product","2":"type-product","3":"status-publish","4":"has-post-thumbnail","6":"product_cat-glass-containers","7":"product_cat-glass-bottles","8":"product_cat-reed-diffuser-bottles","10":"first","11":"instock","12":"shipping-taxable","13":"product-type-simple"},"jetpack_sharing_enabled":true,"_links":{"self":[{"href":"https:\/\/minghanggroup.com\/pt\/wp-json\/wp\/v2\/product\/5044","targetHints":{"allow":["GET"]}}],"collection":[{"href":"https:\/\/minghanggroup.com\/pt\/wp-json\/wp\/v2\/product"}],"about":[{"href":"https:\/\/minghanggroup.com\/pt\/wp-json\/wp\/v2\/types\/product"}],"wp:featuredmedia":[{"embeddable":true,"href":"https:\/\/minghanggroup.com\/pt\/wp-json\/wp\/v2\/media\/5048"}],"wp:attachment":[{"href":"https:\/\/minghanggroup.com\/pt\/wp-json\/wp\/v2\/media?parent=5044"}],"wp:term":[{"taxonomy":"product_brand","embeddable":true,"href":"https:\/\/minghanggroup.com\/pt\/wp-json\/wp\/v2\/product_brand?post=5044"},{"taxonomy":"product_cat","embeddable":true,"href":"https:\/\/minghanggroup.com\/pt\/wp-json\/wp\/v2\/product_cat?post=5044"},{"taxonomy":"product_tag","embeddable":true,"href":"https:\/\/minghanggroup.com\/pt\/wp-json\/wp\/v2\/product_tag?post=5044"}],"curies":[{"name":"wp","href":"https:\/\/api.w.org\/{rel}","templated":true}]}}