{"id":5020,"date":"2026-01-21T15:53:59","date_gmt":"2026-01-21T07:53:59","guid":{"rendered":"https:\/\/minghanggroup.com\/?post_type=product&#038;p=5020"},"modified":"2026-01-21T15:54:01","modified_gmt":"2026-01-21T07:54:01","slug":"octagonal-ribbed-reed-diffuser-empty-bottles-bulk","status":"publish","type":"product","link":"https:\/\/minghanggroup.com\/pt\/produto\/octagonal-ribbed-reed-diffuser-empty-bottles-bulk\/","title":{"rendered":"Frascos vazios para difusor de varetas octogonais com nervuras, de 50 ml, 90 ml e 100 ml (em atacado)."},"content":{"rendered":"<p>Os frascos vazios do seu difusor de varetas n\u00e3o devem ficar apenas guardados \u2014 eles devem se tornar pe\u00e7as de decora\u00e7\u00e3o para sua mesa quando voc\u00ea terminar de us\u00e1-los. Como especialistas em frascos para \u00f3leos essenciais de difusores de varetas, criamos frascos de vidro que transformam seu difusor em um ponto focal silencioso para conversas no ambiente.<\/p>\n<h2>Caracter\u00edsticas do produto<\/h2>\n<ul>\n<li><strong>Jogo de Luz Octogonal: <\/strong>As arestas afiadas dispersam a luz como vitrais, criando uma obra de arte instant\u00e2nea para perfumar sua casa.<\/li>\n<li><strong>Parafuso, Seguran\u00e7a M\u00e1xima: <\/strong>Prenda as varetas de rattan natural torcendo-as, sem folgas, sem derramamentos.<\/li>\n<li><strong>Clareza cristalina:<\/strong> \u00c9 poss\u00edvel visualizar cada gota de \u00f3leos essenciais perfumados atrav\u00e9s do vidro transparente, sem filtros que embacem.<\/li>\n<\/ul>\n<h2>Especifica\u00e7\u00f5es principais<\/h2>\n<table style=\"border-collapse: collapse; width: 80%; margin-left: auto; margin-right: auto;\" border=\"0\" width=\"288\" cellspacing=\"0\" cellpadding=\"0\">\n<tbody>\n<tr style=\"height: 13.50pt;\">\n<td style=\"height: 13.5pt; width: 54pt; text-align: center;\" width=\"72\" height=\"18\">Tamanho (ml)<\/td>\n<td style=\"width: 54pt; text-align: center;\" width=\"72\">Dimens\u00f5es (mm)<\/td>\n<td style=\"width: 54pt; text-align: center;\" width=\"72\">Tipo de pesco\u00e7o<\/td>\n<td style=\"width: 54pt; text-align: center;\" width=\"72\">Recurso<\/td>\n<\/tr>\n<tr style=\"height: 13.50pt;\">\n<td style=\"height: 13.5pt; text-align: center;\" align=\"right\" height=\"18\">50<\/td>\n<td style=\"text-align: center;\">54 \u00d7 66<\/td>\n<td class=\"et2\" style=\"text-align: center;\" rowspan=\"3\">Tampa de rosca<\/td>\n<td class=\"et2\" style=\"text-align: center;\" rowspan=\"3\">Linhas octogonais<\/td>\n<\/tr>\n<tr style=\"height: 13.50pt;\">\n<td style=\"height: 13.5pt; text-align: center;\" align=\"right\" height=\"18\">90<\/td>\n<td style=\"text-align: center;\">64 \u00d7 77<\/td>\n<\/tr>\n<tr style=\"height: 13.50pt;\">\n<td style=\"height: 13.5pt; text-align: center;\" align=\"right\" height=\"18\">100<\/td>\n<td style=\"text-align: center;\">72 \u00d7 90<\/td>\n<\/tr>\n<\/tbody>\n<\/table>\n<h2>Caso de sucesso<\/h2>\n<p>Uma marca de luxo de fragr\u00e2ncias para casa escolheu os frascos difusores de vidro octogonais com listras verticais da nossa cole\u00e7\u00e3o e personalizou o acabamento fosco suave com o logotipo da marca em relevo na frente. Para elevar ainda mais a imagem da marca, foram adicionados elegantes padr\u00f5es impressos em serigrafia aos frascos.<\/p>\n<p>Ao utilizar este frasco difusor personalizado, a atratividade do produto na prateleira aumentou 35%, e os pedidos recorrentes dos distribuidores cresceram 28%. Eles continuaram a fazer pedidos em grande quantidade nos dois trimestres seguintes.<\/p>\n<h2>Suas op\u00e7\u00f5es de personaliza\u00e7\u00e3o<\/h2>\n<ol>\n<li><strong>Personaliza\u00e7\u00e3o de logotipos em relevo ou baixo-relevo:<\/strong> Colocar um logotipo da marca em relevo ou baixo-relevo na superf\u00edcie plana do corpo octogonal da garrafa proporciona uma sensa\u00e7\u00e3o t\u00e1til, al\u00e9m de refor\u00e7ar visualmente a impress\u00e3o de produto premium e o reconhecimento da marca.<\/li>\n<li><strong>Op\u00e7\u00f5es de tratamento da superf\u00edcie da garrafa:<\/strong> Opte por um acabamento totalmente fosco, parcialmente fosco ou fosco degrad\u00ea, que criar\u00e1 um jogo de luz e sombra com a estrutura canelada vertical. Figurativamente, isso seria \u00f3timo para linhas de fragr\u00e2ncias sofisticadas, requintadas ou naturais.<\/li>\n<li><strong>Personaliza\u00e7\u00e3o da cor do vidro:<\/strong> Al\u00e9m da cor transparente, as op\u00e7\u00f5es podem ser cinza (fum\u00ea), \u00e2mbar, marrom claro ou uma cor personalizada da marca, espec\u00edfica para cada marca, que combine bem com ela e, ao mesmo tempo, leve em considera\u00e7\u00e3o o aspecto funcional do frasco para proteger o \u00f3leo da fragr\u00e2ncia da luz.<\/li>\n<\/ol>","protected":false},"excerpt":{"rendered":"<p>Frascos vazios para difusor de varetas, com nervuras octogonais e acabamento em vidro transparente, diretamente da f\u00e1brica. Personaliza\u00e7\u00e3o em grande escala dispon\u00edvel para frascos de \u00f3leo para difusor de varetas.<\/p>","protected":false},"featured_media":5041,"template":"","meta":{"postBodyCss":"","postBodyMargin":[],"postBodyPadding":[],"postBodyBackground":{"backgroundType":"classic","gradient":""}},"product_brand":[],"product_cat":[15,16,63],"product_tag":[],"class_list":{"0":"post-5020","1":"product","2":"type-product","3":"status-publish","4":"has-post-thumbnail","6":"product_cat-glass-containers","7":"product_cat-glass-bottles","8":"product_cat-reed-diffuser-bottles","10":"first","11":"instock","12":"shipping-taxable","13":"product-type-simple"},"jetpack_sharing_enabled":true,"_links":{"self":[{"href":"https:\/\/minghanggroup.com\/pt\/wp-json\/wp\/v2\/product\/5020","targetHints":{"allow":["GET"]}}],"collection":[{"href":"https:\/\/minghanggroup.com\/pt\/wp-json\/wp\/v2\/product"}],"about":[{"href":"https:\/\/minghanggroup.com\/pt\/wp-json\/wp\/v2\/types\/product"}],"wp:featuredmedia":[{"embeddable":true,"href":"https:\/\/minghanggroup.com\/pt\/wp-json\/wp\/v2\/media\/5041"}],"wp:attachment":[{"href":"https:\/\/minghanggroup.com\/pt\/wp-json\/wp\/v2\/media?parent=5020"}],"wp:term":[{"taxonomy":"product_brand","embeddable":true,"href":"https:\/\/minghanggroup.com\/pt\/wp-json\/wp\/v2\/product_brand?post=5020"},{"taxonomy":"product_cat","embeddable":true,"href":"https:\/\/minghanggroup.com\/pt\/wp-json\/wp\/v2\/product_cat?post=5020"},{"taxonomy":"product_tag","embeddable":true,"href":"https:\/\/minghanggroup.com\/pt\/wp-json\/wp\/v2\/product_tag?post=5020"}],"curies":[{"name":"wp","href":"https:\/\/api.w.org\/{rel}","templated":true}]}}