{"id":5010,"date":"2026-01-21T14:51:15","date_gmt":"2026-01-21T06:51:15","guid":{"rendered":"https:\/\/minghanggroup.com\/?post_type=product&#038;p=5010"},"modified":"2026-01-21T15:28:37","modified_gmt":"2026-01-21T07:28:37","slug":"clear-diffuser-empty-glass-bottles-wholesale","status":"publish","type":"product","link":"https:\/\/minghanggroup.com\/pt\/produto\/clear-diffuser-empty-glass-bottles-wholesale\/","title":{"rendered":"Frascos de vidro vazios para difusor transparente de 120ml - Atacado"},"content":{"rendered":"<p>Este frasco de vidro vazio para difusor possui uma silhueta muito elegante: a figura de um mel\u00e3o com oito p\u00e9talas. O corpo do frasco \u00e9 composto por oito curvas suaves que percorrem a dist\u00e2ncia entre a base e o ombro, criando uma superf\u00edcie muito bem esculpida.<\/p>\n<h2>Caracter\u00edsticas do produto<\/h2>\n<ul>\n<li><strong>Formato de mel\u00e3o com oito p\u00e9talas:<\/strong> As curvas fluem em oito p\u00e9talas, o que proporciona maior profundidade \u00e0 vis\u00e3o da garrafa, e a luz, refratada, confere uma sensa\u00e7\u00e3o e apar\u00eancia sofisticadas e acolhedoras.<\/li>\n<li><strong>Design de boca larga:<\/strong> O design de boca larga facilita o processo de enchimento, al\u00e9m de aumentar a visibilidade e o apelo est\u00e9tico da garrafa.<\/li>\n<li><strong>Capacidade de 120ml:<\/strong> A capacidade moderada de 120ml \u00e9 adequada \u00e0s necessidades de di\u00e1lise da maioria das salas de estar e quartos, al\u00e9m de oferecer uma fragr\u00e2ncia duradoura.<\/li>\n<\/ul>\n<h2 style=\"text-align: left;\">Especifica\u00e7\u00f5es principais<\/h2>\n<table class=\"aligncenter\" style=\"border-collapse: collapse; width: 435.77pt;\" border=\"0\" width=\"581\" cellspacing=\"0\" cellpadding=\"0\">\n<tbody>\n<tr style=\"height: 13.50pt;\">\n<td style=\"height: 13.50pt; width: 116.25pt;\" width=\"155\" height=\"18\">Especifica\u00e7\u00e3o<\/td>\n<td style=\"width: 319.50pt;\" width=\"426\">Detalhes<\/td>\n<\/tr>\n<tr style=\"height: 13.50pt;\">\n<td style=\"height: 13.50pt;\" height=\"18\">Capacidade<\/td>\n<td>120ml<\/td>\n<\/tr>\n<tr style=\"height: 13.50pt;\">\n<td style=\"height: 13.50pt;\" height=\"18\">Dimens\u00f5es<\/td>\n<td>67\u00d7101mm<\/td>\n<\/tr>\n<tr style=\"height: 13.50pt;\">\n<td style=\"height: 13.50pt;\" height=\"18\">Di\u00e2metro interno\/externo do pesco\u00e7o<\/td>\n<td>18 mm \/ 38 mm<\/td>\n<\/tr>\n<tr style=\"height: 13.50pt;\">\n<td style=\"height: 13.50pt;\" height=\"18\">Material<\/td>\n<td>Vidro de cal sodada<\/td>\n<\/tr>\n<tr style=\"height: 13.50pt;\">\n<td style=\"height: 13.50pt;\" height=\"18\">Formato de garrafa<\/td>\n<td>Costela de mel\u00e3o de oito l\u00f3bulos<\/td>\n<\/tr>\n<tr style=\"height: 13.50pt;\">\n<td style=\"height: 13.50pt;\" height=\"18\">Escopo de personaliza\u00e7\u00e3o<\/td>\n<td>Cor, tamanho, forma, textura da superf\u00edcie<\/td>\n<\/tr>\n<tr style=\"height: 13.50pt;\">\n<td style=\"height: 13.50pt;\" height=\"18\">Artesanato<\/td>\n<td>Moldagem de vidro multilobado, forma\u00e7\u00e3o de boca alargada<\/td>\n<\/tr>\n<tr style=\"height: 13.50pt;\">\n<td style=\"height: 13.50pt;\" height=\"18\">Finalidade do produto<\/td>\n<td>Frascos de vidro para difusor no atacado, recipientes para \u00f3leos essenciais.<\/td>\n<\/tr>\n<tr style=\"height: 13.50pt;\">\n<td style=\"height: 13.50pt;\" height=\"18\">Ind\u00fastrias adequadas<\/td>\n<td>Marcas minimalistas para casa, varejo boutique<\/td>\n<\/tr>\n<\/tbody>\n<\/table>\n<h2>Caso de Sucesso: S\u00e9rie de Decora\u00e7\u00e3o N\u00f3rdica Mais Vendida<\/h2>\n<p>Nosso frasco difusor de vidro de 120ml tornou-se o produto principal de uma marca n\u00f3rdica de decora\u00e7\u00e3o para casa. Sua filosofia de est\u00e9tica org\u00e2nica, mencionada em 80% das avalia\u00e7\u00f5es positivas, reflete-se perfeitamente no formato org\u00e2nico de mel\u00e3o. O visual sofisticado resultou em um aumento de 200% no compartilhamento nas redes sociais. A marca ficou bastante satisfeita e encomendou mais 500.000 frascos para sua cole\u00e7\u00e3o permanente e novas linhas de produtos sazonais.<\/p>\n<h2>Frascos difusores de vidro para venda por atacado com personaliza\u00e7\u00e3o<\/h2>\n<ul>\n<li>Cor e tonalidade do vidro: Estar\u00e1 dispon\u00edvel em quatro cores: transparente, cinza claro, verde claro e branco fosco.<\/li>\n<li>Varia\u00e7\u00f5es nas p\u00e9talas: Pode haver uma mudan\u00e7a no n\u00famero de p\u00e9talas (por exemplo, seis ou dez) ou em sua profundidade e curvatura.<\/li>\n<li>Decora\u00e7\u00f5es em vidro em relevo: \u00c9 utilizado um processo bicolor em que o interior da garrafa \u00e9 decorado com vidro colorido em relevo.<\/li>\n<li>Base\/fundo em relevo: Coloque um pequeno logotipo ou padr\u00e3o de folha em relevo na parte inferior da garrafa.<\/li>\n<\/ul>","protected":false},"excerpt":{"rendered":"<p>Frasco de vidro transparente vazio para difusor, com elegantes nervuras curvas, ideal para exibi\u00e7\u00e3o em aromaterapia. Fornecimento por atacado de frascos de vidro dur\u00e1veis \u200b\u200bpara difusor. Direto da f\u00e1brica.<\/p>","protected":false},"featured_media":5019,"template":"","meta":{"postBodyCss":"","postBodyMargin":[],"postBodyPadding":[],"postBodyBackground":{"backgroundType":"classic","gradient":""}},"product_brand":[],"product_cat":[15,16,63],"product_tag":[],"class_list":{"0":"post-5010","1":"product","2":"type-product","3":"status-publish","4":"has-post-thumbnail","6":"product_cat-glass-containers","7":"product_cat-glass-bottles","8":"product_cat-reed-diffuser-bottles","10":"first","11":"instock","12":"shipping-taxable","13":"product-type-simple"},"jetpack_sharing_enabled":true,"_links":{"self":[{"href":"https:\/\/minghanggroup.com\/pt\/wp-json\/wp\/v2\/product\/5010","targetHints":{"allow":["GET"]}}],"collection":[{"href":"https:\/\/minghanggroup.com\/pt\/wp-json\/wp\/v2\/product"}],"about":[{"href":"https:\/\/minghanggroup.com\/pt\/wp-json\/wp\/v2\/types\/product"}],"wp:featuredmedia":[{"embeddable":true,"href":"https:\/\/minghanggroup.com\/pt\/wp-json\/wp\/v2\/media\/5019"}],"wp:attachment":[{"href":"https:\/\/minghanggroup.com\/pt\/wp-json\/wp\/v2\/media?parent=5010"}],"wp:term":[{"taxonomy":"product_brand","embeddable":true,"href":"https:\/\/minghanggroup.com\/pt\/wp-json\/wp\/v2\/product_brand?post=5010"},{"taxonomy":"product_cat","embeddable":true,"href":"https:\/\/minghanggroup.com\/pt\/wp-json\/wp\/v2\/product_cat?post=5010"},{"taxonomy":"product_tag","embeddable":true,"href":"https:\/\/minghanggroup.com\/pt\/wp-json\/wp\/v2\/product_tag?post=5010"}],"curies":[{"name":"wp","href":"https:\/\/api.w.org\/{rel}","templated":true}]}}