{"id":4980,"date":"2026-01-21T12:00:07","date_gmt":"2026-01-21T04:00:07","guid":{"rendered":"https:\/\/minghanggroup.com\/?post_type=product&#038;p=4980"},"modified":"2026-01-21T13:54:11","modified_gmt":"2026-01-21T05:54:11","slug":"100ml-reed-diffuser-jars-with-faceted-bulk","status":"publish","type":"product","link":"https:\/\/minghanggroup.com\/pt\/produto\/100ml-reed-diffuser-jars-with-faceted-bulk\/","title":{"rendered":"Frascos difusores de varetas de 50ml e 100ml com difusor facetado (a granel)"},"content":{"rendered":"<p>Este difusor de varetas tem formato cil\u00edndrico com um design lapidado em diamante de acabamento impec\u00e1vel. Uma rosca padr\u00e3o garante uma veda\u00e7\u00e3o perfeita.<\/p>\n<h2>Caracter\u00edsticas do produto<\/h2>\n<ul>\n<li><strong>Padr\u00e3o de corte diamante com cobertura total:<\/strong> O padr\u00e3o pequeno e suave, com corte em diamante, confere um brilho especial e um toque de luxo.<\/li>\n<li><strong>Veda\u00e7\u00e3o roscada precisa:<\/strong> O design tradicional com rosca no gargalo garante um encaixe perfeito e firme, evitando vazamentos e permitindo que voc\u00ea exiba seu perfume com seguran\u00e7a.<\/li>\n<li><strong>Dois tamanhos de treino:<\/strong> Frasco de 50ml para ser exibido na mesa e oferecido como presente; frasco de 100ml para uso dom\u00e9stico.<\/li>\n<\/ul>\n<h2 style=\"text-align: left;\">Especifica\u00e7\u00f5es principais<\/h2>\n<table class=\"aligncenter\" style=\"border-collapse: collapse; width: 447.02pt;\" border=\"0\" width=\"596\" cellspacing=\"0\" cellpadding=\"0\">\n<tbody>\n<tr style=\"height: 13.50pt;\">\n<td style=\"height: 13.50pt; width: 116.25pt;\" width=\"155\" height=\"18\">Especifica\u00e7\u00e3o<\/td>\n<td style=\"width: 330.75pt;\" width=\"441\">Detalhes<\/td>\n<\/tr>\n<tr style=\"height: 13.50pt;\">\n<td style=\"height: 13.50pt;\" height=\"18\">Capacidade<\/td>\n<td>50ml \/ 100ml<\/td>\n<\/tr>\n<tr style=\"height: 13.50pt;\">\n<td style=\"height: 13.50pt;\" height=\"18\">Dimens\u00f5es<\/td>\n<td>62\u00d749\u00d772mm \/ 77\u00d761\u00d785mm<\/td>\n<\/tr>\n<tr style=\"height: 13.50pt;\">\n<td style=\"height: 13.50pt;\" height=\"18\">Di\u00e2metro interno\/externo do pesco\u00e7o<\/td>\n<td>17 mm \/ 27 mm (ambos)<\/td>\n<\/tr>\n<tr style=\"height: 13.50pt;\">\n<td style=\"height: 13.50pt;\" height=\"18\">Material<\/td>\n<td>Vidro de cal sodada<\/td>\n<\/tr>\n<tr style=\"height: 13.50pt;\">\n<td style=\"height: 13.50pt;\" height=\"18\">Formato de garrafa<\/td>\n<td>Cilindro facetado<\/td>\n<\/tr>\n<tr style=\"height: 13.50pt;\">\n<td style=\"height: 13.50pt;\" height=\"18\">Escopo de personaliza\u00e7\u00e3o<\/td>\n<td>Cor, tamanho, cobertura, douramento<\/td>\n<\/tr>\n<tr style=\"height: 13.50pt;\">\n<td style=\"height: 13.50pt;\" height=\"18\">Artesanato<\/td>\n<td>Prensagem de vidro de precis\u00e3o, corte de rosca<\/td>\n<\/tr>\n<tr style=\"height: 13.50pt;\">\n<td style=\"height: 13.50pt;\" height=\"18\">Finalidade do produto<\/td>\n<td>Frascos modernos para difusor de varetas, frascos de \u00f3leos perfumados premium.<\/td>\n<\/tr>\n<tr style=\"height: 13.50pt;\">\n<td style=\"height: 13.50pt;\" height=\"18\">Ind\u00fastrias adequadas<\/td>\n<td>Fragr\u00e2ncias modernas para o lar, hotelaria de luxo.<\/td>\n<\/tr>\n<\/tbody>\n<\/table>\n<h2>Estudo de Caso<\/h2>\n<p>Nossos frascos de difusor de varetas de 100 ml foram encomendados por um grupo hoteleiro de luxo na Am\u00e9rica do Norte para serem usados \u200b\u200bem sua nova fragr\u00e2ncia personalizada. O design com corte em diamante agradou aos h\u00f3spedes, embora 40% das vendas do produto para os quartos tenham sido feitas por pessoas que desejavam t\u00ea-lo em casa. O formato pesado e discreto do frasco elimina completamente as chances de acidentes por tombamento. O gargalo interno tem 17 mm de di\u00e2metro, o que permite a f\u00e1cil instala\u00e7\u00e3o de um bico universal. O hotel ficou t\u00e3o satisfeito que fez um novo pedido de 450.000 frascos para serem usados \u200b\u200bem todas as su\u00edtes nos pr\u00f3ximos tr\u00eas anos.<\/p>\n<h2>Personaliza\u00e7\u00e3o de Frascos para Difusores de Varetas<\/h2>\n<ul>\n<li>Cor e transpar\u00eancia do vidro: Dispon\u00edvel em transparente, cinza claro, preto ou \u00e2mbar, conferindo-lhe uma apar\u00eancia sofisticada.<\/li>\n<li>Varia\u00e7\u00e3o do padr\u00e3o de corte: A profundidade, a geometria ou o tamanho do padr\u00e3o de corte em diamante podem ser alterados.<\/li>\n<li>Acabamento fosco: Suavize o brilho com um acabamento fosco ou levemente fosco para obter uma apar\u00eancia luxuosa e opaca.<\/li>\n<li>Grava\u00e7\u00e3o a laser: Grave em superf\u00edcies de corte selecionadas uma pequena marca ou desenho.<\/li>\n<\/ul>","protected":false},"excerpt":{"rendered":"<p>Frasco difusor de varetas com textura de vidro lapidado e tampa de rosca, ideal para aromaterapia de mesa. Frasco difusor de varetas de 100ml para decora\u00e7\u00e3o sofisticada. Entrega r\u00e1pida.<\/p>","protected":false},"featured_media":5004,"template":"","meta":{"postBodyCss":"","postBodyMargin":[],"postBodyPadding":[],"postBodyBackground":{"backgroundType":"classic","gradient":""}},"product_brand":[],"product_cat":[15,16,63],"product_tag":[],"class_list":{"0":"post-4980","1":"product","2":"type-product","3":"status-publish","4":"has-post-thumbnail","6":"product_cat-glass-containers","7":"product_cat-glass-bottles","8":"product_cat-reed-diffuser-bottles","10":"first","11":"instock","12":"shipping-taxable","13":"product-type-simple"},"jetpack_sharing_enabled":true,"_links":{"self":[{"href":"https:\/\/minghanggroup.com\/pt\/wp-json\/wp\/v2\/product\/4980","targetHints":{"allow":["GET"]}}],"collection":[{"href":"https:\/\/minghanggroup.com\/pt\/wp-json\/wp\/v2\/product"}],"about":[{"href":"https:\/\/minghanggroup.com\/pt\/wp-json\/wp\/v2\/types\/product"}],"wp:featuredmedia":[{"embeddable":true,"href":"https:\/\/minghanggroup.com\/pt\/wp-json\/wp\/v2\/media\/5004"}],"wp:attachment":[{"href":"https:\/\/minghanggroup.com\/pt\/wp-json\/wp\/v2\/media?parent=4980"}],"wp:term":[{"taxonomy":"product_brand","embeddable":true,"href":"https:\/\/minghanggroup.com\/pt\/wp-json\/wp\/v2\/product_brand?post=4980"},{"taxonomy":"product_cat","embeddable":true,"href":"https:\/\/minghanggroup.com\/pt\/wp-json\/wp\/v2\/product_cat?post=4980"},{"taxonomy":"product_tag","embeddable":true,"href":"https:\/\/minghanggroup.com\/pt\/wp-json\/wp\/v2\/product_tag?post=4980"}],"curies":[{"name":"wp","href":"https:\/\/api.w.org\/{rel}","templated":true}]}}