{"id":4951,"date":"2026-01-21T10:59:00","date_gmt":"2026-01-21T02:59:00","guid":{"rendered":"https:\/\/minghanggroup.com\/?post_type=product&#038;p=4951"},"modified":"2026-01-30T09:35:12","modified_gmt":"2026-01-30T01:35:12","slug":"empty-fancy-diffuser-bottles-with-vintage-carved-bulk","status":"publish","type":"product","link":"https:\/\/minghanggroup.com\/pt\/produto\/empty-fancy-diffuser-bottles-with-vintage-carved-bulk\/","title":{"rendered":"Frascos difusores vazios de 200ml com design vintage esculpido (a granel)"},"content":{"rendered":"<p>Estas elegantes garrafas difusoras vazias t\u00eam formato cil\u00edndrico. O recipiente de vidro transparente apresenta ranhuras verticais decorativas no acabamento, e a parte inferior \u00e9 gravada com padr\u00f5es atraentes. O design com m\u00faltiplas tampas de rosca \u00e9 pr\u00e1tico e bonito.<\/p>\n<h2>Caracter\u00edsticas do produto<\/h2>\n<ul>\n<li><strong>Corpo com nervuras verticais:<\/strong> In\u00fameras nervuras verticais criam uma sutil profundidade visual atrav\u00e9s da refra\u00e7\u00e3o da luz, ao mesmo tempo que melhoram a ader\u00eancia.<\/li>\n<li><strong>Tampa de rosca multicamadas:<\/strong> O design da tampa de rosca com m\u00faltiplas camadas permite uma veda\u00e7\u00e3o herm\u00e9tica para evitar vazamentos, ao mesmo tempo que facilita o enchimento, alcan\u00e7ando assim um equil\u00edbrio entre praticidade e estanqueidade.<\/li>\n<li><strong>Capacidade de 120ml: <\/strong>O tamanho generoso de 120ml garante a libera\u00e7\u00e3o cont\u00ednua da fragr\u00e2ncia por um per\u00edodo mais longo em ambientes de tamanho m\u00e9dio a grande.<\/li>\n<\/ul>\n<h2 style=\"text-align: left;\">Especifica\u00e7\u00f5es principais<\/h2>\n<table class=\"aligncenter\" style=\"border-collapse: collapse; width: 483.02pt;\" border=\"0\" width=\"644\" cellspacing=\"0\" cellpadding=\"0\">\n<tbody>\n<tr style=\"height: 13.50pt;\">\n<td style=\"height: 13.50pt; width: 116.25pt;\" width=\"155\" height=\"18\">Especifica\u00e7\u00e3o<\/td>\n<td style=\"width: 366.75pt;\" width=\"489\">Detalhes<\/td>\n<\/tr>\n<tr style=\"height: 13.50pt;\">\n<td style=\"height: 13.50pt;\" height=\"18\">Capacidade<\/td>\n<td>200ml<\/td>\n<\/tr>\n<tr style=\"height: 13.50pt;\">\n<td style=\"height: 13.50pt;\" height=\"18\">Dimens\u00f5es<\/td>\n<td>63\u00d7125mm<\/td>\n<\/tr>\n<tr style=\"height: 13.50pt;\">\n<td style=\"height: 13.50pt;\" height=\"18\">Di\u00e2metro interno\/externo do pesco\u00e7o<\/td>\n<td>19 mm \/ 30 mm<\/td>\n<\/tr>\n<tr style=\"height: 13.50pt;\">\n<td style=\"height: 13.50pt;\" height=\"18\">Material<\/td>\n<td>Vidro de cal sodada de alta qualidade<\/td>\n<\/tr>\n<tr style=\"height: 13.50pt;\">\n<td style=\"height: 13.50pt;\" height=\"18\">Formato de garrafa<\/td>\n<td>Cilindro alto com gravura de superf\u00edcie complexa<\/td>\n<\/tr>\n<tr style=\"height: 13.50pt;\">\n<td style=\"height: 13.50pt;\" height=\"18\">Escopo de personaliza\u00e7\u00e3o<\/td>\n<td>Cor, padr\u00e3o de grava\u00e7\u00e3o, tamanho, tampas<\/td>\n<\/tr>\n<tr style=\"height: 13.50pt;\">\n<td style=\"height: 13.50pt;\" height=\"18\">Recurso de Artesanato<\/td>\n<td>Prensagem e grava\u00e7\u00e3o de vidro de alta precis\u00e3o e complexidade<\/td>\n<\/tr>\n<tr style=\"height: 13.50pt;\">\n<td style=\"height: 13.50pt;\" height=\"18\">Finalidade do produto<\/td>\n<td>Frascos vazios de luxo para difusor, recipientes decorativos para \u00f3leos perfumados.<\/td>\n<\/tr>\n<tr style=\"height: 13.50pt;\">\n<td style=\"height: 13.50pt;\" height=\"18\">Ind\u00fastrias adequadas<\/td>\n<td>Fragr\u00e2ncias de luxo para casa, hot\u00e9is de alto padr\u00e3o<\/td>\n<\/tr>\n<\/tbody>\n<\/table>\n<h2>Caso de sucesso: comodidades exclusivas para cadeia de hot\u00e9is boutique<\/h2>\n<p>Nossos frascos difusores sofisticados de 120 ml foram encomendados por um luxuoso hotel boutique nos Estados Unidos. Com um design em tom \u00e2mbar suave e base banhada a ouro, a capacidade de 120 ml permite apenas uma recarga a cada tr\u00eas meses, gerando uma economia de 30% nos custos operacionais. O pre\u00e7o de venda tamb\u00e9m foi reduzido em 50% devido \u00e0 sua apar\u00eancia elegante e requintada. O hotel ficou extremamente satisfeito com o feedback dos h\u00f3spedes e com o desempenho do produto, encomendando mais 400.000 frascos para abastecer todos os seus hot\u00e9is nos pr\u00f3ximos cinco anos.<\/p>\n<h2>Op\u00e7\u00f5es de personaliza\u00e7\u00e3o para frascos difusores vazios<\/h2>\n<ul>\n<li>Cor e transpar\u00eancia do vidro: Existem vidros transparentes, fum\u00ea, \u00e2mbar ou brancos opacos.<\/li>\n<li>Design da garrafa: Largura, profundidade ou padr\u00e3o das ranhuras verticais selecion\u00e1veis.<\/li>\n<li>Grava\u00e7\u00e3o personalizada na base: Adicione uma faixa decorativa especial ou combine o logotipo com o design da base.<\/li>\n<li>Detalhes em Vitral: Esta \u00e9 uma t\u00e9cnica bicolor que aplica um fundo de vitral sobre o vidro transparente.<\/li>\n<\/ul>","protected":false},"excerpt":{"rendered":"<p>Frascos difusores sofisticados em vidro s\u00f3dio-c\u00e1lcico esculpido com detalhes vintage, perfeitos para \u00f3leos arom\u00e1ticos, frasco difusor decorativo vazio para interiores. Amostras gr\u00e1tis.<\/p>","protected":false},"featured_media":4972,"template":"","meta":{"postBodyCss":"","postBodyMargin":[],"postBodyPadding":[],"postBodyBackground":{"backgroundType":"classic","gradient":""}},"product_brand":[],"product_cat":[15,16,63],"product_tag":[],"class_list":{"0":"post-4951","1":"product","2":"type-product","3":"status-publish","4":"has-post-thumbnail","6":"product_cat-glass-containers","7":"product_cat-glass-bottles","8":"product_cat-reed-diffuser-bottles","10":"first","11":"instock","12":"shipping-taxable","13":"product-type-simple"},"jetpack_sharing_enabled":true,"_links":{"self":[{"href":"https:\/\/minghanggroup.com\/pt\/wp-json\/wp\/v2\/product\/4951","targetHints":{"allow":["GET"]}}],"collection":[{"href":"https:\/\/minghanggroup.com\/pt\/wp-json\/wp\/v2\/product"}],"about":[{"href":"https:\/\/minghanggroup.com\/pt\/wp-json\/wp\/v2\/types\/product"}],"wp:featuredmedia":[{"embeddable":true,"href":"https:\/\/minghanggroup.com\/pt\/wp-json\/wp\/v2\/media\/4972"}],"wp:attachment":[{"href":"https:\/\/minghanggroup.com\/pt\/wp-json\/wp\/v2\/media?parent=4951"}],"wp:term":[{"taxonomy":"product_brand","embeddable":true,"href":"https:\/\/minghanggroup.com\/pt\/wp-json\/wp\/v2\/product_brand?post=4951"},{"taxonomy":"product_cat","embeddable":true,"href":"https:\/\/minghanggroup.com\/pt\/wp-json\/wp\/v2\/product_cat?post=4951"},{"taxonomy":"product_tag","embeddable":true,"href":"https:\/\/minghanggroup.com\/pt\/wp-json\/wp\/v2\/product_tag?post=4951"}],"curies":[{"name":"wp","href":"https:\/\/api.w.org\/{rel}","templated":true}]}}