{"id":4950,"date":"2026-01-21T13:27:45","date_gmt":"2026-01-21T05:27:45","guid":{"rendered":"https:\/\/minghanggroup.com\/?post_type=product&#038;p=4950"},"modified":"2026-01-21T13:27:47","modified_gmt":"2026-01-21T05:27:47","slug":"unusual-reed-diffuser-bottles-with-embossed-design-wholesale","status":"publish","type":"product","link":"https:\/\/minghanggroup.com\/pt\/produto\/unusual-reed-diffuser-bottles-with-embossed-design-wholesale\/","title":{"rendered":"Frascos difusores de varetas incomuns de 120ml e 250ml com design em relevo - Atacado"},"content":{"rendered":"<p>Seus frascos de difusor de varetas exclusivos n\u00e3o devem apenas armazenar fragr\u00e2ncia \u2014 eles devem fazer a luz dan\u00e7ar como uma obra de arte l\u00edquida sobre sua mesa de centro. Como especialistas em frascos de vidro para difusores de varetas no atacado, criamos difusores de luxo que transformam seu difusor de \u00f3leos essenciais em um ponto focal de conversa silenciosa no ambiente.<\/p>\n<h2>Caracter\u00edsticas do produto<\/h2>\n<ul>\n<li><strong>Design em vidro art\u00edstico com relevo:<\/strong> A garrafa apresenta uma textura de vidro em relevo 3D que, visualmente, cria m\u00faltiplas camadas profundas, tornando-a muito vis\u00edvel entre outras garrafas de difusores de varetas de vidro semelhantes dispon\u00edveis no mercado atacadista.<\/li>\n<li><strong>Silhueta irregular sim\u00e9trica:<\/strong> O formato irregular da silhueta, com laterais espelhadas, rompe com o padr\u00e3o dos tradicionais frascos difusores redondos ou quadrados; portanto, esse elemento art\u00edstico combina bem tanto com decora\u00e7\u00e3o de luxo para casa quanto com linhas de produtos para presentes.<\/li>\n<li><strong>Estrutura de base da garrafa espessa e est\u00e1vel: <\/strong>O design com base refor\u00e7ada n\u00e3o s\u00f3 aumenta a estabilidade geral da garrafa, como tamb\u00e9m reduz o risco de ela tombar, sendo, portanto, adequada para ambientes de varejo e hotelaria.<\/li>\n<\/ul>\n<h2>Especifica\u00e7\u00f5es principais<\/h2>\n<table style=\"border-collapse: collapse; width: 80%; margin-left: auto; margin-right: auto;\" border=\"0\" width=\"288\" cellspacing=\"0\" cellpadding=\"0\">\n<tbody>\n<tr style=\"height: 13.50pt;\">\n<td style=\"height: 13.5pt; width: 54pt; text-align: center;\" width=\"72\" height=\"18\">Tamanho (ml)<\/td>\n<td style=\"width: 54pt; text-align: center;\" width=\"72\">Dimens\u00f5es (mm)<\/td>\n<td style=\"width: 54pt; text-align: center;\" width=\"72\">Tipo de pesco\u00e7o<\/td>\n<td style=\"width: 54pt; text-align: center;\" width=\"72\">Recurso<\/td>\n<\/tr>\n<tr style=\"height: 13.50pt;\">\n<td style=\"height: 13.5pt; text-align: center;\" align=\"right\" height=\"18\">120<\/td>\n<td style=\"text-align: center;\">114 \u00d7 100<\/td>\n<td class=\"et2\" style=\"text-align: center;\" rowspan=\"2\">Tampa de rosca<\/td>\n<td class=\"et2\" style=\"text-align: center;\" rowspan=\"2\">Textura em relevo<\/td>\n<\/tr>\n<tr style=\"height: 13.50pt;\">\n<td style=\"height: 13.5pt; text-align: center;\" align=\"right\" height=\"18\">250<\/td>\n<td style=\"text-align: center;\">139 \u00d7 117<\/td>\n<\/tr>\n<\/tbody>\n<\/table>\n<h2>Caso de sucesso<\/h2>\n<p>Uma marca europeia de fragr\u00e2ncias escolheu os exclusivos frascos difusores de varetas como embalagem principal para sua cole\u00e7\u00e3o anual de perfumes para casa. Fornecemos a eles uma solu\u00e7\u00e3o completa de frascos difusores de varetas de vidro, personalizando um frasco exclusivo rosa-fum\u00ea com um logotipo serigrafado na base, juntamente com varetas difusoras de madeira originais.<\/p>\n<p>Ap\u00f3s o lan\u00e7amento do produto, a cole\u00e7\u00e3o experimentou um crescimento expressivo nas taxas de recompra em lojas de artigos de luxo para o lar, e o pre\u00e7o por frasco aumentou cerca de 30% em compara\u00e7\u00e3o com o modelo b\u00e1sico inicial. Dessa forma, o cliente conseguiu criar uma linha de fragr\u00e2ncias para o lar mais exclusiva.<\/p>\n<h2>Suas op\u00e7\u00f5es de personaliza\u00e7\u00e3o<\/h2>\n<ol>\n<li><strong>Detalhes em relevo\/baixo-relevo:<\/strong> Utilize padr\u00f5es geom\u00e9tricos ou da marca personalizados na frente ou no verso da garrafa para aumentar o apelo t\u00e1til e visual.<\/li>\n<li><strong>Combina\u00e7\u00e3o de gargalo de garrafa e acess\u00f3rios:<\/strong> Ele se adapta a diferentes tamanhos de gargalo de garrafa e \u00e9 adequado para varetas difusoras de metal, madeira ou com design personalizado, permitindo compor um estilo completo.<\/li>\n<li><strong>Op\u00e7\u00f5es de cores e revestimentos:<\/strong> Permite pulveriza\u00e7\u00e3o parcial, efeitos degrad\u00ea ou revestimento de cores interiores, adequando-se a edi\u00e7\u00f5es limitadas ou cole\u00e7\u00f5es de fragr\u00e2ncias de luxo.<\/li>\n<\/ol>","protected":false},"excerpt":{"rendered":"<p>Difusores de varetas de vidro com design diferenciado e elegante relevo. Oferecemos personaliza\u00e7\u00e3o para atacado e amostras gr\u00e1tis desses difusores.<\/p>","protected":false},"featured_media":5001,"template":"","meta":{"postBodyCss":"","postBodyMargin":[],"postBodyPadding":[],"postBodyBackground":{"backgroundType":"classic","gradient":""}},"product_brand":[],"product_cat":[15,16,63],"product_tag":[],"class_list":{"0":"post-4950","1":"product","2":"type-product","3":"status-publish","4":"has-post-thumbnail","6":"product_cat-glass-containers","7":"product_cat-glass-bottles","8":"product_cat-reed-diffuser-bottles","10":"first","11":"instock","12":"shipping-taxable","13":"product-type-simple"},"jetpack_sharing_enabled":true,"_links":{"self":[{"href":"https:\/\/minghanggroup.com\/pt\/wp-json\/wp\/v2\/product\/4950","targetHints":{"allow":["GET"]}}],"collection":[{"href":"https:\/\/minghanggroup.com\/pt\/wp-json\/wp\/v2\/product"}],"about":[{"href":"https:\/\/minghanggroup.com\/pt\/wp-json\/wp\/v2\/types\/product"}],"wp:featuredmedia":[{"embeddable":true,"href":"https:\/\/minghanggroup.com\/pt\/wp-json\/wp\/v2\/media\/5001"}],"wp:attachment":[{"href":"https:\/\/minghanggroup.com\/pt\/wp-json\/wp\/v2\/media?parent=4950"}],"wp:term":[{"taxonomy":"product_brand","embeddable":true,"href":"https:\/\/minghanggroup.com\/pt\/wp-json\/wp\/v2\/product_brand?post=4950"},{"taxonomy":"product_cat","embeddable":true,"href":"https:\/\/minghanggroup.com\/pt\/wp-json\/wp\/v2\/product_cat?post=4950"},{"taxonomy":"product_tag","embeddable":true,"href":"https:\/\/minghanggroup.com\/pt\/wp-json\/wp\/v2\/product_tag?post=4950"}],"curies":[{"name":"wp","href":"https:\/\/api.w.org\/{rel}","templated":true}]}}