{"id":4911,"date":"2026-01-21T10:08:14","date_gmt":"2026-01-21T02:08:14","guid":{"rendered":"https:\/\/minghanggroup.com\/?post_type=product&#038;p=4911"},"modified":"2026-01-21T10:08:16","modified_gmt":"2026-01-21T02:08:16","slug":"octagonal-ribbed-empty-oil-diffuser-bottles-wholesale","status":"publish","type":"product","link":"https:\/\/minghanggroup.com\/pt\/produto\/octagonal-ribbed-empty-oil-diffuser-bottles-wholesale\/","title":{"rendered":"Frascos vazios octogonais com nervuras para difusor de \u00f3leo, 100ml, 200ml, 500ml e 1000ml, para venda por atacado."},"content":{"rendered":"<p>Seus frascos vazios de difusor de \u00f3leo n\u00e3o devem ficar apenas guardados \u2014 eles devem se tornar pe\u00e7as de arte para sua mesa quando voc\u00ea terminar de us\u00e1-los. Como especialistas em venda por atacado de frascos vazios para difusor de varetas, criamos difusores de varetas de vidro que transformam seu difusor de \u00f3leos essenciais em uma obra de arte silenciosa para o ambiente.<\/p>\n<h2>Caracter\u00edsticas do produto<\/h2>\n<ul>\n<li><strong>Design de nervuras verticais octogonais:<\/strong> A garrafa caracteriza-se pelo seu formato octogonal cristalino e transparente, e pela estrutura de nervuras verticais que proporcionam uma pega mais segura e tamb\u00e9m brincam com luzes e sombras, adicionando um aspeto visual de profundidade.<\/li>\n<li><strong>Vidro de alta transpar\u00eancia e espessura na base:<\/strong> A garrafa \u00e9 feita de um vidro de alta transpar\u00eancia que lhe confere uma textura pura e elegante. A base de vidro \u00e9 bastante espessa, o que n\u00e3o s\u00f3 torna a garrafa mais est\u00e1vel, como tamb\u00e9m lhe confere um aspecto luxuoso.<\/li>\n<li><strong>Vers\u00e1til e f\u00e1cil de exibir:<\/strong> O design geom\u00e9trico \u00e9 uma combina\u00e7\u00e3o perfeita de estilo contempor\u00e2neo e elementos decorativos que se adaptam a diferentes ambientes, como resid\u00eancias, hot\u00e9is e lojas de marcas de fragr\u00e2ncias.<\/li>\n<\/ul>\n<h2>Especifica\u00e7\u00f5es principais<\/h2>\n<table style=\"border-collapse: collapse; width: 80%; margin-left: auto; margin-right: auto;\" border=\"0\" width=\"288\" cellspacing=\"0\" cellpadding=\"0\">\n<tbody>\n<tr style=\"height: 13.50pt;\">\n<td style=\"height: 13.5pt; width: 54pt; text-align: center;\" width=\"72\" height=\"18\">Tamanho (ml)<\/td>\n<td style=\"width: 54pt; text-align: center;\" width=\"72\">Dimens\u00f5es (mm)<\/td>\n<td style=\"width: 54pt; text-align: center;\" width=\"72\">Tipo de pesco\u00e7o<\/td>\n<td style=\"width: 54pt; text-align: center;\" width=\"72\">Forma<\/td>\n<\/tr>\n<tr style=\"height: 13.50pt;\">\n<td style=\"height: 13.5pt; text-align: center;\" align=\"right\" height=\"18\">100<\/td>\n<td style=\"text-align: center;\">61\u00d7105<\/td>\n<td class=\"et2\" style=\"text-align: center;\" rowspan=\"4\">Encaixe por press\u00e3o<\/td>\n<td class=\"et2\" style=\"text-align: center;\" rowspan=\"4\">Cristas octogonais<\/td>\n<\/tr>\n<tr style=\"height: 13.50pt;\">\n<td style=\"height: 13.5pt; text-align: center;\" align=\"right\" height=\"18\">200<\/td>\n<td style=\"text-align: center;\">70\u00d7121<\/td>\n<\/tr>\n<tr style=\"height: 13.50pt;\">\n<td style=\"height: 13.5pt; text-align: center;\" align=\"right\" height=\"18\">500<\/td>\n<td style=\"text-align: center;\">89\u00d7149<\/td>\n<\/tr>\n<tr style=\"height: 13.50pt;\">\n<td style=\"height: 13.5pt; text-align: center;\" align=\"right\" height=\"18\">1000<\/td>\n<td style=\"text-align: center;\">109\u00d7178<\/td>\n<\/tr>\n<\/tbody>\n<\/table>\n<h2>Caso de sucesso<\/h2>\n<p>Uma marca de nicho de fragr\u00e2ncias para casa buscava um frasco difusor que n\u00e3o apenas refletisse uma identidade de marca mais refinada, mas tamb\u00e9m fosse visualmente atraente nas prateleiras das lojas. Para a nova linha, a marca escolheu nossos frascos difusores de vidro canelado octogonal e fez algumas altera\u00e7\u00f5es, como um acabamento fosco, um logotipo em relevo no painel frontal e uma cor cinza-fum\u00ea suave.<\/p>\n<p>Como resultado do novo lan\u00e7amento, as taxas de devolu\u00e7\u00e3o da marca relacionadas a vazamentos e problemas de apar\u00eancia ca\u00edram 35% devido \u00e0 embalagem aprimorada. Os pedidos de recompra aumentaram 45% ap\u00f3s apenas dois ciclos de produto.<\/p>\n<h2>Suas op\u00e7\u00f5es de personaliza\u00e7\u00e3o<\/h2>\n<ol>\n<li><strong>Cor e material do vidro:<\/strong> Pode ser fabricado em vidro cinza fum\u00ea, \u00e2mbar, degrad\u00ea ou branco transparente, sendo assim adequado para produtos de aromaterapia sofisticados, decora\u00e7\u00e3o de casa ou linhas de presentes que exigem diferentes posicionamentos.<\/li>\n<li><strong>Personaliza\u00e7\u00e3o da identidade da marca:<\/strong> Logotipos em relevo podem ser aplicados na frente ou nas partes facetadas da garrafa e, adicionalmente, padr\u00f5es de serigrafia e estampagem a quente podem ser utilizados para aumentar o reconhecimento da marca.<\/li>\n<li><strong>Op\u00e7\u00f5es de gargalo e acess\u00f3rios:<\/strong> \u00c9 adapt\u00e1vel a v\u00e1rios tamanhos de pesco\u00e7o e pode ser combinado naturalmente com varetas de rattan, varetas de fibra ou varetas difusoras coloridas personalizadas para uma apar\u00eancia geral mais harmoniosa.<\/li>\n<\/ol>","protected":false},"excerpt":{"rendered":"<p>Frascos vazios para difusor de \u00f3leo, direto da f\u00e1brica, com vidro canelado octogonal. Oferecemos tamb\u00e9m a op\u00e7\u00e3o de personaliza\u00e7\u00e3o no atacado para esses frascos vazios para difusor de varetas. Envio r\u00e1pido.<\/p>","protected":false},"featured_media":4926,"template":"","meta":{"postBodyCss":"","postBodyMargin":[],"postBodyPadding":[],"postBodyBackground":{"backgroundType":"classic","gradient":""}},"product_brand":[],"product_cat":[15,16,63],"product_tag":[],"class_list":{"0":"post-4911","1":"product","2":"type-product","3":"status-publish","4":"has-post-thumbnail","6":"product_cat-glass-containers","7":"product_cat-glass-bottles","8":"product_cat-reed-diffuser-bottles","10":"first","11":"instock","12":"shipping-taxable","13":"product-type-simple"},"jetpack_sharing_enabled":true,"_links":{"self":[{"href":"https:\/\/minghanggroup.com\/pt\/wp-json\/wp\/v2\/product\/4911","targetHints":{"allow":["GET"]}}],"collection":[{"href":"https:\/\/minghanggroup.com\/pt\/wp-json\/wp\/v2\/product"}],"about":[{"href":"https:\/\/minghanggroup.com\/pt\/wp-json\/wp\/v2\/types\/product"}],"wp:featuredmedia":[{"embeddable":true,"href":"https:\/\/minghanggroup.com\/pt\/wp-json\/wp\/v2\/media\/4926"}],"wp:attachment":[{"href":"https:\/\/minghanggroup.com\/pt\/wp-json\/wp\/v2\/media?parent=4911"}],"wp:term":[{"taxonomy":"product_brand","embeddable":true,"href":"https:\/\/minghanggroup.com\/pt\/wp-json\/wp\/v2\/product_brand?post=4911"},{"taxonomy":"product_cat","embeddable":true,"href":"https:\/\/minghanggroup.com\/pt\/wp-json\/wp\/v2\/product_cat?post=4911"},{"taxonomy":"product_tag","embeddable":true,"href":"https:\/\/minghanggroup.com\/pt\/wp-json\/wp\/v2\/product_tag?post=4911"}],"curies":[{"name":"wp","href":"https:\/\/api.w.org\/{rel}","templated":true}]}}