{"id":4864,"date":"2026-01-20T15:08:24","date_gmt":"2026-01-20T07:08:24","guid":{"rendered":"https:\/\/minghanggroup.com\/?post_type=product&#038;p=4864"},"modified":"2026-01-21T09:31:22","modified_gmt":"2026-01-21T01:31:22","slug":"hanging-empty-car-diffuser-bottles-wholesale","status":"publish","type":"product","link":"https:\/\/minghanggroup.com\/pt\/produto\/hanging-empty-car-diffuser-bottles-wholesale\/","title":{"rendered":"Frascos vazios de 8ml para difusor de carro suspenso - Atacado"},"content":{"rendered":"<p>Este difusor de carro em formato de garrafa possui um design exclusivo. O corte em suas m\u00faltiplas facetas forma um cone singular que se afunila at\u00e9 a ponta. A abertura \u00e9 coberta por uma tampa de madeira com v\u00e1rias camadas e j\u00e1 vem com um cord\u00e3o tran\u00e7ado com contas de madeira para facilitar a fixa\u00e7\u00e3o da garrafa.<\/p>\n<h2>Caracter\u00edsticas do produto<\/h2>\n<ul>\n<li><strong>Garrafa c\u00f4nica romboidal:<\/strong> O design do cone romboidal \u00e9 preciso e, portanto, adiciona profundidade \u00e0 imagem e torna os produtos mais reconhec\u00edveis.<\/li>\n<li><strong>Tampa de madeira multicamadas:<\/strong> A tampa de madeira com m\u00faltiplas camadas combina veda\u00e7\u00e3o e difus\u00e3o de fragr\u00e2ncias.<\/li>\n<li><strong>Design de cabo com cores contrastantes:<\/strong> O cord\u00e3o tran\u00e7ado colorido e brilhante com contas de madeira pode ser facilmente aplicado como adesivo no espelho retrovisor de um carro.<\/li>\n<\/ul>\n<h2 style=\"text-align: left;\">Especifica\u00e7\u00f5es principais<\/h2>\n<table class=\"aligncenter\" style=\"border-collapse: collapse; width: 393.77pt;\" border=\"0\" width=\"525\" cellspacing=\"0\" cellpadding=\"0\">\n<tbody>\n<tr style=\"height: 13.50pt;\">\n<td style=\"height: 13.50pt; width: 116.25pt;\" width=\"155\" height=\"18\">Especifica\u00e7\u00e3o<\/td>\n<td style=\"width: 277.50pt;\" width=\"370\">Detalhes<\/td>\n<\/tr>\n<tr style=\"height: 13.50pt;\">\n<td style=\"height: 13.50pt;\" height=\"18\">Capacidade<\/td>\n<td>8ml<\/td>\n<\/tr>\n<tr style=\"height: 13.50pt;\">\n<td style=\"height: 13.50pt;\" height=\"18\">Dimens\u00f5es<\/td>\n<td>37\u00d746mm<\/td>\n<\/tr>\n<tr style=\"height: 13.50pt;\">\n<td style=\"height: 13.50pt;\" height=\"18\">Material<\/td>\n<td>Vidro s\u00f3dio-c\u00e1lcico, madeira, corda de algod\u00e3o<\/td>\n<\/tr>\n<tr style=\"height: 13.50pt;\">\n<td style=\"height: 13.50pt;\" height=\"18\">Formato de garrafa<\/td>\n<td>Cone de diamante\/hexagonal<\/td>\n<\/tr>\n<tr style=\"height: 13.50pt;\">\n<td style=\"height: 13.50pt;\" height=\"18\">Escopo de personaliza\u00e7\u00e3o<\/td>\n<td>Varia\u00e7\u00f5es de cor, tampa, acabamento, tamanho e formato.<\/td>\n<\/tr>\n<tr style=\"height: 13.50pt;\">\n<td style=\"height: 13.50pt;\" height=\"18\">Artesanato<\/td>\n<td>Moldura de vidro facetado, conjunto de cabos<\/td>\n<\/tr>\n<tr style=\"height: 13.50pt;\">\n<td style=\"height: 13.50pt;\" height=\"18\">Finalidade do produto<\/td>\n<td>Frascos difusores para pendurar, frascos difusores para carro<\/td>\n<\/tr>\n<tr style=\"height: 13.50pt;\">\n<td style=\"height: 13.50pt;\" height=\"18\">Ind\u00fastrias adequadas<\/td>\n<td>Acess\u00f3rios para autom\u00f3veis, lojas especializadas<\/td>\n<\/tr>\n<\/tbody>\n<\/table>\n<h2>Estudo de Caso<\/h2>\n<p>Uma das marcas europeias de acess\u00f3rios automotivos encomendou nosso difusor de carro em formato de losango. O design diferenciado rapidamente se tornou ic\u00f4nico, levando a um aumento de 400% nas men\u00e7\u00f5es \u00e0 categoria de produto nas redes sociais. Outro elemento marcante da marca foi o uso do cord\u00e3o colorido e arrojado, que elevou o reconhecimento da marca entre seu p\u00fablico-alvo em 60%. A marca ficou t\u00e3o satisfeita com o enorme sucesso que encomendou um novo lote de 600.000 unidades para uma campanha promocional em todo o pa\u00eds.<\/p>\n<h2>Frascos vazios para difusor de carro no atacado\u00a0<span class=\"text-[#00CEC8]\">Op\u00e7\u00f5es de personaliza\u00e7\u00e3o<\/span><\/h2>\n<ul>\n<li>Acabamento da tampa em madeira: As tampas est\u00e3o dispon\u00edveis em v\u00e1rios tipos de madeira ou com acabamentos tingidos para combinar com a paleta de cores da sua marca.<\/li>\n<li>Tampas de madeira: Existem tampas fabricadas em v\u00e1rios tipos de madeira ou com acabamento tingido, projetadas para combinar com o esquema de cores da marca.<\/li>\n<li>Acabamento fosco: Um acabamento fosco pode ser aplicado \u00e0 superf\u00edcie do vidro para conferir-lhe uma apar\u00eancia mais difusa.<\/li>\n<li>Forma e Propor\u00e7\u00e3o: Altere ligeiramente o \u00e2ngulo do cone ou das facetas para criar uma forma espec\u00edfica.<\/li>\n<\/ul>","protected":false},"excerpt":{"rendered":"<p>Difusor compacto para carro com cord\u00e3o de contas de madeira, recarreg\u00e1vel para \u00f3leos essenciais e fragr\u00e2ncias, frascos difusores vazios de alta qualidade para carro no atacado, envio r\u00e1pido.<\/p>","protected":false},"featured_media":4913,"template":"","meta":{"postBodyCss":"","postBodyMargin":[],"postBodyPadding":[],"postBodyBackground":{"backgroundType":"classic","gradient":""}},"product_brand":[],"product_cat":[15,16,63],"product_tag":[],"class_list":{"0":"post-4864","1":"product","2":"type-product","3":"status-publish","4":"has-post-thumbnail","6":"product_cat-glass-containers","7":"product_cat-glass-bottles","8":"product_cat-reed-diffuser-bottles","10":"first","11":"instock","12":"shipping-taxable","13":"product-type-simple"},"jetpack_sharing_enabled":true,"_links":{"self":[{"href":"https:\/\/minghanggroup.com\/pt\/wp-json\/wp\/v2\/product\/4864","targetHints":{"allow":["GET"]}}],"collection":[{"href":"https:\/\/minghanggroup.com\/pt\/wp-json\/wp\/v2\/product"}],"about":[{"href":"https:\/\/minghanggroup.com\/pt\/wp-json\/wp\/v2\/types\/product"}],"wp:featuredmedia":[{"embeddable":true,"href":"https:\/\/minghanggroup.com\/pt\/wp-json\/wp\/v2\/media\/4913"}],"wp:attachment":[{"href":"https:\/\/minghanggroup.com\/pt\/wp-json\/wp\/v2\/media?parent=4864"}],"wp:term":[{"taxonomy":"product_brand","embeddable":true,"href":"https:\/\/minghanggroup.com\/pt\/wp-json\/wp\/v2\/product_brand?post=4864"},{"taxonomy":"product_cat","embeddable":true,"href":"https:\/\/minghanggroup.com\/pt\/wp-json\/wp\/v2\/product_cat?post=4864"},{"taxonomy":"product_tag","embeddable":true,"href":"https:\/\/minghanggroup.com\/pt\/wp-json\/wp\/v2\/product_tag?post=4864"}],"curies":[{"name":"wp","href":"https:\/\/api.w.org\/{rel}","templated":true}]}}