{"id":4858,"date":"2026-01-20T15:02:49","date_gmt":"2026-01-20T07:02:49","guid":{"rendered":"https:\/\/minghanggroup.com\/?post_type=product&#038;p=4858"},"modified":"2026-01-20T15:39:31","modified_gmt":"2026-01-20T07:39:31","slug":"empty-diffuser-bottles-and-reeds-with-ribbed-design-bulk","status":"publish","type":"product","link":"https:\/\/minghanggroup.com\/pt\/produto\/empty-diffuser-bottles-and-reeds-with-ribbed-design-bulk\/","title":{"rendered":"Frascos difusores redondos vazios de 50ml e 100ml com varetas e design canelado (em grande quantidade)"},"content":{"rendered":"<p>Seus frascos e varetas de difusor vazios n\u00e3o devem ficar apenas em cima da sua mesa \u2014 eles devem se transformar em obras de arte quando vazios. Como especialistas em frascos de difusor de varetas elegantes, criamos frascos de vidro que transformam seu difusor de \u00f3leos essenciais em um destaque silencioso do ambiente.<\/p>\n<h2>Caracter\u00edsticas do produto<\/h2>\n<ul>\n<li><strong>Sulcos de dispers\u00e3o de luz: <\/strong>Linhas verticais refletem a luz como se fossem diamantes l\u00edquidos, um efeito m\u00e1gico instant\u00e2neo para perfumar a sua casa.<\/li>\n<li><strong>Parafuso, Tampa de Seguran\u00e7a: <\/strong>Gire as varetas de rattan natural para trav\u00e1-las no lugar \u2014 sem agitar, sem derramar.<\/li>\n<li><strong>Eleg\u00e2ncia da Garrafa Vazia: <\/strong>Suas embalagens de difusor vazias s\u00e3o transformadas em esculturas de mesa \u2013 sem desperd\u00edcio, estilo sublime.<\/li>\n<\/ul>\n<h2>Especifica\u00e7\u00f5es principais<\/h2>\n<table style=\"border-collapse: collapse; width: 80%; margin-left: auto; margin-right: auto;\" border=\"0\" width=\"360\" cellspacing=\"0\" cellpadding=\"0\">\n<tbody>\n<tr style=\"height: 13.50pt;\">\n<td style=\"height: 13.5pt; width: 54pt; text-align: center;\" width=\"72\" height=\"18\">Tamanho (ml)<\/td>\n<td style=\"width: 54pt; text-align: center;\" width=\"72\">Dimens\u00f5es (mm)<\/td>\n<td style=\"width: 54pt; text-align: center;\" width=\"72\">Tipo de pesco\u00e7o<\/td>\n<td style=\"width: 54pt; text-align: center;\" width=\"72\">Recurso<\/td>\n<td style=\"width: 54pt; text-align: center;\" width=\"72\">Forma<\/td>\n<\/tr>\n<tr style=\"height: 13.50pt;\">\n<td style=\"height: 13.5pt; text-align: center;\" align=\"right\" height=\"18\">50<\/td>\n<td style=\"text-align: center;\">58 \u00d7 68<\/td>\n<td class=\"et2\" style=\"text-align: center;\" rowspan=\"2\">Tampa de rosca<\/td>\n<td class=\"et2\" style=\"text-align: center;\" rowspan=\"2\">sulcos verticais<\/td>\n<td class=\"et2\" style=\"text-align: center;\" rowspan=\"2\">Redondo<\/td>\n<\/tr>\n<tr style=\"height: 13.50pt;\">\n<td style=\"height: 13.5pt; text-align: center;\" align=\"right\" height=\"18\">100<\/td>\n<td style=\"text-align: center;\">74 \u00d7 85<\/td>\n<\/tr>\n<\/tbody>\n<\/table>\n<h2>Caso de sucesso<\/h2>\n<p>Uma marca de fragr\u00e2ncias para o lar escolheu nossos frascos difusores de vidro canelado e os personalizou com um elegante logotipo em relevo no ombro. Os frascos s\u00e3o decorados com um acabamento fosco suave e estampas serigrafadas sofisticadas que harmonizam perfeitamente com as notas da fragr\u00e2ncia.<\/p>\n<p>Ao utilizar essa embalagem personalizada, a marca experimentou um aumento not\u00e1vel na intera\u00e7\u00e3o com o cliente no ponto de venda, uma melhoria de 35% no apelo visual do produto e um aumento de 30% nas compras repetidas em dois trimestres. A marca adotou esse frasco difusor personalizado como sua embalagem padr\u00e3o e continua fazendo pedidos em grande quantidade para diversas linhas de produtos.<\/p>\n<h2>Suas op\u00e7\u00f5es de personaliza\u00e7\u00e3o<\/h2>\n<ol>\n<li><strong>Logotipo da marca em relevo ou baixo-relevo:<\/strong> Para aumentar o reconhecimento da marca por parte do cliente e melhorar o apelo visual do produto, voc\u00ea pode gravar o logotipo em relevo ou adicionar um s\u00edmbolo simples na frente, no ombro ou no fundo da garrafa. Dessa forma, voc\u00ea n\u00e3o precisa depender tanto dos r\u00f3tulos.<\/li>\n<li><strong>Decora\u00e7\u00e3o por serigrafia ou estampagem a quente:<\/strong> Por que n\u00e3o adicionar linhas delicadas, formas geom\u00e9tricas ou descri\u00e7\u00f5es da fragr\u00e2ncia ao frasco? H\u00e1 uma op\u00e7\u00e3o de impress\u00e3o serigr\u00e1fica em uma \u00fanica cor, e tamb\u00e9m \u00e9 poss\u00edvel usar estampagem a quente em ouro\/prata para tornar a apresenta\u00e7\u00e3o mais atraente.<\/li>\n<li><strong>Combina\u00e7\u00e3o entre o gargalo da garrafa e os acess\u00f3rios:<\/strong> Voc\u00ea pode escolher o tamanho do gargalo da garrafa de acordo com o posicionamento da marca no mercado e, em seguida, usar varetas de rattan natural, fibras de junco ou difusores de flores decorativos, juntamente com o tamanho de gargalo escolhido, para criar uma combina\u00e7\u00e3o.<\/li>\n<\/ol>","protected":false},"excerpt":{"rendered":"<p>Design para frascos de difusor vazios e varetas, ideal para marcas de fragr\u00e2ncias para casa. Frete gr\u00e1tis, personaliza\u00e7\u00e3o em grandes quantidades. Uma op\u00e7\u00e3o elegante para frascos de difusor de varetas.<\/p>","protected":false},"featured_media":4862,"template":"","meta":{"postBodyCss":"","postBodyMargin":[],"postBodyPadding":[],"postBodyBackground":{"backgroundType":"classic","gradient":""}},"product_brand":[],"product_cat":[15,16,63],"product_tag":[],"class_list":{"0":"post-4858","1":"product","2":"type-product","3":"status-publish","4":"has-post-thumbnail","6":"product_cat-glass-containers","7":"product_cat-glass-bottles","8":"product_cat-reed-diffuser-bottles","10":"first","11":"instock","12":"shipping-taxable","13":"product-type-simple"},"jetpack_sharing_enabled":true,"_links":{"self":[{"href":"https:\/\/minghanggroup.com\/pt\/wp-json\/wp\/v2\/product\/4858","targetHints":{"allow":["GET"]}}],"collection":[{"href":"https:\/\/minghanggroup.com\/pt\/wp-json\/wp\/v2\/product"}],"about":[{"href":"https:\/\/minghanggroup.com\/pt\/wp-json\/wp\/v2\/types\/product"}],"wp:featuredmedia":[{"embeddable":true,"href":"https:\/\/minghanggroup.com\/pt\/wp-json\/wp\/v2\/media\/4862"}],"wp:attachment":[{"href":"https:\/\/minghanggroup.com\/pt\/wp-json\/wp\/v2\/media?parent=4858"}],"wp:term":[{"taxonomy":"product_brand","embeddable":true,"href":"https:\/\/minghanggroup.com\/pt\/wp-json\/wp\/v2\/product_brand?post=4858"},{"taxonomy":"product_cat","embeddable":true,"href":"https:\/\/minghanggroup.com\/pt\/wp-json\/wp\/v2\/product_cat?post=4858"},{"taxonomy":"product_tag","embeddable":true,"href":"https:\/\/minghanggroup.com\/pt\/wp-json\/wp\/v2\/product_tag?post=4858"}],"curies":[{"name":"wp","href":"https:\/\/api.w.org\/{rel}","templated":true}]}}