{"id":4849,"date":"2026-01-20T13:37:54","date_gmt":"2026-01-20T05:37:54","guid":{"rendered":"https:\/\/minghanggroup.com\/?post_type=product&#038;p=4849"},"modified":"2026-01-20T13:51:49","modified_gmt":"2026-01-20T05:51:49","slug":"hanging-car-air-diffuser-bottles-with-wooden-lids-bulk","status":"publish","type":"product","link":"https:\/\/minghanggroup.com\/pt\/produto\/hanging-car-air-diffuser-bottles-with-wooden-lids-bulk\/","title":{"rendered":"Frascos difusores de ar para carro de 8ml com tampas de madeira (em grande quantidade)"},"content":{"rendered":"<p>Este difusor de ar para carro \u00e9 esculpido em vidro s\u00f3dio-c\u00e1lcico. O frasco \u00e9 pequeno, com uma tampa quadrada de madeira lisa. \u00c9 f\u00e1cil de fixar no espelho retrovisor do carro, com um cord\u00e3o tran\u00e7ado bege macio (com uma conta de madeira no topo).<\/p>\n<h2>Caracter\u00edsticas do produto<\/h2>\n<ul>\n<li><strong>Garrafa quadrada:<\/strong> O formato mini quadrado n\u00e3o s\u00f3 ocupa menos espa\u00e7o no seu carro, como as linhas geom\u00e9tricas limpas tamb\u00e9m s\u00e3o visualmente atraentes.<\/li>\n<li><strong>Tampa difusora quadrada de madeira:<\/strong> A tampa difusora quadrada de madeira possui fun\u00e7\u00f5es de veda\u00e7\u00e3o e difus\u00e3o, e sua textura natural combina perfeitamente com a atmosfera acolhedora do seu carro.<\/li>\n<li><strong>Design com cord\u00e3o tran\u00e7ado:<\/strong> As contas de madeira no cord\u00e3o tran\u00e7ado bege permitem pendur\u00e1-lo dentro do carro (por exemplo, no espelho retrovisor).<\/li>\n<\/ul>\n<h2 style=\"text-align: left;\">Especifica\u00e7\u00f5es principais<\/h2>\n<table class=\"aligncenter\" style=\"border-collapse: collapse; width: 454.52pt;\" border=\"0\" width=\"606\" cellspacing=\"0\" cellpadding=\"0\">\n<tbody>\n<tr style=\"height: 13.50pt;\">\n<td style=\"height: 13.50pt; width: 116.25pt;\" width=\"155\" height=\"18\">Especifica\u00e7\u00e3o<\/td>\n<td style=\"width: 338.25pt;\" width=\"451\">Detalhes<\/td>\n<\/tr>\n<tr style=\"height: 13.50pt;\">\n<td style=\"height: 13.50pt;\" height=\"18\">Capacidade<\/td>\n<td>8ml<\/td>\n<\/tr>\n<tr style=\"height: 13.50pt;\">\n<td style=\"height: 13.50pt;\" height=\"18\">Dimens\u00f5es<\/td>\n<td>27\u00d746mm<\/td>\n<\/tr>\n<tr style=\"height: 13.50pt;\">\n<td style=\"height: 13.50pt;\" height=\"18\">Material<\/td>\n<td>Vidro de s\u00f3dio-c\u00e1lcio, madeira, cord\u00e3o de algod\u00e3o<\/td>\n<\/tr>\n<tr style=\"height: 13.50pt;\">\n<td style=\"height: 13.50pt;\" height=\"18\">Formato de garrafa<\/td>\n<td>Cubo em miniatura<\/td>\n<\/tr>\n<tr style=\"height: 13.50pt;\">\n<td style=\"height: 13.50pt;\" height=\"18\">Escopo de personaliza\u00e7\u00e3o<\/td>\n<td>Cor, tamanho, formato, acabamento, tampas<\/td>\n<\/tr>\n<tr style=\"height: 13.50pt;\">\n<td style=\"height: 13.50pt;\" height=\"18\">Finalidade do produto<\/td>\n<td>Difusores de carro suspensos em frascos, difusores de vidro em frascos<\/td>\n<\/tr>\n<tr style=\"height: 13.50pt;\">\n<td style=\"height: 13.50pt;\" height=\"18\">Ind\u00fastrias adequadas<\/td>\n<td>Acess\u00f3rios automotivos, itens essenciais para viagens<\/td>\n<\/tr>\n<\/tbody>\n<\/table>\n<h2>Hist\u00f3ria de sucesso<\/h2>\n<p>Nossos frascos difusores de carro de 8ml foram escolhidos por uma marca de estilo de vida automotivo como um acess\u00f3rio essencial para fragr\u00e2ncias. O formato c\u00fabico do produto alcan\u00e7ou 95% de satisfa\u00e7\u00e3o do cliente e foi o item mais procurado em sua caixa de assinatura. Seu design elegante gerou um aumento de 300% no compartilhamento de v\u00eddeos de unboxing nas redes sociais. A marca ficou t\u00e3o satisfeita que encomendou um novo lote de 500.000 frascos para garantir um estoque para dois anos.<\/p>\n<h2>Personaliza\u00e7\u00e3o de frascos difusores de ar para carros<\/h2>\n<ul>\n<li>Cores e acabamentos do vidro: Dispon\u00edvel em transparente, fum\u00ea ou fosco suave.<\/li>\n<li>Personaliza\u00e7\u00e3o de cordas e contas: \u00c9 poss\u00edvel alterar a cor e o material da corda, o formato das contas ou a madeira.<\/li>\n<li>Grava\u00e7\u00e3o a laser: Grave um pequeno logotipo, padr\u00e3o ou iniciais em uma das faces do cubo de vidro ou da tampa de madeira.<\/li>\n<li>Relevo: Inclua um pequeno emblema em relevo na parte inferior da tampa ou cubo de madeira.<\/li>\n<\/ul>","protected":false},"excerpt":{"rendered":"<p>Difusor de ar compacto para carro, com tampa quadrada de madeira e cord\u00e3o. Elegante difusor para pendurar em carros, ideal para \u00f3leos arom\u00e1ticos e como presente. Servi\u00e7o personalizado e fabrica\u00e7\u00e3o OEM dispon\u00edveis.<\/p>","protected":false},"featured_media":4851,"template":"","meta":{"postBodyCss":"","postBodyMargin":[],"postBodyPadding":[],"postBodyBackground":{"backgroundType":"classic","gradient":""}},"product_brand":[],"product_cat":[15,16,63],"product_tag":[],"class_list":{"0":"post-4849","1":"product","2":"type-product","3":"status-publish","4":"has-post-thumbnail","6":"product_cat-glass-containers","7":"product_cat-glass-bottles","8":"product_cat-reed-diffuser-bottles","10":"first","11":"instock","12":"shipping-taxable","13":"product-type-simple"},"jetpack_sharing_enabled":true,"_links":{"self":[{"href":"https:\/\/minghanggroup.com\/pt\/wp-json\/wp\/v2\/product\/4849","targetHints":{"allow":["GET"]}}],"collection":[{"href":"https:\/\/minghanggroup.com\/pt\/wp-json\/wp\/v2\/product"}],"about":[{"href":"https:\/\/minghanggroup.com\/pt\/wp-json\/wp\/v2\/types\/product"}],"wp:featuredmedia":[{"embeddable":true,"href":"https:\/\/minghanggroup.com\/pt\/wp-json\/wp\/v2\/media\/4851"}],"wp:attachment":[{"href":"https:\/\/minghanggroup.com\/pt\/wp-json\/wp\/v2\/media?parent=4849"}],"wp:term":[{"taxonomy":"product_brand","embeddable":true,"href":"https:\/\/minghanggroup.com\/pt\/wp-json\/wp\/v2\/product_brand?post=4849"},{"taxonomy":"product_cat","embeddable":true,"href":"https:\/\/minghanggroup.com\/pt\/wp-json\/wp\/v2\/product_cat?post=4849"},{"taxonomy":"product_tag","embeddable":true,"href":"https:\/\/minghanggroup.com\/pt\/wp-json\/wp\/v2\/product_tag?post=4849"}],"curies":[{"name":"wp","href":"https:\/\/api.w.org\/{rel}","templated":true}]}}