{"id":4848,"date":"2026-01-20T14:03:32","date_gmt":"2026-01-20T06:03:32","guid":{"rendered":"https:\/\/minghanggroup.com\/?post_type=product&#038;p=4848"},"modified":"2026-01-20T14:03:34","modified_gmt":"2026-01-20T06:03:34","slug":"diffuser-bottle-and-sticks-with-flat-round-shape-wholesale","status":"publish","type":"product","link":"https:\/\/minghanggroup.com\/pt\/produto\/diffuser-bottle-and-sticks-with-flat-round-shape-wholesale\/","title":{"rendered":"Frasco e varetas difusoras de 100ml e 200ml com formato plano e redondo para atacado"},"content":{"rendered":"<p>O frasco e as varetas do seu difusor n\u00e3o devem apenas armazenar o aroma \u2014 devem fazer a luz dan\u00e7ar sobre a sua mesa como seda l\u00edquida. Como especialistas em frascos de difusor vazios, criamos difusores de varetas de vidro que transformam o seu difusor de \u00f3leos essenciais na pulsa\u00e7\u00e3o silenciosa do ambiente.<\/p>\n<h2>Caracter\u00edsticas do produto<\/h2>\n<ul>\n<li><strong>Jogo de luz quadrado plano:<\/strong> As bordas dispersam a luz como um diamante, transformando-se em uma obra de arte em sua casa em apenas alguns instantes com a sua fragr\u00e2ncia.<\/li>\n<li><strong>Tampa de rosca segura:<\/strong> Encaixe as varetas de rattan natural, sem oscila\u00e7\u00f5es, sem derramamento.<\/li>\n<li><strong>Clareza cristalina:<\/strong> Atrav\u00e9s do vidro transparente, voc\u00ea consegue ver cada gota de \u00f3leos essenciais perfumados, sem filtros que embacem a vis\u00e3o.<\/li>\n<\/ul>\n<h2>Especifica\u00e7\u00f5es principais<\/h2>\n<table style=\"border-collapse: collapse; width: 80%; margin-left: auto; margin-right: auto;\" border=\"0\" width=\"288\" cellspacing=\"0\" cellpadding=\"0\">\n<tbody>\n<tr style=\"height: 13.50pt;\">\n<td style=\"height: 13.5pt; width: 54pt; text-align: center;\" width=\"72\" height=\"18\">Tamanho (ml)<\/td>\n<td style=\"width: 54pt; text-align: center;\" width=\"72\">Dimens\u00f5es (mm)<\/td>\n<td style=\"width: 54pt; text-align: center;\" width=\"72\">Di\u00e2metro do pesco\u00e7o (mm)<\/td>\n<td style=\"width: 54pt; text-align: center;\" width=\"72\">Forma<\/td>\n<\/tr>\n<tr style=\"height: 13.50pt;\">\n<td style=\"height: 13.5pt; text-align: center;\" align=\"right\" height=\"18\">100<\/td>\n<td style=\"text-align: center;\">95\u00d7100<\/td>\n<td style=\"text-align: center;\">15\/26<\/td>\n<td class=\"et2\" style=\"text-align: center;\" rowspan=\"2\">Quadrado plano<\/td>\n<\/tr>\n<tr style=\"height: 13.50pt;\">\n<td style=\"height: 13.5pt; text-align: center;\" align=\"right\" height=\"18\">200<\/td>\n<td style=\"text-align: center;\">113\u00d7120<\/td>\n<td style=\"text-align: center;\">19\/31<\/td>\n<\/tr>\n<\/tbody>\n<\/table>\n<h2>Caso de sucesso<\/h2>\n<p>Uma marca boutique de fragr\u00e2ncias para casa, especializada em aromas modernos para interiores, buscava um frasco difusor que n\u00e3o s\u00f3 refletisse seu posicionamento premium, mas tamb\u00e9m fosse pr\u00e1tico para o uso di\u00e1rio. Para apresentar sua nova linha de produtos, a marca optou por nossos frascos difusores de vidro transparente e os repaginou: os frascos agora t\u00eam acabamento fosco, um elegante logotipo da marca em relevo foi aplicado no ombro e uma estampa geom\u00e9trica serigrafada que ressoa com a identidade da marca foi utilizada.<\/p>\n<p>Isso resultou em um aumento de 35% no n\u00famero de clientes que fizeram compras repetidas em dois meses. Inspirada por essa \u00f3tima receptividade do mercado, a marca continua fazendo grandes encomendas regularmente para os pr\u00f3ximos lan\u00e7amentos de produtos sazonais.<\/p>\n<h2>Suas op\u00e7\u00f5es de personaliza\u00e7\u00e3o<\/h2>\n<ol>\n<li><strong>Aprimoramento da identidade da marca:<\/strong> Com o aux\u00edlio dessas t\u00e9cnicas, um logotipo em relevo ou baixo-relevo pode ser adicionado para uma marca, e a frente da garrafa pode ser impressa com serigrafia, hot stamping ou folha de prata para aumentar ainda mais o reconhecimento da marca.<\/li>\n<li><strong>Op\u00e7\u00f5es de cores para a garrafa:<\/strong> Al\u00e9m do vidro branco de alta transpar\u00eancia, cores de baixa satura\u00e7\u00e3o, como cinza claro esfuma\u00e7ado, \u00e2mbar e verde claro, podem ser adaptadas para diferentes composi\u00e7\u00f5es de fragr\u00e2ncias e estilos de decora\u00e7\u00e3o de interiores.<\/li>\n<li><strong>Combina\u00e7\u00e3o entre o gargalo da garrafa e os acess\u00f3rios:<\/strong> Com esses modelos de garrafa, podem ser usados \u200b\u200bgargalos de diferentes alturas e di\u00e2metros, tornando a combina\u00e7\u00e3o vers\u00e1til o suficiente para usar com varetas de rattan, fibras ou difusores florais, aprimorando o estilo decorativo geral.<\/li>\n<\/ol>","protected":false},"excerpt":{"rendered":"<p>Frasco difusor com varetas e design de corpo transparente e arredondado. Fornecimento direto da f\u00e1brica de frascos difusores vazios e personaliza\u00e7\u00e3o em grandes quantidades dispon\u00edvel.<\/p>","protected":false},"featured_media":4857,"template":"","meta":{"postBodyCss":"","postBodyMargin":[],"postBodyPadding":[],"postBodyBackground":{"backgroundType":"classic","gradient":""}},"product_brand":[],"product_cat":[15,16,63],"product_tag":[],"class_list":{"0":"post-4848","1":"product","2":"type-product","3":"status-publish","4":"has-post-thumbnail","6":"product_cat-glass-containers","7":"product_cat-glass-bottles","8":"product_cat-reed-diffuser-bottles","10":"first","11":"instock","12":"shipping-taxable","13":"product-type-simple"},"jetpack_sharing_enabled":true,"_links":{"self":[{"href":"https:\/\/minghanggroup.com\/pt\/wp-json\/wp\/v2\/product\/4848","targetHints":{"allow":["GET"]}}],"collection":[{"href":"https:\/\/minghanggroup.com\/pt\/wp-json\/wp\/v2\/product"}],"about":[{"href":"https:\/\/minghanggroup.com\/pt\/wp-json\/wp\/v2\/types\/product"}],"wp:featuredmedia":[{"embeddable":true,"href":"https:\/\/minghanggroup.com\/pt\/wp-json\/wp\/v2\/media\/4857"}],"wp:attachment":[{"href":"https:\/\/minghanggroup.com\/pt\/wp-json\/wp\/v2\/media?parent=4848"}],"wp:term":[{"taxonomy":"product_brand","embeddable":true,"href":"https:\/\/minghanggroup.com\/pt\/wp-json\/wp\/v2\/product_brand?post=4848"},{"taxonomy":"product_cat","embeddable":true,"href":"https:\/\/minghanggroup.com\/pt\/wp-json\/wp\/v2\/product_cat?post=4848"},{"taxonomy":"product_tag","embeddable":true,"href":"https:\/\/minghanggroup.com\/pt\/wp-json\/wp\/v2\/product_tag?post=4848"}],"curies":[{"name":"wp","href":"https:\/\/api.w.org\/{rel}","templated":true}]}}