{"id":4819,"date":"2026-01-20T10:03:15","date_gmt":"2026-01-20T02:03:15","guid":{"rendered":"https:\/\/minghanggroup.com\/?post_type=product&#038;p=4819"},"modified":"2026-01-20T11:53:28","modified_gmt":"2026-01-20T03:53:28","slug":"empty-car-air-freshener-diffuser-bottles-bulk","status":"publish","type":"product","link":"https:\/\/minghanggroup.com\/pt\/produto\/empty-car-air-freshener-diffuser-bottles-bulk\/","title":{"rendered":"Frascos vazios de 10ml para difusor de aromatizador de carro (em grande quantidade)"},"content":{"rendered":"<p>Esses difusores de aromatizador de ar para carro s\u00e3o feitos de vidro s\u00f3dio-c\u00e1lcico. Possuem um design compacto em formato de c\u00fapula com uma tampa esf\u00e9rica de madeira natural. O cord\u00e3o \u00e9 delicadamente tran\u00e7ado e adornado com contas de cristal brilhantes, permitindo que seja facilmente fixado no espelho retrovisor do carro.<\/p>\n<h2>Caracter\u00edsticas do produto<\/h2>\n<ul>\n<li><strong>Calota esf\u00e9rica de madeira natural:<\/strong> A calota esf\u00e9rica de madeira possui capacidades de veda\u00e7\u00e3o e difus\u00e3o.<\/li>\n<li><strong>Garrafa em formato de c\u00fapula:<\/strong> O formato de mini c\u00fapula proporciona espa\u00e7o ao interior do carro, e as curvas suaves conferem um toque de eleg\u00e2ncia.<\/li>\n<li><strong>Design de cord\u00e3o decorativo:<\/strong> A pe\u00e7a tran\u00e7ada vir\u00e1 com contas de cristal, o que significa que pode ser facilmente pendurada no interior do carro (por exemplo, em um espelho retrovisor).<\/li>\n<\/ul>\n<h2 style=\"text-align: left;\">Especifica\u00e7\u00f5es principais<\/h2>\n<table class=\"aligncenter\" style=\"border-collapse: collapse; width: 443.27pt;\" border=\"0\" width=\"591\" cellspacing=\"0\" cellpadding=\"0\">\n<tbody>\n<tr style=\"height: 13.50pt;\">\n<td style=\"height: 13.50pt; width: 116.25pt;\" width=\"155\" height=\"18\">Especifica\u00e7\u00e3o<\/td>\n<td style=\"width: 327.00pt;\" width=\"436\">Detalhes<\/td>\n<\/tr>\n<tr style=\"height: 13.50pt;\">\n<td style=\"height: 13.50pt;\" height=\"18\">Capacidade<\/td>\n<td>10ml<\/td>\n<\/tr>\n<tr style=\"height: 13.50pt;\">\n<td style=\"height: 13.50pt;\" height=\"18\">Dimens\u00f5es<\/td>\n<td>54\u00d730mm<\/td>\n<\/tr>\n<tr style=\"height: 13.50pt;\">\n<td style=\"height: 13.50pt;\" height=\"18\">Material<\/td>\n<td>Vidro s\u00f3dio-c\u00e1lcico, madeira, cord\u00e3o de algod\u00e3o, contas de cristal<\/td>\n<\/tr>\n<tr style=\"height: 13.50pt;\">\n<td style=\"height: 13.50pt;\" height=\"18\">Formato de garrafa<\/td>\n<td>Sino pequeno \/ C\u00fapula<\/td>\n<\/tr>\n<tr style=\"height: 13.50pt;\">\n<td style=\"height: 13.50pt;\" height=\"18\">Escopo de personaliza\u00e7\u00e3o<\/td>\n<td>Cor, Tampas, Formato, Tamanho<\/td>\n<\/tr>\n<tr style=\"height: 13.50pt;\">\n<td style=\"height: 13.50pt;\" height=\"18\">Artesanato<\/td>\n<td>Sopro de vidro, torneamento de madeira, montagem de cabos<\/td>\n<\/tr>\n<tr style=\"height: 13.50pt;\">\n<td style=\"height: 13.50pt;\" height=\"18\">Ind\u00fastrias adequadas<\/td>\n<td>Acess\u00f3rios automotivos, marcas de estilo de vida, aromaterapia<\/td>\n<\/tr>\n<\/tbody>\n<\/table>\n<h2>Hist\u00f3ria de Sucesso: Um Livro de Bilheteria de uma Marca Coreana de Autope\u00e7as<\/h2>\n<p>Uma marca coreana de acess\u00f3rios automotivos adquiriu uma grande quantidade de nossos frascos difusores de aromatizador de ar para carros de 10 ml. Os clientes adoraram o cord\u00e3o tran\u00e7ado pr\u00e9-instalado, pois al\u00e9m de economizar tempo, aumentou a satisfa\u00e7\u00e3o do cliente em 35%. A combina\u00e7\u00e3o de madeira e contas de cristal tornou o produto um presente muito atraente, resultando em um aumento de 200% nas vendas durante o per\u00edodo de festas. A empresa ficou muito satisfeita com o sucesso do produto e, para se preparar para o pr\u00f3ximo ano, fez um novo pedido de 800.000 frascos.<\/p>\n<h2>Personaliza\u00e7\u00e3o de frascos vazios para difusor de carro<\/h2>\n<ul>\n<li>Acabamentos e cores do vidro: Voc\u00ea pode escolher entre transparente e fum\u00ea ou \u00e2mbar e fosco suave.<\/li>\n<li>Op\u00e7\u00f5es de tampa de madeira: A tampa \u00e9 feita de diferentes tipos de madeira, como bambu, s\u00e2ndalo ou nogueira.<\/li>\n<li>Personaliza\u00e7\u00e3o de cord\u00f5es e mi\u00e7angas: Voc\u00ea escolhe a cor e o material do cord\u00e3o (algod\u00e3o, couro), bem como o tipo de mi\u00e7angas (pedra, metal, cer\u00e2mica) que deseja usar.<\/li>\n<li>Serigrafia: Atrav\u00e9s da serigrafia, \u00e9 poss\u00edvel imprimir desenhos simples, bem como textos, no vidro.<\/li>\n<\/ul>","protected":false},"excerpt":{"rendered":"<p>Elegantes frascos vazios para difusor de carro com tampa de madeira e cord\u00e3o de cristal, perfeitos para usar como aromatizador de ar para carros com \u00f3leos essenciais, direto da f\u00e1brica.<\/p>","protected":false},"featured_media":4824,"template":"","meta":{"postBodyCss":"","postBodyMargin":[],"postBodyPadding":[],"postBodyBackground":{"backgroundType":"classic","gradient":""}},"product_brand":[],"product_cat":[15,16,63],"product_tag":[],"class_list":{"0":"post-4819","1":"product","2":"type-product","3":"status-publish","4":"has-post-thumbnail","6":"product_cat-glass-containers","7":"product_cat-glass-bottles","8":"product_cat-reed-diffuser-bottles","10":"first","11":"instock","12":"shipping-taxable","13":"product-type-simple"},"jetpack_sharing_enabled":true,"_links":{"self":[{"href":"https:\/\/minghanggroup.com\/pt\/wp-json\/wp\/v2\/product\/4819","targetHints":{"allow":["GET"]}}],"collection":[{"href":"https:\/\/minghanggroup.com\/pt\/wp-json\/wp\/v2\/product"}],"about":[{"href":"https:\/\/minghanggroup.com\/pt\/wp-json\/wp\/v2\/types\/product"}],"wp:featuredmedia":[{"embeddable":true,"href":"https:\/\/minghanggroup.com\/pt\/wp-json\/wp\/v2\/media\/4824"}],"wp:attachment":[{"href":"https:\/\/minghanggroup.com\/pt\/wp-json\/wp\/v2\/media?parent=4819"}],"wp:term":[{"taxonomy":"product_brand","embeddable":true,"href":"https:\/\/minghanggroup.com\/pt\/wp-json\/wp\/v2\/product_brand?post=4819"},{"taxonomy":"product_cat","embeddable":true,"href":"https:\/\/minghanggroup.com\/pt\/wp-json\/wp\/v2\/product_cat?post=4819"},{"taxonomy":"product_tag","embeddable":true,"href":"https:\/\/minghanggroup.com\/pt\/wp-json\/wp\/v2\/product_tag?post=4819"}],"curies":[{"name":"wp","href":"https:\/\/api.w.org\/{rel}","templated":true}]}}