{"id":4818,"date":"2026-01-20T10:49:49","date_gmt":"2026-01-20T02:49:49","guid":{"rendered":"https:\/\/minghanggroup.com\/?post_type=product&#038;p=4818"},"modified":"2026-01-20T15:36:48","modified_gmt":"2026-01-20T07:36:48","slug":"flat-oval-shape-bottles-for-diffusers-wholesale","status":"publish","type":"product","link":"https:\/\/minghanggroup.com\/pt\/produto\/flat-oval-shape-bottles-for-diffusers-wholesale\/","title":{"rendered":"Frascos ovais planos de 100ml e 150ml para difusores - Venda por atacado"},"content":{"rendered":"<p>Os frascos para difusores n\u00e3o devem apenas conter o aroma \u2014 devem fazer a luz dan\u00e7ar sobre a sua mesa de centro como seda l\u00edquida. Como especialistas em frascos para difusores de 100ml no atacado, criamos difusores de varetas de vidro que transformam o seu difusor de \u00f3leos essenciais na pulsa\u00e7\u00e3o silenciosa do ambiente.<\/p>\n<h2>Caracter\u00edsticas do produto<\/h2>\n<ul>\n<li><strong>Refra\u00e7\u00e3o da luz oval:<\/strong> As curvas planas dispersam a luz de uma maneira muito diferente das ondula\u00e7\u00f5es da \u00e1gua; \u00e9 como uma obra de arte instant\u00e2nea, decorando sua casa e perfumando seu ambiente.<\/li>\n<li><strong>Tampa met\u00e1lica segura:<\/strong> Encaixe as varetas de rattan natural - sem oscila\u00e7\u00e3o, sem derramamento.<\/li>\n<li><strong>Clareza cristalina:<\/strong> Atrav\u00e9s do vidro transparente, voc\u00ea consegue ver todas as nuances dos \u00f3leos essenciais perfumados sem filtros que causem turbidez.<\/li>\n<\/ul>\n<h2>Especifica\u00e7\u00f5es principais<\/h2>\n<table style=\"border-collapse: collapse; width: 80%; margin-left: auto; margin-right: auto;\" border=\"0\" width=\"288\" cellspacing=\"0\" cellpadding=\"0\">\n<tbody>\n<tr style=\"height: 13.50pt;\">\n<td style=\"height: 13.5pt; width: 54pt; text-align: center;\" width=\"72\" height=\"18\">Tamanho (ml)<\/td>\n<td style=\"width: 54pt; text-align: center;\" width=\"72\">Dimens\u00f5es (mm)<\/td>\n<td style=\"width: 54pt; text-align: center;\" width=\"72\">Di\u00e2metro do pesco\u00e7o (mm)<\/td>\n<td style=\"width: 54pt; text-align: center;\" width=\"72\">Forma<\/td>\n<\/tr>\n<tr style=\"height: 13.50pt;\">\n<td style=\"height: 13.5pt; text-align: center;\" align=\"right\" height=\"18\">100<\/td>\n<td style=\"text-align: center;\">81 \u00d7 104<\/td>\n<td style=\"text-align: center;\">17\/28<\/td>\n<td class=\"et2\" style=\"text-align: center;\" rowspan=\"2\">Oval achatado<\/td>\n<\/tr>\n<tr style=\"height: 13.50pt;\">\n<td style=\"height: 13.5pt; text-align: center;\" align=\"right\" height=\"18\">150<\/td>\n<td style=\"text-align: center;\">93 \u00d7 122<\/td>\n<td style=\"text-align: center;\">18\/27<\/td>\n<\/tr>\n<\/tbody>\n<\/table>\n<h2>Caso de sucesso<\/h2>\n<p>Uma marca europeia de fragr\u00e2ncias para casa decidiu trabalhar conosco na personaliza\u00e7\u00e3o de um frasco difusor de 100ml para seus canais de varejo f\u00edsicos de m\u00e9dio a alto padr\u00e3o. Combinando o design redondo original, o cliente personalizou um frasco \u00e2mbar para retardar a deteriora\u00e7\u00e3o da fragr\u00e2ncia e o complementou com varetas difusoras de madeira para conferir ao produto um toque mais luxuoso. Um logotipo exclusivo tamb\u00e9m foi impresso em serigrafia no frasco como personaliza\u00e7\u00e3o.<\/p>\n<p>Ap\u00f3s o lan\u00e7amento, a taxa de recompra desta s\u00e9rie aumentou acentuadamente em tr\u00eas meses, e as vendas de outros produtos de fragr\u00e2ncia aumentaram cerca de 30% em rela\u00e7\u00e3o ao ano anterior.<\/p>\n<h2>Suas op\u00e7\u00f5es de personaliza\u00e7\u00e3o<\/h2>\n<ol>\n<li><strong>Op\u00e7\u00f5es de personaliza\u00e7\u00e3o de tampas de garrafa:<\/strong> As tampas de garrafa podem ser galvanizadas em v\u00e1rias cores (dourado\/cinza-chumbo\/dourado champanhe\/prateado) ou ter um acabamento met\u00e1lico fosco, ou as tampas de madeira podem ser personalizadas com a textura natural da madeira, tingimento ou logotipo da marca gravado a laser.<\/li>\n<li><strong>Personaliza\u00e7\u00e3o da identidade da marca:<\/strong> O corpo da garrafa pode ser decorado com o logotipo da sua marca em serigrafia, impress\u00e3o serigr\u00e1fica, estampagem a quente ou relevo; uma \u00e1rea de rotulagem personalizada tanto para conformidade quanto para apelo visual.<\/li>\n<li><strong>Aprimoramento na fabrica\u00e7\u00e3o de vidro:<\/strong> O corpo da garrafa pode ser parcialmente jateado com areia, pintado com tinta degrad\u00ea ou colorido internamente para criar uma apresenta\u00e7\u00e3o mais atraente.<\/li>\n<\/ol>","protected":false},"excerpt":{"rendered":"<p>Frascos para difusores com design robusto em vidro. Frascos de 100ml para difusores, dispon\u00edveis para venda por atacado direto da f\u00e1brica, com op\u00e7\u00f5es flex\u00edveis de personaliza\u00e7\u00e3o em grandes quantidades.<\/p>","protected":false},"featured_media":4823,"template":"","meta":{"postBodyCss":"","postBodyMargin":[],"postBodyPadding":[],"postBodyBackground":{"backgroundType":"classic","gradient":""}},"product_brand":[],"product_cat":[15,16,63],"product_tag":[],"class_list":{"0":"post-4818","1":"product","2":"type-product","3":"status-publish","4":"has-post-thumbnail","6":"product_cat-glass-containers","7":"product_cat-glass-bottles","8":"product_cat-reed-diffuser-bottles","10":"first","11":"instock","12":"shipping-taxable","13":"product-type-simple"},"jetpack_sharing_enabled":true,"_links":{"self":[{"href":"https:\/\/minghanggroup.com\/pt\/wp-json\/wp\/v2\/product\/4818","targetHints":{"allow":["GET"]}}],"collection":[{"href":"https:\/\/minghanggroup.com\/pt\/wp-json\/wp\/v2\/product"}],"about":[{"href":"https:\/\/minghanggroup.com\/pt\/wp-json\/wp\/v2\/types\/product"}],"wp:featuredmedia":[{"embeddable":true,"href":"https:\/\/minghanggroup.com\/pt\/wp-json\/wp\/v2\/media\/4823"}],"wp:attachment":[{"href":"https:\/\/minghanggroup.com\/pt\/wp-json\/wp\/v2\/media?parent=4818"}],"wp:term":[{"taxonomy":"product_brand","embeddable":true,"href":"https:\/\/minghanggroup.com\/pt\/wp-json\/wp\/v2\/product_brand?post=4818"},{"taxonomy":"product_cat","embeddable":true,"href":"https:\/\/minghanggroup.com\/pt\/wp-json\/wp\/v2\/product_cat?post=4818"},{"taxonomy":"product_tag","embeddable":true,"href":"https:\/\/minghanggroup.com\/pt\/wp-json\/wp\/v2\/product_tag?post=4818"}],"curies":[{"name":"wp","href":"https:\/\/api.w.org\/{rel}","templated":true}]}}