{"id":4808,"date":"2026-01-19T16:20:22","date_gmt":"2026-01-19T08:20:22","guid":{"rendered":"https:\/\/minghanggroup.com\/?post_type=product&#038;p=4808"},"modified":"2026-01-19T16:20:24","modified_gmt":"2026-01-19T08:20:24","slug":"octagonal-clear-reed-diffuser-glass-bottles-bulk","status":"publish","type":"product","link":"https:\/\/minghanggroup.com\/pt\/produto\/octagonal-clear-reed-diffuser-glass-bottles-bulk\/","title":{"rendered":"Frascos de vidro octogonais transparentes para difusor de varetas, 100ml, 200ml e 500ml (em atacado)"},"content":{"rendered":"<p>Os frascos para difusor n\u00e3o devem apenas conter o aroma \u2014 devem fazer a luz dan\u00e7ar como uma escultura moderna. Como fornecedores de frascos para difusor especializados em solu\u00e7\u00f5es de difusores de varetas de vidro, criamos frascos de luxo que transformam seu difusor de \u00f3leos essenciais em uma estrela silenciosa do ambiente.<\/p>\n<h2>Caracter\u00edsticas do produto<\/h2>\n<ul>\n<li><strong>Design octogonal facetado:<\/strong> O formato octogonal da estrutura regular e sim\u00e9trica n\u00e3o s\u00f3 contribui para a beleza geom\u00e9trica, como tamb\u00e9m aumenta a refra\u00e7\u00e3o da luz, resultando numa exibi\u00e7\u00e3o mais atraente, cativante e \u00fanica.<\/li>\n<li><strong>Material de vidro de alta transpar\u00eancia:<\/strong> O frasco de aromaterapia \u00e9 feito de vidro de alta transpar\u00eancia, o que permite visualizar claramente tanto a cor quanto o n\u00edvel do l\u00edquido, contribuindo assim para a sua atratividade visual.<\/li>\n<li><strong>Base est\u00e1vel e espessa:<\/strong> Por ter uma base est\u00e1vel, a garrafa tem menos probabilidade de ser acidentalmente tombada, podendo assim ser deixada em casa ou em um local elevado em um ambiente comercial por um longo per\u00edodo de tempo.<\/li>\n<\/ul>\n<h2>Especifica\u00e7\u00f5es principais<\/h2>\n<table style=\"border-collapse: collapse; width: 80%; margin-left: auto; margin-right: auto;\" border=\"0\" width=\"288\" cellspacing=\"0\" cellpadding=\"0\">\n<tbody>\n<tr style=\"height: 13.50pt;\">\n<td style=\"height: 13.5pt; width: 54pt; text-align: center;\" width=\"72\" height=\"18\">Tamanho (ml)<\/td>\n<td style=\"width: 54pt; text-align: center;\" width=\"72\">Dimens\u00f5es (mm)<\/td>\n<td style=\"width: 54pt; text-align: center;\" width=\"72\">Di\u00e2metro do pesco\u00e7o (mm)<\/td>\n<td style=\"width: 54pt; text-align: center;\" width=\"72\">Forma<\/td>\n<\/tr>\n<tr style=\"height: 13.50pt;\">\n<td style=\"height: 13.5pt; text-align: center;\" align=\"right\" height=\"18\">100<\/td>\n<td style=\"text-align: center;\">84 \u00d7 100<\/td>\n<td style=\"text-align: center;\">17\/27<\/td>\n<td class=\"et2\" style=\"text-align: center;\" rowspan=\"3\">Octogonal<\/td>\n<\/tr>\n<tr style=\"height: 13.50pt;\">\n<td style=\"height: 13.5pt; text-align: center;\" align=\"right\" height=\"18\">200<\/td>\n<td style=\"text-align: center;\">101 \u00d7 117<\/td>\n<td style=\"text-align: center;\">17\/27<\/td>\n<\/tr>\n<tr style=\"height: 13.50pt;\">\n<td style=\"height: 13.5pt; text-align: center;\" align=\"right\" height=\"18\">500<\/td>\n<td style=\"text-align: center;\">155 \u00d7 153<\/td>\n<td style=\"text-align: center;\">18\/27<\/td>\n<\/tr>\n<\/tbody>\n<\/table>\n<h2>Caso de sucesso<\/h2>\n<p>Uma empresa especializada em fragr\u00e2ncias para casa e solu\u00e7\u00f5es de aromaterapia para hot\u00e9is decidiu colaborar conosco no design de seu frasco difusor octogonal de vidro. O cliente optou por um vidro de alta transpar\u00eancia, personalizou o gargalo do frasco com acabamento eletrogalvanizado e, ao selecionar varetas de fibra preta em formato personalizado, criou um forte contraste visual com o vidro transparente.<\/p>\n<p>Ap\u00f3s o lan\u00e7amento do produto, o volume total de vendas aumentou cerca de 30% no primeiro trimestre, elevando assim a competitividade da marca no mercado de compras em grande escala.<\/p>\n<h2>Suas op\u00e7\u00f5es de personaliza\u00e7\u00e3o<\/h2>\n<ol>\n<li><strong>Cor do vidro e processo de revestimento interno:<\/strong> O produto est\u00e1 dispon\u00edvel nas cores transparente, cinza claro esfuma\u00e7ado, \u00e2mbar ou em uma cor transl\u00facida com revestimento interno, que equilibra o aspecto decorativo e a leve prote\u00e7\u00e3o do l\u00edquido perfumado.<\/li>\n<li><strong>Melhorias nos componentes de palhetas e difusores: <\/strong>As op\u00e7\u00f5es incluem palhetas de rattan natural, palhetas de fibra ou palhetas com comprimento\/di\u00e2metro personalizados, e suportam designs de palhetas tingidas ou com formatos exclusivos.<\/li>\n<li><strong>Personaliza\u00e7\u00e3o exclusiva da marca e da identifica\u00e7\u00e3o:<\/strong> A serigrafia, a estampagem a quente e os logotipos em relevo no corpo da garrafa, juntamente com c\u00f3digos gravados ou marcas antifalsifica\u00e7\u00e3o no fundo da garrafa, s\u00e3o suportados, proporcionando assim um n\u00edvel mais elevado de exclusividade da marca.<\/li>\n<\/ol>","protected":false},"excerpt":{"rendered":"<p>Esses frascos difusores de vidro apresentam um design octogonal exclusivo. Como fornecedores de frascos difusores, oferecemos vendas diretas da f\u00e1brica e suporte para personaliza\u00e7\u00e3o em grande escala.<\/p>","protected":false},"featured_media":4816,"template":"","meta":{"postBodyCss":"","postBodyMargin":[],"postBodyPadding":[],"postBodyBackground":{"backgroundType":"classic","gradient":""}},"product_brand":[],"product_cat":[15,16,63],"product_tag":[],"class_list":{"0":"post-4808","1":"product","2":"type-product","3":"status-publish","4":"has-post-thumbnail","6":"product_cat-glass-containers","7":"product_cat-glass-bottles","8":"product_cat-reed-diffuser-bottles","10":"first","11":"instock","12":"shipping-taxable","13":"product-type-simple"},"jetpack_sharing_enabled":true,"_links":{"self":[{"href":"https:\/\/minghanggroup.com\/pt\/wp-json\/wp\/v2\/product\/4808","targetHints":{"allow":["GET"]}}],"collection":[{"href":"https:\/\/minghanggroup.com\/pt\/wp-json\/wp\/v2\/product"}],"about":[{"href":"https:\/\/minghanggroup.com\/pt\/wp-json\/wp\/v2\/types\/product"}],"wp:featuredmedia":[{"embeddable":true,"href":"https:\/\/minghanggroup.com\/pt\/wp-json\/wp\/v2\/media\/4816"}],"wp:attachment":[{"href":"https:\/\/minghanggroup.com\/pt\/wp-json\/wp\/v2\/media?parent=4808"}],"wp:term":[{"taxonomy":"product_brand","embeddable":true,"href":"https:\/\/minghanggroup.com\/pt\/wp-json\/wp\/v2\/product_brand?post=4808"},{"taxonomy":"product_cat","embeddable":true,"href":"https:\/\/minghanggroup.com\/pt\/wp-json\/wp\/v2\/product_cat?post=4808"},{"taxonomy":"product_tag","embeddable":true,"href":"https:\/\/minghanggroup.com\/pt\/wp-json\/wp\/v2\/product_tag?post=4808"}],"curies":[{"name":"wp","href":"https:\/\/api.w.org\/{rel}","templated":true}]}}