{"id":4803,"date":"2026-01-19T13:45:58","date_gmt":"2026-01-19T05:45:58","guid":{"rendered":"https:\/\/minghanggroup.com\/?post_type=product&#038;p=4803"},"modified":"2026-01-19T14:33:16","modified_gmt":"2026-01-19T06:33:16","slug":"square-crystal-reed-diffuser-glass-jars-wholesale","status":"publish","type":"product","link":"https:\/\/minghanggroup.com\/pt\/produto\/square-crystal-reed-diffuser-glass-jars-wholesale\/","title":{"rendered":"Frascos de vidro para difusor de varetas de cristal quadrado de 100ml - Atacado"},"content":{"rendered":"<p>O difusor de varetas \u00e9 feito de cristal de alta qualidade e transpar\u00eancia. Seu formato quadrado elegante, com padr\u00f5es de corte requintados e gargalo largo e liso, harmoniza-se perfeitamente com o difusor.<\/p>\n<h2>Caracter\u00edsticas do produto<\/h2>\n<ul>\n<li><strong>Garrafa com corte triangular:<\/strong> O padr\u00e3o de corte triangular se repete por toda a garrafa, resultando em um efeito \u00f3tico de luz e sombra, al\u00e9m de uma sensa\u00e7\u00e3o de luxo e requinte, como a de uma joia.<\/li>\n<li><strong>Garrafa quadrada\/retangular:<\/strong> O design quadrado e simples oferece uma estabilidade excepcional e um visual arquitet\u00f4nico impressionante.<\/li>\n<li><strong>Design de boca larga:<\/strong> O design de boca larga facilita a instala\u00e7\u00e3o e permite a coloca\u00e7\u00e3o das varetas difusoras, entre outros acess\u00f3rios, equilibrando funcionalidade e est\u00e9tica.<\/li>\n<\/ul>\n<h2 style=\"text-align: left;\">Especifica\u00e7\u00f5es principais<\/h2>\n<table class=\"aligncenter\" style=\"border-collapse: collapse; width: 426.02pt;\" border=\"0\" width=\"568\" cellspacing=\"0\" cellpadding=\"0\">\n<tbody>\n<tr style=\"height: 13.50pt;\">\n<td style=\"height: 13.50pt; width: 119.25pt;\" width=\"159\" height=\"18\">Especifica\u00e7\u00e3o<\/td>\n<td style=\"width: 306.75pt;\" width=\"409\">Detalhes<\/td>\n<\/tr>\n<tr style=\"height: 13.50pt;\">\n<td style=\"height: 13.50pt;\" height=\"18\">Capacidade<\/td>\n<td>100ml<\/td>\n<\/tr>\n<tr style=\"height: 13.50pt;\">\n<td style=\"height: 13.50pt;\" height=\"18\">Dimens\u00f5es<\/td>\n<td>54\u00d754\u00d788mm<\/td>\n<\/tr>\n<tr style=\"height: 13.50pt;\">\n<td style=\"height: 13.50pt;\" height=\"18\">Di\u00e2metro interno\/externo do pesco\u00e7o<\/td>\n<td>19 mm \/ 30 mm<\/td>\n<\/tr>\n<tr style=\"height: 13.50pt;\">\n<td style=\"height: 13.50pt;\" height=\"18\">Formato de garrafa<\/td>\n<td>Prisma quadrado com textura de corte triangular<\/td>\n<\/tr>\n<tr style=\"height: 13.50pt;\">\n<td style=\"height: 13.50pt;\" height=\"18\">Escopo de personaliza\u00e7\u00e3o<\/td>\n<td>Cor, padr\u00e3o de corte, tampas, formato<\/td>\n<\/tr>\n<tr style=\"height: 13.50pt;\">\n<td style=\"height: 13.50pt;\" height=\"18\">Artesanato<\/td>\n<td>Vidro prensado com molde texturizado<\/td>\n<\/tr>\n<tr style=\"height: 13.50pt;\">\n<td style=\"height: 13.50pt;\" height=\"18\">Finalidade do produto<\/td>\n<td>Frascos Difusores Decorativos, Frascos Difusores de Varetas<\/td>\n<\/tr>\n<tr style=\"height: 13.50pt;\">\n<td style=\"height: 13.50pt;\" height=\"18\">Ind\u00fastrias adequadas<\/td>\n<td>Fragr\u00e2ncias de luxo para casa, su\u00edtes de hotel<\/td>\n<\/tr>\n<\/tbody>\n<\/table>\n<h2>Caso de Sucesso: Design Premiado de uma Marca Japonesa de Estilo de Vida<\/h2>\n<p>Este difusor de varetas de cristal de 100 ml foi escolhido por um grupo hoteleiro cinco estrelas para sua su\u00edte. O padr\u00e3o perfeito do cristal lapidado representou um acr\u00e9scimo de 60% ao custo e uma caracter\u00edstica emblem\u00e1tica da parceria. O cristal apresentou um \u00edndice de satisfa\u00e7\u00e3o do cliente de 99,8%, atendendo aos custos de limpeza e \u00e0 taxa de satisfa\u00e7\u00e3o dos h\u00f3spedes. O hotel ficou t\u00e3o satisfeito que fez um novo pedido de 500.000 unidades, com dura\u00e7\u00e3o de v\u00e1rios anos, para abastecer toda a rede.<\/p>\n<h2>Personaliza\u00e7\u00e3o de frascos de vidro para difusores<\/h2>\n<ul>\n<li>Cor e Transpar\u00eancia: Vidro com uma cor profunda como \u00e2mbar, azul cobalto escuro, ou crie um efeito de joia usando vidro transparente e profundo.<\/li>\n<li>Variabilidade de padr\u00f5es: Ofere\u00e7a padr\u00f5es geom\u00e9tricos alternativos, como cortes em diamante, pir\u00e2mide ou estrela.<\/li>\n<li>Grava\u00e7\u00e3o a laser: Adicione um pequeno monograma ou logotipos \u00e0s laterais n\u00e3o cortadas da base da garrafa.<\/li>\n<li>Base de Vitral: Esta \u00e9 uma t\u00e9cnica bicolor na qual uma camada de vidro colorido \u00e9 aplicada sob a superf\u00edcie transparente cortada.<\/li>\n<\/ul>","protected":false},"excerpt":{"rendered":"<p>Frasco difusor de varetas de cristal elegante com textura lapidada vintage, ideal para fragr\u00e2ncias sofisticadas para casa e decora\u00e7\u00e3o, design dur\u00e1vel em vidro difusor, direto da f\u00e1brica.<\/p>","protected":false},"featured_media":4809,"template":"","meta":{"postBodyCss":"","postBodyMargin":[],"postBodyPadding":[],"postBodyBackground":{"backgroundType":"classic","gradient":""}},"product_brand":[],"product_cat":[15,16,63],"product_tag":[],"class_list":{"0":"post-4803","1":"product","2":"type-product","3":"status-publish","4":"has-post-thumbnail","6":"product_cat-glass-containers","7":"product_cat-glass-bottles","8":"product_cat-reed-diffuser-bottles","10":"first","11":"instock","12":"shipping-taxable","13":"product-type-simple"},"jetpack_sharing_enabled":true,"_links":{"self":[{"href":"https:\/\/minghanggroup.com\/pt\/wp-json\/wp\/v2\/product\/4803","targetHints":{"allow":["GET"]}}],"collection":[{"href":"https:\/\/minghanggroup.com\/pt\/wp-json\/wp\/v2\/product"}],"about":[{"href":"https:\/\/minghanggroup.com\/pt\/wp-json\/wp\/v2\/types\/product"}],"wp:featuredmedia":[{"embeddable":true,"href":"https:\/\/minghanggroup.com\/pt\/wp-json\/wp\/v2\/media\/4809"}],"wp:attachment":[{"href":"https:\/\/minghanggroup.com\/pt\/wp-json\/wp\/v2\/media?parent=4803"}],"wp:term":[{"taxonomy":"product_brand","embeddable":true,"href":"https:\/\/minghanggroup.com\/pt\/wp-json\/wp\/v2\/product_brand?post=4803"},{"taxonomy":"product_cat","embeddable":true,"href":"https:\/\/minghanggroup.com\/pt\/wp-json\/wp\/v2\/product_cat?post=4803"},{"taxonomy":"product_tag","embeddable":true,"href":"https:\/\/minghanggroup.com\/pt\/wp-json\/wp\/v2\/product_tag?post=4803"}],"curies":[{"name":"wp","href":"https:\/\/api.w.org\/{rel}","templated":true}]}}