{"id":4784,"date":"2026-01-19T12:00:19","date_gmt":"2026-01-19T04:00:19","guid":{"rendered":"https:\/\/minghanggroup.com\/?post_type=product&#038;p=4784"},"modified":"2026-01-19T13:44:15","modified_gmt":"2026-01-19T05:44:15","slug":"100ml-clear-flat-round-diffuser-bottles-wholesale","status":"publish","type":"product","link":"https:\/\/minghanggroup.com\/pt\/produto\/100ml-clear-flat-round-diffuser-bottles-wholesale\/","title":{"rendered":"Frascos difusores redondos e planos transparentes de 100ml para atacado"},"content":{"rendered":"<p>Esses frascos difusores redondos t\u00eam formato oval largo e achatado, s\u00e3o feitos de vidro s\u00f3dio-c\u00e1lcico e o gargalo \u00e9 t\u00e3o fino que se encaixa perfeitamente na vareta difusora.<\/p>\n<h2>Caracter\u00edsticas do produto<\/h2>\n<ul>\n<li><strong>Forma oval achatada e alongada:<\/strong> Possui uma forma est\u00e1vel e escultural, com um design amplo e baixo, que se adapta a prateleiras modernas.<\/li>\n<li><strong>Pesco\u00e7o fino:<\/strong> O pesco\u00e7o fino acomoda a vareta difusora e outros acess\u00f3rios, e forma um contraste com o corpo plano e arredondado, o que torna o design mais sofisticado.<\/li>\n<li><strong>Grande capacidade de 200ml:<\/strong> A capacidade de 200ml foi inteligentemente incorporada ao formato achatado da garrafa, oferecendo grande capacidade com um perfil fino.<\/li>\n<\/ul>\n<h2 style=\"text-align: left;\">Especifica\u00e7\u00f5es principais<\/h2>\n<table class=\"aligncenter\" style=\"border-collapse: collapse; width: 426.02pt;\" border=\"0\" width=\"568\" cellspacing=\"0\" cellpadding=\"0\">\n<tbody>\n<tr style=\"height: 13.50pt;\">\n<td style=\"height: 13.50pt; width: 119.25pt;\" width=\"159\" height=\"18\">Especifica\u00e7\u00e3o<\/td>\n<td style=\"width: 306.75pt;\" width=\"409\">Detalhes<\/td>\n<\/tr>\n<tr style=\"height: 13.50pt;\">\n<td style=\"height: 13.50pt;\" height=\"18\">Capacidade<\/td>\n<td>100ml<\/td>\n<\/tr>\n<tr style=\"height: 13.50pt;\">\n<td style=\"height: 13.50pt;\" height=\"18\">Dimens\u00f5es<\/td>\n<td>125\u00d736\u00d7109mm<\/td>\n<\/tr>\n<tr style=\"height: 13.50pt;\">\n<td style=\"height: 13.50pt;\" height=\"18\">Di\u00e2metro interno\/externo do pesco\u00e7o<\/td>\n<td>12 mm \/ 23 mm<\/td>\n<\/tr>\n<tr style=\"height: 13.50pt;\">\n<td style=\"height: 13.50pt;\" height=\"18\">Material<\/td>\n<td>Vidro de cal sodada<\/td>\n<\/tr>\n<tr style=\"height: 13.50pt;\">\n<td style=\"height: 13.50pt;\" height=\"18\">Formato de garrafa<\/td>\n<td>Oval plano e alongado horizontalmente<\/td>\n<\/tr>\n<tr style=\"height: 13.50pt;\">\n<td style=\"height: 13.50pt;\" height=\"18\">Escopo de personaliza\u00e7\u00e3o<\/td>\n<td>Cor, Acabamento, Tamanho, Grava\u00e7\u00e3o<\/td>\n<\/tr>\n<tr style=\"height: 13.50pt;\">\n<td style=\"height: 13.50pt;\" height=\"18\">Artesanato<\/td>\n<td>Moldura de vidro oval plana<\/td>\n<\/tr>\n<tr style=\"height: 13.50pt;\">\n<td style=\"height: 13.50pt;\" height=\"18\">Finalidade do produto<\/td>\n<td>Frascos difusores redondos, frascos difusores a granel<\/td>\n<\/tr>\n<tr style=\"height: 13.50pt;\">\n<td style=\"height: 13.50pt;\" height=\"18\">Ind\u00fastrias adequadas<\/td>\n<td>Marcas contempor\u00e2neas de fragr\u00e2ncias para casa, design de interiores<\/td>\n<\/tr>\n<\/tbody>\n<\/table>\n<h2>Caso de Sucesso: Design Premiado de uma Marca Japonesa de Estilo de Vida<\/h2>\n<p>Uma marca japonesa de estilo de vida lan\u00e7ou uma linha de fragr\u00e2ncias. Nosso produto principal foi escolhido como o frasco difusor redondo de 200ml. Seu formato oval diferenciado, com superf\u00edcie plana, resultou em 80% de recompras. O design elegante aumentou em 300% o n\u00famero de compartilhamentos feitos por influenciadores nas redes sociais. A resposta do mercado e a perfeita sintonia com a imagem da marca deixaram a empresa extremamente satisfeita, que encomendou mais 300.000 frascos para suas lojas principais internacionais.<\/p>\n<h2>Personaliza\u00e7\u00e3o de frasco difusor redondo<\/h2>\n<ul>\n<li>Cor e transpar\u00eancia do vidro: O vidro pode ser transparente, cinza claro ou fum\u00ea.<\/li>\n<li>Acabamento fosco acetinado: \u00c9 um acabamento fosco jateado completo que desenvolve uma apar\u00eancia suave e et\u00e9rea.<\/li>\n<li>Grava\u00e7\u00e3o a laser: A imagem de linhas complexas e suaves ou o nome da marca \u00e9 gravado na superf\u00edcie da garrafa.<\/li>\n<li>Decora\u00e7\u00e3o individual para gargalo de garrafa: \u201cDecora\u00e7\u00f5es leves e simples para gargalo de garrafa podem ser feitas em cer\u00e2mica fosca ou metal escovado.<\/li>\n<\/ul>","protected":false},"excerpt":{"rendered":"<p>Frasco difusor elegante de 100ml, fabricado em vidro plano e redondo, perfeito para embalagens e identidade visual de fragr\u00e2ncias para o lar. Frascos difusores redondos de alta qualidade, com entrega r\u00e1pida.<\/p>","protected":false},"featured_media":4790,"template":"","meta":{"postBodyCss":"","postBodyMargin":[],"postBodyPadding":[],"postBodyBackground":{"backgroundType":"classic","gradient":""}},"product_brand":[],"product_cat":[15,16,63],"product_tag":[],"class_list":{"0":"post-4784","1":"product","2":"type-product","3":"status-publish","4":"has-post-thumbnail","6":"product_cat-glass-containers","7":"product_cat-glass-bottles","8":"product_cat-reed-diffuser-bottles","10":"first","11":"instock","12":"shipping-taxable","13":"product-type-simple"},"jetpack_sharing_enabled":true,"_links":{"self":[{"href":"https:\/\/minghanggroup.com\/pt\/wp-json\/wp\/v2\/product\/4784","targetHints":{"allow":["GET"]}}],"collection":[{"href":"https:\/\/minghanggroup.com\/pt\/wp-json\/wp\/v2\/product"}],"about":[{"href":"https:\/\/minghanggroup.com\/pt\/wp-json\/wp\/v2\/types\/product"}],"wp:featuredmedia":[{"embeddable":true,"href":"https:\/\/minghanggroup.com\/pt\/wp-json\/wp\/v2\/media\/4790"}],"wp:attachment":[{"href":"https:\/\/minghanggroup.com\/pt\/wp-json\/wp\/v2\/media?parent=4784"}],"wp:term":[{"taxonomy":"product_brand","embeddable":true,"href":"https:\/\/minghanggroup.com\/pt\/wp-json\/wp\/v2\/product_brand?post=4784"},{"taxonomy":"product_cat","embeddable":true,"href":"https:\/\/minghanggroup.com\/pt\/wp-json\/wp\/v2\/product_cat?post=4784"},{"taxonomy":"product_tag","embeddable":true,"href":"https:\/\/minghanggroup.com\/pt\/wp-json\/wp\/v2\/product_tag?post=4784"}],"curies":[{"name":"wp","href":"https:\/\/api.w.org\/{rel}","templated":true}]}}