{"id":4771,"date":"2026-01-19T16:22:24","date_gmt":"2026-01-19T08:22:24","guid":{"rendered":"https:\/\/minghanggroup.com\/?post_type=product&#038;p=4771"},"modified":"2026-01-19T16:38:15","modified_gmt":"2026-01-19T08:38:15","slug":"bulk-diffuser-bottles-with-thick-base-for-home-decor","status":"publish","type":"product","link":"https:\/\/minghanggroup.com\/pt\/produto\/bulk-diffuser-bottles-with-thick-base-for-home-decor\/","title":{"rendered":"Frascos difusores de 40ml, 50ml e 100ml com base grossa para decora\u00e7\u00e3o de casa."},"content":{"rendered":"<p>Seus frascos difusores de cristal n\u00e3o devem apenas armazenar fragr\u00e2ncia \u2014 eles devem fazer a luz dan\u00e7ar sobre sua mesa como cristais l\u00edquidos. Como especialistas em frascos difusores de cristal, criamos difusores de varetas de vidro que transformam seu difusor de \u00f3leos essenciais em um destaque silencioso do ambiente.<\/p>\n<h2>Caracter\u00edsticas do produto<\/h2>\n<ul>\n<li><strong>Estrutura de base espessa e est\u00e1vel: <\/strong>O design com base refor\u00e7ada oferece um centro de gravidade baixo, reduzindo a probabilidade de o produto tombar. \u00c9 perfeito tanto para espa\u00e7os residenciais quanto comerciais, desde que a exposi\u00e7\u00e3o seja de longa dura\u00e7\u00e3o.<\/li>\n<li><strong>Material de vidro de alta transpar\u00eancia: <\/strong>Super claro e transparente, exibe a cor do l\u00edquido de aromaterapia com muita precis\u00e3o, aumentando assim o apelo visual geral e a atratividade da apresenta\u00e7\u00e3o do produto.<\/li>\n<li><strong>Design simplificado da garrafa: <\/strong>Ao combinar ombros arredondados com linhas retas, o frasco ganha um visual elegante e moderno, ao mesmo tempo que se torna bastante vers\u00e1til. Isso o torna adequado para uma ampla gama de estilos de marcas de fragr\u00e2ncias.<\/li>\n<\/ul>\n<h2>Especifica\u00e7\u00f5es principais<\/h2>\n<table style=\"border-collapse: collapse; width: 80%; margin-left: auto; margin-right: auto;\" border=\"0\" width=\"288\" cellspacing=\"0\" cellpadding=\"0\">\n<tbody>\n<tr style=\"height: 13.50pt;\">\n<td style=\"height: 13.5pt; width: 54pt; text-align: center;\" width=\"72\" height=\"18\">Tamanho (ml)<\/td>\n<td style=\"width: 54.00pt;\" width=\"72\">Dimens\u00f5es (mm)<\/td>\n<td style=\"width: 54pt; text-align: center;\" width=\"72\">Tipo de pesco\u00e7o<\/td>\n<td style=\"width: 54pt; text-align: center;\" width=\"72\">Forma<\/td>\n<\/tr>\n<tr style=\"height: 13.50pt;\">\n<td style=\"height: 13.5pt; text-align: center;\" align=\"right\" height=\"18\">40<\/td>\n<td style=\"text-align: center;\">52 \u00d7 69<\/td>\n<td class=\"et2\" style=\"text-align: center;\" rowspan=\"3\">Encaixe por press\u00e3o<\/td>\n<td class=\"et2\" style=\"text-align: center;\" rowspan=\"3\">Cil\u00edndrico<\/td>\n<\/tr>\n<tr style=\"height: 13.50pt;\">\n<td style=\"height: 13.5pt; text-align: center;\" align=\"right\" height=\"18\">50<\/td>\n<td style=\"text-align: center;\">52 \u00d7 69<\/td>\n<\/tr>\n<tr style=\"height: 13.50pt;\">\n<td style=\"height: 13.5pt; text-align: center;\" align=\"right\" height=\"18\">100<\/td>\n<td style=\"text-align: center;\">65 \u00d7 81<\/td>\n<\/tr>\n<\/tbody>\n<\/table>\n<h2>Caso de sucesso<\/h2>\n<p>Esta \u00e9 uma marca de fragr\u00e2ncias de origem local, que segue a linha de um estilo vintage moderno, mas que optou por utilizar um frasco difusor de vidro como embalagem principal. Com um alto grau de personaliza\u00e7\u00e3o, a marca aproveitou o espa\u00e7o circular vazio no centro do frasco para serigrafar seu logotipo com precis\u00e3o e escolheu um frasco \u00e2mbar com acabamento fosco. A marca tamb\u00e9m criou uma tampa de madeira personalizada, combinada com varetas difusoras de fibra preta de comprimento espec\u00edfico, resultando em uma embalagem de alta qualidade art\u00edstica.<\/p>\n<p>Esse impacto visual realmente contribuiu para o aumento do reconhecimento da marca entre os consumidores, o que resultou em um aumento de 55% no fluxo de clientes nas lojas f\u00edsicas. Al\u00e9m disso, a empresa realizou novos pedidos de 250.000 unidades nos dois trimestres seguintes.<\/p>\n<h2>Suas op\u00e7\u00f5es de personaliza\u00e7\u00e3o<\/h2>\n<ol>\n<li><strong>Personaliza\u00e7\u00e3o da \u00e1rea em relevo com a marca: <\/strong>Ao utilizar a \u00e1rea circular em relevo no centro da garrafa, o logotipo da marca \u00e9 incorporado por meio de serigrafia de alta precis\u00e3o ou tecnologia de decalque de alta temperatura, combinando perfeitamente a identidade da marca com os padr\u00f5es vintage e aprimorando ainda mais a sobreposi\u00e7\u00e3o visual.<\/li>\n<li><strong>Op\u00e7\u00f5es de cor e transpar\u00eancia da garrafa: <\/strong>O cliente pode optar por um revestimento \u00e2mbar com propriedades de bloqueio de luz ou por um elegante acabamento fosco, ambos preservando a atividade dos \u00f3leos essenciais e conferindo \u00e0 garrafa uma eleg\u00e2ncia atemporal.<\/li>\n<li><strong>Diversas op\u00e7\u00f5es de materiais para a tampa superior: <\/strong>Dependendo da est\u00e9tica da marca, pode-se optar por rolhas de madeira com logotipos em relevo (por exemplo, nogueira ou carvalho) para real\u00e7ar o naturalismo, ou escolher an\u00e9is de pesco\u00e7o em metal dourado\/bronze claro para ostentar um luxo discreto e um estilo vintage.<\/li>\n<\/ol>","protected":false},"excerpt":{"rendered":"<p>Esses frascos difusores possuem base est\u00e1vel e gargalo largo. Frascos difusores em grande quantidade para fornecimento direto da f\u00e1brica, frascos difusores de cristal premium para personaliza\u00e7\u00e3o com sua marca.<\/p>","protected":false},"featured_media":4788,"template":"","meta":{"postBodyCss":"","postBodyMargin":[],"postBodyPadding":[],"postBodyBackground":{"backgroundType":"classic","gradient":""}},"product_brand":[],"product_cat":[15,16,63],"product_tag":[],"class_list":{"0":"post-4771","1":"product","2":"type-product","3":"status-publish","4":"has-post-thumbnail","6":"product_cat-glass-containers","7":"product_cat-glass-bottles","8":"product_cat-reed-diffuser-bottles","10":"first","11":"instock","12":"shipping-taxable","13":"product-type-simple"},"jetpack_sharing_enabled":true,"_links":{"self":[{"href":"https:\/\/minghanggroup.com\/pt\/wp-json\/wp\/v2\/product\/4771","targetHints":{"allow":["GET"]}}],"collection":[{"href":"https:\/\/minghanggroup.com\/pt\/wp-json\/wp\/v2\/product"}],"about":[{"href":"https:\/\/minghanggroup.com\/pt\/wp-json\/wp\/v2\/types\/product"}],"wp:featuredmedia":[{"embeddable":true,"href":"https:\/\/minghanggroup.com\/pt\/wp-json\/wp\/v2\/media\/4788"}],"wp:attachment":[{"href":"https:\/\/minghanggroup.com\/pt\/wp-json\/wp\/v2\/media?parent=4771"}],"wp:term":[{"taxonomy":"product_brand","embeddable":true,"href":"https:\/\/minghanggroup.com\/pt\/wp-json\/wp\/v2\/product_brand?post=4771"},{"taxonomy":"product_cat","embeddable":true,"href":"https:\/\/minghanggroup.com\/pt\/wp-json\/wp\/v2\/product_cat?post=4771"},{"taxonomy":"product_tag","embeddable":true,"href":"https:\/\/minghanggroup.com\/pt\/wp-json\/wp\/v2\/product_tag?post=4771"}],"curies":[{"name":"wp","href":"https:\/\/api.w.org\/{rel}","templated":true}]}}