{"id":4766,"date":"2026-01-19T10:41:42","date_gmt":"2026-01-19T02:41:42","guid":{"rendered":"https:\/\/minghanggroup.com\/?post_type=product&#038;p=4766"},"modified":"2026-01-19T12:00:08","modified_gmt":"2026-01-19T04:00:08","slug":"christmas-tree-diffuser-sticks-and-bottles-wholesale","status":"publish","type":"product","link":"https:\/\/minghanggroup.com\/pt\/produto\/christmas-tree-diffuser-sticks-and-bottles-wholesale\/","title":{"rendered":"Difusor de Natal em formato de \u00e1rvore de Natal de 200ml (embalagem por atacado)"},"content":{"rendered":"<p>Este difusor de varetas e frasco possui um design especial de \u00e1rvore de Natal. O frasco \u00e9 feito de vidro transparente de cal sodada com um gargalo de rosca m\u00faltipla para facilitar a inser\u00e7\u00e3o da vareta difusora, conferindo ao frasco um visual divertido e natalino.<\/p>\n<h2>Caracter\u00edsticas do produto<\/h2>\n<ul>\n<li><strong>Garrafa em formato de \u00e1rvore de Natal:<\/strong> Esta \u00e9 a decora\u00e7\u00e3o e o presente de Natal ideais, j\u00e1 que o formato da \u00e1rvore \u00e9 ic\u00f4nico e possui uma borda irregular.<\/li>\n<li><strong>Acabamento com borda ondulada:<\/strong> O design com bordas onduladas \u00e9 elevado para criar um efeito visual e uma sensa\u00e7\u00e3o de toque festivo.<\/li>\n<li><strong>Rosca padr\u00e3o no pesco\u00e7o:<\/strong> O design pr\u00e1tico e conveniente do pesco\u00e7o proporciona uma veda\u00e7\u00e3o herm\u00e9tica, facilitando o uso e o armazenamento.<\/li>\n<\/ul>\n<h2 style=\"text-align: left;\">Especifica\u00e7\u00f5es principais<\/h2>\n<table class=\"aligncenter\" style=\"border-collapse: collapse; width: 444.77pt;\" border=\"0\" width=\"593\" cellspacing=\"0\" cellpadding=\"0\">\n<tbody>\n<tr style=\"height: 13.50pt;\">\n<td style=\"height: 13.50pt; width: 119.25pt;\" width=\"159\" height=\"18\">Especifica\u00e7\u00e3o<\/td>\n<td style=\"width: 325.50pt;\" width=\"434\">Detalhes<\/td>\n<\/tr>\n<tr style=\"height: 13.50pt;\">\n<td style=\"height: 13.50pt;\" height=\"18\">Capacidade<\/td>\n<td>200ml<\/td>\n<\/tr>\n<tr style=\"height: 13.50pt;\">\n<td style=\"height: 13.50pt;\" height=\"18\">Dimens\u00f5es<\/td>\n<td>105\u00d742\u00d7150mm<\/td>\n<\/tr>\n<tr style=\"height: 13.50pt;\">\n<td style=\"height: 13.50pt;\" height=\"18\">Di\u00e2metro interno\/externo do pesco\u00e7o<\/td>\n<td>17 mm \/ 27 mm<\/td>\n<\/tr>\n<tr style=\"height: 13.50pt;\">\n<td style=\"height: 13.50pt;\" height=\"18\">Material<\/td>\n<td>Vidro de cal sodada<\/td>\n<\/tr>\n<tr style=\"height: 13.50pt;\">\n<td style=\"height: 13.50pt;\" height=\"18\">Formato de garrafa<\/td>\n<td>\u00c1rvore de Natal estilizada com bordas texturizadas<\/td>\n<\/tr>\n<tr style=\"height: 13.50pt;\">\n<td style=\"height: 13.50pt;\" height=\"18\">Escopo de personaliza\u00e7\u00e3o<\/td>\n<td>Cor, tamanho, cobertura, enfeites tem\u00e1ticos<\/td>\n<\/tr>\n<tr style=\"height: 13.50pt;\">\n<td style=\"height: 13.50pt;\" height=\"18\">Artesanato<\/td>\n<td>Moldagem de vidro, aplica\u00e7\u00e3o de textura detalhada, rosqueamento<\/td>\n<\/tr>\n<tr style=\"height: 13.50pt;\">\n<td style=\"height: 13.50pt;\" height=\"18\">Finalidade do produto<\/td>\n<td>Frascos difusores de luxo no atacado, Frascos difusores<\/td>\n<\/tr>\n<tr style=\"height: 13.50pt;\">\n<td style=\"height: 13.50pt;\" height=\"18\">Ind\u00fastrias adequadas<\/td>\n<td>Lojas sazonais, marcas de decora\u00e7\u00e3o para casa<\/td>\n<\/tr>\n<\/tbody>\n<\/table>\n<h2>Hist\u00f3ria de sucesso<\/h2>\n<p>Nossos difusores e frascos de 200ml foram vendidos por uma loja de departamentos americana como decora\u00e7\u00e3o em formato de \u00e1rvore de Natal. Esse design tem\u00e1tico gerou um aumento de 500% nas men\u00e7\u00f5es \u00e0 cole\u00e7\u00e3o de Natal nas redes sociais. Em 48 horas, esse perfume natalino esgotou online, tornando-se o produto de fragr\u00e2ncia para casa mais vendido da temporada. O desempenho foi t\u00e3o impressionante para a loja que eles encomendaram mais 750.000 frascos para atender \u00e0 demanda nas pr\u00f3ximas tr\u00eas temporadas de festas.<\/p>\n<h2>Personaliza\u00e7\u00e3o de frascos difusores de luxo por atacado<\/h2>\n<ul>\n<li>Cores dos copos: Dispon\u00edvel em transparente, branco fosco (branco neve) ou em cores festivas como verde, vermelho e outras.<\/li>\n<li>Outros temas: Outros feriados (ex.: ab\u00f3bora, cora\u00e7\u00e3o, formato de ovo) podem ser personalizados.<\/li>\n<li>Instru\u00e7\u00f5es para relevo: O relevo consiste em pequenos detalhes em alto-relevo adicionados ao formato da \u00e1rvore, como ornamentos ou estrelas.<\/li>\n<li>Serigrafia: Coloque uma mensagem sobre o feriado na frente da garrafa, ou um pequeno logotipo da marca.<\/li>\n<\/ul>","protected":false},"excerpt":{"rendered":"<p>Varetas difusoras festivas e frasco em vidro em formato de \u00e1rvore de Natal, perfeitas para decora\u00e7\u00e3o natalina e cole\u00e7\u00f5es de frascos difusores de luxo para atacado, fornecimento direto da f\u00e1brica.<\/p>","protected":false},"featured_media":4772,"template":"","meta":{"postBodyCss":"","postBodyMargin":[],"postBodyPadding":[],"postBodyBackground":{"backgroundType":"classic","gradient":""}},"product_brand":[],"product_cat":[15,16,63],"product_tag":[],"class_list":{"0":"post-4766","1":"product","2":"type-product","3":"status-publish","4":"has-post-thumbnail","6":"product_cat-glass-containers","7":"product_cat-glass-bottles","8":"product_cat-reed-diffuser-bottles","10":"first","11":"instock","12":"shipping-taxable","13":"product-type-simple"},"jetpack_sharing_enabled":true,"_links":{"self":[{"href":"https:\/\/minghanggroup.com\/pt\/wp-json\/wp\/v2\/product\/4766","targetHints":{"allow":["GET"]}}],"collection":[{"href":"https:\/\/minghanggroup.com\/pt\/wp-json\/wp\/v2\/product"}],"about":[{"href":"https:\/\/minghanggroup.com\/pt\/wp-json\/wp\/v2\/types\/product"}],"wp:featuredmedia":[{"embeddable":true,"href":"https:\/\/minghanggroup.com\/pt\/wp-json\/wp\/v2\/media\/4772"}],"wp:attachment":[{"href":"https:\/\/minghanggroup.com\/pt\/wp-json\/wp\/v2\/media?parent=4766"}],"wp:term":[{"taxonomy":"product_brand","embeddable":true,"href":"https:\/\/minghanggroup.com\/pt\/wp-json\/wp\/v2\/product_brand?post=4766"},{"taxonomy":"product_cat","embeddable":true,"href":"https:\/\/minghanggroup.com\/pt\/wp-json\/wp\/v2\/product_cat?post=4766"},{"taxonomy":"product_tag","embeddable":true,"href":"https:\/\/minghanggroup.com\/pt\/wp-json\/wp\/v2\/product_tag?post=4766"}],"curies":[{"name":"wp","href":"https:\/\/api.w.org\/{rel}","templated":true}]}}