{"id":4761,"date":"2026-01-19T09:25:09","date_gmt":"2026-01-19T01:25:09","guid":{"rendered":"https:\/\/minghanggroup.com\/?post_type=product&#038;p=4761"},"modified":"2026-01-19T14:35:08","modified_gmt":"2026-01-19T06:35:08","slug":"empty-oil-diffuser-bottles-with-diamond-texture-bulk","status":"publish","type":"product","link":"https:\/\/minghanggroup.com\/pt\/produto\/empty-oil-diffuser-bottles-with-diamond-texture-bulk\/","title":{"rendered":"Frascos vazios de 150ml para difusor de \u00f3leo com textura de diamante (em grande quantidade)"},"content":{"rendered":"<p>Este frasco difusor de \u00f3leos essenciais \u00e9 um objeto fino e cil\u00edndrico feito de vidro maci\u00e7o. O formato cil\u00edndrico alongado apresenta um delicado padr\u00e3o de corte em diamante. N\u00e3o \u00e9 apenas um recipiente, mas tamb\u00e9m um belo objeto de decora\u00e7\u00e3o.<\/p>\n<h2>Caracter\u00edsticas do produto<\/h2>\n<ul>\n<li><strong>Corpo com corte diamante:<\/strong> O corte detalhado que cobre todo o corpo cria um efeito de luz e sombra impressionante, conferindo uma sensa\u00e7\u00e3o de luxo.<\/li>\n<li><strong>Design de boca larga:<\/strong> O design de boca larga facilita a adi\u00e7\u00e3o de todos os \u00f3leos necess\u00e1rios e permite a inclus\u00e3o de varetas difusoras e outros acess\u00f3rios sem comprometer a harmonia estil\u00edstica.<\/li>\n<li><strong>Forma cil\u00edndrica esguia:<\/strong> O formato cil\u00edndrico esguio confere um visual elegante e sofisticado, al\u00e9m de ser muito est\u00e1vel e se adaptar facilmente a diferentes estilos de decora\u00e7\u00e3o.<\/li>\n<\/ul>\n<h2 style=\"text-align: left;\">Especifica\u00e7\u00f5es principais<\/h2>\n<table class=\"aligncenter\" style=\"border-collapse: collapse; width: 444.77pt;\" border=\"0\" width=\"593\" cellspacing=\"0\" cellpadding=\"0\">\n<tbody>\n<tr style=\"height: 13.50pt;\">\n<td style=\"height: 13.50pt; width: 119.25pt;\" width=\"159\" height=\"18\">Especifica\u00e7\u00e3o<\/td>\n<td style=\"width: 325.50pt;\" width=\"434\">Detalhes<\/td>\n<\/tr>\n<tr style=\"height: 13.50pt;\">\n<td style=\"height: 13.50pt;\" height=\"18\">Capacidade<\/td>\n<td>150ml<\/td>\n<\/tr>\n<tr style=\"height: 13.50pt;\">\n<td style=\"height: 13.50pt;\" height=\"18\">Dimens\u00f5es<\/td>\n<td>55\u00d7133mm<\/td>\n<\/tr>\n<tr style=\"height: 13.50pt;\">\n<td style=\"height: 13.50pt;\" height=\"18\">Di\u00e2metro interno\/externo do pesco\u00e7o<\/td>\n<td>19 mm \/ 35 mm<\/td>\n<\/tr>\n<tr style=\"height: 13.50pt;\">\n<td style=\"height: 13.50pt;\" height=\"18\">Material<\/td>\n<td>Vidro de c\u00e1lcio de s\u00f3dio<\/td>\n<\/tr>\n<tr style=\"height: 13.50pt;\">\n<td style=\"height: 13.50pt;\" height=\"18\">Formato de garrafa<\/td>\n<td>Cilindro alto com padr\u00e3o de corte em diamante<\/td>\n<\/tr>\n<tr style=\"height: 13.50pt;\">\n<td style=\"height: 13.50pt;\" height=\"18\">Escopo de personaliza\u00e7\u00e3o<\/td>\n<td>Forma, cor, padr\u00e3o de corte, detalhes foscos<\/td>\n<\/tr>\n<tr style=\"height: 13.50pt;\">\n<td style=\"height: 13.50pt;\" height=\"18\">Artesanato<\/td>\n<td>Corte\/retifica\u00e7\u00e3o de vidro de precis\u00e3o, acabamento de boca larga<\/td>\n<\/tr>\n<tr style=\"height: 13.50pt;\">\n<td style=\"height: 13.50pt;\" height=\"18\">Finalidade do produto<\/td>\n<td>Frascos para difusor de \u00f3leo, recipientes para \u00f3leo perfumado<\/td>\n<\/tr>\n<tr style=\"height: 13.50pt;\">\n<td style=\"height: 13.50pt;\" height=\"18\">Ind\u00fastrias adequadas<\/td>\n<td>Fragr\u00e2ncias de luxo para casa, hot\u00e9is premium<\/td>\n<\/tr>\n<\/tbody>\n<\/table>\n<h2>Caso de Sucesso: Uma Nova Linha de uma Empresa Europeia de Fragr\u00e2ncias Premium<\/h2>\n<p>Uma empresa europeia de fragr\u00e2ncias lan\u00e7ou um perfume premium para casa. Para isso, escolheu um frasco de difusor de varetas de 150ml vazio e o coloriu de verde esmeralda. O design brilhante com corte de diamante agrega valor ao produto, representando um aumento de 70% na sua sofistica\u00e7\u00e3o. O vidro cristalino proporciona a visualiza\u00e7\u00e3o ideal do \u00f3leo essencial colorido, o que resulta em um aumento de 25% nas taxas de convers\u00e3o online. A marca ficou extremamente satisfeita com a receptividade do mercado e o volume de vendas, e por isso encomendou mais 400 mil frascos para distribui\u00e7\u00e3o global.<\/p>\n<h2>Personaliza\u00e7\u00e3o dos frascos para difusor de \u00f3leos essenciais<\/h2>\n<ul>\n<li>Cores e tonalidades do vidro: Dispon\u00edvel em cristal transparente, \u00e2mbar escuro, azul cobalto ou verde esmeralda.<\/li>\n<li>Varia\u00e7\u00f5es de padr\u00e3o: As varia\u00e7\u00f5es de padr\u00e3o tamb\u00e9m incluem espinha de peixe, corte em degraus e corte radial.<\/li>\n<li>Detalhes do Corte Fosco: As superf\u00edcies de corte s\u00e3o foscas para manter o brilho e criar contraste.<\/li>\n<li>Grava\u00e7\u00e3o a laser: Personalize com um pequeno logotipo ou monograma gravado a laser na parte inferior n\u00e3o cortada da garrafa.<\/li>\n<\/ul>","protected":false},"excerpt":{"rendered":"<p>Frasco difusor de \u00f3leo alto com superf\u00edcie lapidada em diamante, projetado para projetos de recarga e decora\u00e7\u00e3o moderna, utilizando frascos de difusor de varetas vazios. Pre\u00e7o de atacado.<\/p>","protected":false},"featured_media":4762,"template":"","meta":{"postBodyCss":"","postBodyMargin":[],"postBodyPadding":[],"postBodyBackground":{"backgroundType":"classic","gradient":""}},"product_brand":[],"product_cat":[15,16,63],"product_tag":[],"class_list":{"0":"post-4761","1":"product","2":"type-product","3":"status-publish","4":"has-post-thumbnail","6":"product_cat-glass-containers","7":"product_cat-glass-bottles","8":"product_cat-reed-diffuser-bottles","10":"first","11":"instock","12":"shipping-taxable","13":"product-type-simple"},"jetpack_sharing_enabled":true,"_links":{"self":[{"href":"https:\/\/minghanggroup.com\/pt\/wp-json\/wp\/v2\/product\/4761","targetHints":{"allow":["GET"]}}],"collection":[{"href":"https:\/\/minghanggroup.com\/pt\/wp-json\/wp\/v2\/product"}],"about":[{"href":"https:\/\/minghanggroup.com\/pt\/wp-json\/wp\/v2\/types\/product"}],"wp:featuredmedia":[{"embeddable":true,"href":"https:\/\/minghanggroup.com\/pt\/wp-json\/wp\/v2\/media\/4762"}],"wp:attachment":[{"href":"https:\/\/minghanggroup.com\/pt\/wp-json\/wp\/v2\/media?parent=4761"}],"wp:term":[{"taxonomy":"product_brand","embeddable":true,"href":"https:\/\/minghanggroup.com\/pt\/wp-json\/wp\/v2\/product_brand?post=4761"},{"taxonomy":"product_cat","embeddable":true,"href":"https:\/\/minghanggroup.com\/pt\/wp-json\/wp\/v2\/product_cat?post=4761"},{"taxonomy":"product_tag","embeddable":true,"href":"https:\/\/minghanggroup.com\/pt\/wp-json\/wp\/v2\/product_tag?post=4761"}],"curies":[{"name":"wp","href":"https:\/\/api.w.org\/{rel}","templated":true}]}}