{"id":4760,"date":"2026-01-19T11:04:36","date_gmt":"2026-01-19T03:04:36","guid":{"rendered":"https:\/\/minghanggroup.com\/?post_type=product&#038;p=4760"},"modified":"2026-01-19T11:04:37","modified_gmt":"2026-01-19T03:04:37","slug":"glass-reed-diffuser-jars-with-modern-vertical-texture-bulk","status":"publish","type":"product","link":"https:\/\/minghanggroup.com\/pt\/produto\/glass-reed-diffuser-jars-with-modern-vertical-texture-bulk\/","title":{"rendered":"Frascos de vidro para difusor de varetas de 40ml, 100ml e 200ml com textura vertical moderna (em atacado)"},"content":{"rendered":"<p>Os frascos do seu difusor de varetas n\u00e3o devem apenas armazenar o aroma \u2014 eles devem fazer a luz dan\u00e7ar sobre a sua mesa de centro. Como especialistas em frascos decorativos para difusores, criamos difusores de varetas de vidro que transformam o seu difusor de \u00f3leos essenciais em um elemento decorativo silencioso e impactante em qualquer ambiente.<\/p>\n<h2>Caracter\u00edsticas do produto<\/h2>\n<ul>\n<li><strong>Corpo de vidro com listras verticais:<\/strong> O frasco foi projetado com listras verticais que ajudam a refratar melhor a luz e conferem um efeito visual mais agrad\u00e1vel ao l\u00edquido de aromaterapia.<\/li>\n<li><strong>Material de vidro de alta transpar\u00eancia:<\/strong> Permitir visualizar a cor e a quantidade do l\u00edquido de aromaterapia restante facilita o uso e a apresenta\u00e7\u00e3o do produto, al\u00e9m de elevar o n\u00edvel de qualidade.<\/li>\n<li><strong>Formato est\u00e1vel de garrafa na posi\u00e7\u00e3o vertical:<\/strong> O formato cil\u00edndrico, perfeitamente equilibrado com a base plana, reduz a probabilidade de tombar, sendo, portanto, uma \u00f3tima op\u00e7\u00e3o para uso e instala\u00e7\u00e3o a longo prazo.<\/li>\n<\/ul>\n<h2>Especifica\u00e7\u00f5es principais<\/h2>\n<table style=\"border-collapse: collapse; width: 80%; margin-left: auto; margin-right: auto;\" border=\"0\" width=\"360\" cellspacing=\"0\" cellpadding=\"0\">\n<tbody>\n<tr style=\"height: 13.50pt;\">\n<td style=\"height: 13.5pt; width: 54pt; text-align: center;\" width=\"72\" height=\"18\">Tamanho (ml)<\/td>\n<td style=\"width: 54pt; text-align: center;\" width=\"72\">Dimens\u00f5es (mm)<\/td>\n<td style=\"width: 54pt; text-align: center;\" width=\"72\">Tipo de pesco\u00e7o<\/td>\n<td style=\"width: 54pt; text-align: center;\" width=\"72\">Recurso<\/td>\n<td style=\"width: 54pt; text-align: center;\" width=\"72\">Forma<\/td>\n<\/tr>\n<tr style=\"height: 13.50pt;\">\n<td style=\"height: 13.5pt; text-align: center;\" align=\"right\" height=\"18\">40<\/td>\n<td style=\"text-align: center;\">57 \u00d7 60<\/td>\n<td class=\"et2\" style=\"text-align: center;\" rowspan=\"3\">Encaixe por press\u00e3o<\/td>\n<td class=\"et2\" style=\"text-align: center;\" rowspan=\"3\">Listras verticais<\/td>\n<td class=\"et2\" style=\"text-align: center;\" rowspan=\"3\">Cil\u00edndrico<\/td>\n<\/tr>\n<tr style=\"height: 13.50pt;\">\n<td style=\"height: 13.5pt; text-align: center;\" align=\"right\" height=\"18\">100<\/td>\n<td style=\"text-align: center;\">69 \u00d7 80<\/td>\n<\/tr>\n<tr style=\"height: 13.50pt;\">\n<td style=\"height: 13.5pt; text-align: center;\" align=\"right\" height=\"18\">200<\/td>\n<td style=\"text-align: center;\">78 \u00d7 116<\/td>\n<\/tr>\n<\/tbody>\n<\/table>\n<h2>Caso de sucesso<\/h2>\n<p>A empresa de fragr\u00e2ncias para o lar precisava de um frasco difusor que n\u00e3o s\u00f3 valorizasse a apresenta\u00e7\u00e3o dos seus produtos nas prateleiras, como tamb\u00e9m transmitisse uma imagem de alta qualidade e modernidade \u00e0 marca. Para o lan\u00e7amento da sua nova linha de aromas, a marca escolheu o nosso frasco difusor de vidro com listras verticais, mas personalizou-o em outros aspetos: imprimiu um logotipo discreto na borda do frasco e aplicou uma estampa que cria uma liga\u00e7\u00e3o visual com a textura do mesmo.<\/p>\n<p>O produto tornou-se mais est\u00e1vel durante o transporte gra\u00e7as \u00e0 garrafa de vidro mais espessa, reduzindo assim a taxa de quebra em 35%. O aumento de 38% nas vendas do primeiro trimestre foi diretamente associado a essa medida, juntamente com a continuidade dos pedidos em grande volume nos trimestres seguintes.<\/p>\n<h2>Suas op\u00e7\u00f5es de personaliza\u00e7\u00e3o<\/h2>\n<ol>\n<li><strong>Revestimento degrad\u00ea ou interno colorido:<\/strong> Voc\u00ea pode aplicar uma cor degrad\u00ea muito suave ou uma camada interna de cor (por exemplo, cinza esfuma\u00e7ado para transparente) e ainda assim fazer com que o vidro externo pare\u00e7a brilhante e luxuoso.<\/li>\n<li><strong>Logotipos gravados em relevo ou baixo-relevo no pesco\u00e7o:<\/strong> Voc\u00ea pode gravar em relevo ou baixo-relevo um pequeno logotipo, s\u00edmbolo ou texto da marca ao redor do gargalo ou da base para aumentar o reconhecimento da marca sem ocupar o espa\u00e7o da etiqueta.<\/li>\n<li><strong>Conjuntos de personaliza\u00e7\u00e3o de palhetas:<\/strong> Voc\u00ea pode personalizar o frasco para ser equipado com varetas tingidas, varetas em espiral ou hastes de fibra ornamental, criando uma apar\u00eancia uniforme em todo o conjunto difusor.<\/li>\n<\/ol>","protected":false},"excerpt":{"rendered":"<p>Frascos difusores decorativos com acabamento impec\u00e1vel. Fornecimento direto da f\u00e1brica de frascos difusores de varetas, amostras gr\u00e1tis e personaliza\u00e7\u00e3o em grande quantidade dispon\u00edveis. Envio r\u00e1pido.<\/p>","protected":false},"featured_media":4770,"template":"","meta":{"postBodyCss":"","postBodyMargin":[],"postBodyPadding":[],"postBodyBackground":{"backgroundType":"classic","gradient":""}},"product_brand":[],"product_cat":[15,63],"product_tag":[],"class_list":{"0":"post-4760","1":"product","2":"type-product","3":"status-publish","4":"has-post-thumbnail","6":"product_cat-glass-containers","7":"product_cat-reed-diffuser-bottles","9":"first","10":"instock","11":"shipping-taxable","12":"product-type-simple"},"jetpack_sharing_enabled":true,"_links":{"self":[{"href":"https:\/\/minghanggroup.com\/pt\/wp-json\/wp\/v2\/product\/4760","targetHints":{"allow":["GET"]}}],"collection":[{"href":"https:\/\/minghanggroup.com\/pt\/wp-json\/wp\/v2\/product"}],"about":[{"href":"https:\/\/minghanggroup.com\/pt\/wp-json\/wp\/v2\/types\/product"}],"wp:featuredmedia":[{"embeddable":true,"href":"https:\/\/minghanggroup.com\/pt\/wp-json\/wp\/v2\/media\/4770"}],"wp:attachment":[{"href":"https:\/\/minghanggroup.com\/pt\/wp-json\/wp\/v2\/media?parent=4760"}],"wp:term":[{"taxonomy":"product_brand","embeddable":true,"href":"https:\/\/minghanggroup.com\/pt\/wp-json\/wp\/v2\/product_brand?post=4760"},{"taxonomy":"product_cat","embeddable":true,"href":"https:\/\/minghanggroup.com\/pt\/wp-json\/wp\/v2\/product_cat?post=4760"},{"taxonomy":"product_tag","embeddable":true,"href":"https:\/\/minghanggroup.com\/pt\/wp-json\/wp\/v2\/product_tag?post=4760"}],"curies":[{"name":"wp","href":"https:\/\/api.w.org\/{rel}","templated":true}]}}