{"id":4753,"date":"2026-01-16T15:56:03","date_gmt":"2026-01-16T07:56:03","guid":{"rendered":"https:\/\/minghanggroup.com\/?post_type=product&#038;p=4753"},"modified":"2026-01-16T16:44:48","modified_gmt":"2026-01-16T08:44:48","slug":"round-empty-clear-diffuser-bottle-wholesale","status":"publish","type":"product","link":"https:\/\/minghanggroup.com\/pt\/produto\/round-empty-clear-diffuser-bottle-wholesale\/","title":{"rendered":"Frasco difusor redondo transparente vazio de 130ml para atacado"},"content":{"rendered":"<p>Este frasco difusor transparente possui um design exclusivo. \u00c9 feito de vidro s\u00f3dio-c\u00e1lcico e tem um formato arredondado, ideal para a venda por atacado de frascos vazios para aromaterapia.<\/p>\n<h2>Caracter\u00edsticas do produto<\/h2>\n<ul>\n<li><strong>Vidro totalmente transparente:<\/strong> O vidro totalmente transparente revela as cores dos \u00f3leos essenciais. A luz atravessa o corpo curvo, criando um efeito de imagem quente e brilhante, que enriquece a obra-prima.<\/li>\n<li><strong>Capacidade de 130ml:<\/strong> O tamanho de 130ml \u00e9 perfeitamente adequado para uma difus\u00e3o de aroma prolongada e eficaz na maioria dos ambientes residenciais.<\/li>\n<li><strong>Corpo plano e arredondado: <\/strong>O formato de tigela \u00e9 suave e plano, sem arestas vivas, o que confere um toque acolhedor e aconchegante \u00e0 decora\u00e7\u00e3o. Os contornos arredondados facilitam o manuseio.<\/li>\n<\/ul>\n<h2 style=\"text-align: left;\">Especifica\u00e7\u00f5es principais<\/h2>\n<table class=\"aligncenter\" style=\"border-collapse: collapse; width: 430.52pt;\" border=\"0\" width=\"574\" cellspacing=\"0\" cellpadding=\"0\">\n<tbody>\n<tr style=\"height: 13.50pt;\">\n<td style=\"height: 13.50pt; width: 146.25pt;\" width=\"195\" height=\"18\">Especifica\u00e7\u00e3o<\/td>\n<td style=\"width: 284.25pt;\" width=\"379\">Detalhes<\/td>\n<\/tr>\n<tr style=\"height: 13.50pt;\">\n<td style=\"height: 13.50pt;\" height=\"18\">Capacidade<\/td>\n<td>130ml<\/td>\n<\/tr>\n<tr style=\"height: 13.50pt;\">\n<td style=\"height: 13.50pt;\" height=\"18\">Dimens\u00f5es<\/td>\n<td>87\u00d760mm<\/td>\n<\/tr>\n<tr style=\"height: 13.50pt;\">\n<td style=\"height: 13.50pt;\" height=\"18\">Di\u00e2metro interno\/externo do pesco\u00e7o<\/td>\n<td>18 mm \/ 34 mm<\/td>\n<\/tr>\n<tr style=\"height: 13.50pt;\">\n<td style=\"height: 13.50pt;\" height=\"18\">Material<\/td>\n<td>Vidro de cal sodada<\/td>\n<\/tr>\n<tr style=\"height: 13.50pt;\">\n<td style=\"height: 13.50pt;\" height=\"18\">Formato de garrafa<\/td>\n<td>Tigela\/prato raso com base texturizada<\/td>\n<\/tr>\n<tr style=\"height: 13.50pt;\">\n<td style=\"height: 13.50pt;\" height=\"18\">Escopo de personaliza\u00e7\u00e3o<\/td>\n<td>Cor, padr\u00e3o de textura de base, tamanho, forma<\/td>\n<\/tr>\n<tr style=\"height: 13.50pt;\">\n<td style=\"height: 13.50pt;\" height=\"18\">Artesanato<\/td>\n<td>Prensagem de vidro para formato de tigela, forma\u00e7\u00e3o de rosca.<\/td>\n<\/tr>\n<tr style=\"height: 13.50pt;\">\n<td style=\"height: 13.50pt;\" height=\"18\">Finalidade do produto<\/td>\n<td>Frascos difusores transparentes, recipientes decorativos para \u00f3leo.<\/td>\n<\/tr>\n<tr style=\"height: 13.50pt;\">\n<td style=\"height: 13.50pt;\" height=\"18\">Ind\u00fastrias adequadas<\/td>\n<td>Marcas de fragr\u00e2ncias para casa, lojas de presentes<\/td>\n<\/tr>\n<\/tbody>\n<\/table>\n<h2>Caso de Sucesso: Um Produto Exclusivo de uma Rede de Bem-Estar e Spa<\/h2>\n<p>Uma das maiores redes nacionais de spas e bem-estar comprou nossos frascos transparentes de 130ml de aromaterapia em grandes quantidades para usar em seu projeto de venda por atacado de frascos de aromaterapia vazios. Seu formato delicado, semelhante a uma tigela, complementa lindamente a est\u00e9tica tranquila do local e est\u00e1 se tornando rapidamente um sucesso de vendas, contribuindo com 30% das vendas online. As salas de terapia tamb\u00e9m se adaptam perfeitamente \u00e0 capacidade de 130ml. O feedback dos clientes e a facilidade de uso foram t\u00e3o positivos que a rede encomendou mais 600.000 frascos para garantir o abastecimento de suas lojas por v\u00e1rios anos.<\/p>\n<h2>Frascos difusores vazios para venda por atacado com personaliza\u00e7\u00e3o<\/h2>\n<ul>\n<li>Cor e transpar\u00eancia do vidro: Est\u00e1 dispon\u00edvel em vidro transparente, branco suave (opalino), semitransparente, azul claro ou lavanda.<\/li>\n<li>Acabamento fosco: Acabamento totalmente fosco para tornar a textura do vidro suave e et\u00e9rea, com uma tonalidade branca leitosa.<\/li>\n<li>Grava\u00e7\u00e3o a laser: A base da tigela pode ter desenhos circulares simples ou nomes de marcas gravados.<\/li>\n<li>Decora\u00e7\u00e3o com vitrais: Os vitrais podem ser aplicados ao redor do anel inferior ou no interior da tigela.<\/li>\n<\/ul>","protected":false},"excerpt":{"rendered":"<p>Frasco difusor transparente, redondo e em formato de tigela, feito de vidro s\u00f3dio-c\u00e1lcico. Ideal para marcas de fragr\u00e2ncias para o lar que buscam frascos difusores vazios no atacado, direto da f\u00e1brica.<\/p>","protected":false},"featured_media":4754,"template":"","meta":{"postBodyCss":"","postBodyMargin":[],"postBodyPadding":[],"postBodyBackground":{"backgroundType":"classic","gradient":""}},"product_brand":[],"product_cat":[15,16,63],"product_tag":[],"class_list":{"0":"post-4753","1":"product","2":"type-product","3":"status-publish","4":"has-post-thumbnail","6":"product_cat-glass-containers","7":"product_cat-glass-bottles","8":"product_cat-reed-diffuser-bottles","10":"first","11":"instock","12":"shipping-taxable","13":"product-type-simple"},"jetpack_sharing_enabled":true,"_links":{"self":[{"href":"https:\/\/minghanggroup.com\/pt\/wp-json\/wp\/v2\/product\/4753","targetHints":{"allow":["GET"]}}],"collection":[{"href":"https:\/\/minghanggroup.com\/pt\/wp-json\/wp\/v2\/product"}],"about":[{"href":"https:\/\/minghanggroup.com\/pt\/wp-json\/wp\/v2\/types\/product"}],"wp:featuredmedia":[{"embeddable":true,"href":"https:\/\/minghanggroup.com\/pt\/wp-json\/wp\/v2\/media\/4754"}],"wp:attachment":[{"href":"https:\/\/minghanggroup.com\/pt\/wp-json\/wp\/v2\/media?parent=4753"}],"wp:term":[{"taxonomy":"product_brand","embeddable":true,"href":"https:\/\/minghanggroup.com\/pt\/wp-json\/wp\/v2\/product_brand?post=4753"},{"taxonomy":"product_cat","embeddable":true,"href":"https:\/\/minghanggroup.com\/pt\/wp-json\/wp\/v2\/product_cat?post=4753"},{"taxonomy":"product_tag","embeddable":true,"href":"https:\/\/minghanggroup.com\/pt\/wp-json\/wp\/v2\/product_tag?post=4753"}],"curies":[{"name":"wp","href":"https:\/\/api.w.org\/{rel}","templated":true}]}}