{"id":4748,"date":"2026-01-16T15:53:44","date_gmt":"2026-01-16T07:53:44","guid":{"rendered":"https:\/\/minghanggroup.com\/?post_type=product&#038;p=4748"},"modified":"2026-01-16T16:50:02","modified_gmt":"2026-01-16T08:50:02","slug":"glass-square-diffuser-bottles-for-packaging-wholesale","status":"publish","type":"product","link":"https:\/\/minghanggroup.com\/pt\/produto\/glass-square-diffuser-bottles-for-packaging-wholesale\/","title":{"rendered":"Frascos difusores quadrados de vidro de 200ml e 250ml para embalagens no atacado"},"content":{"rendered":"<p>Seus frascos difusores quadrados n\u00e3o devem apenas conter o aroma \u2014 eles devem permitir que a luz incida em cada canto, como uma escultura moderna. Como especialistas em frascos difusores de aroma, criamos frascos de vidro que transformam seu difusor de \u00f3leos essenciais em uma obra-prima silenciosa para o ambiente.<\/p>\n<h2>Caracter\u00edsticas do produto<\/h2>\n<ul>\n<li><strong>Est\u00e9tica geom\u00e9trica minimalista quadrada: <\/strong>A garrafa possui um formato quadrado tradicional com bordas n\u00edtidas e definidas, que combinam a impress\u00e3o de design industrial com um equil\u00edbrio bastante singular, adequado a diversos espa\u00e7os interiores modernos.<\/li>\n<li><strong>Diversas op\u00e7\u00f5es de tampas: <\/strong>As duas op\u00e7\u00f5es s\u00e3o: uma gola met\u00e1lica dourada brilhante e uma tampa de madeira semi-esf\u00e9rica, apresentando assim dois estilos de marca diferentes: \u201cluxo leve e moderno\u201d e \u201cnatural e terap\u00eautico\u201d.<\/li>\n<li><strong>Superf\u00edcie plana para exibi\u00e7\u00e3o da marca: <\/strong>As laterais planas e retas de vidro da garrafa quadrada s\u00e3o uma \u00f3tima &#034;tela&#034; para a marca; portanto, podem ser facilmente impressas em serigrafia em grandes \u00e1reas, estampadas a quente ou os r\u00f3tulos da marca podem ser aplicados com precis\u00e3o.<\/li>\n<\/ul>\n<h2>Especifica\u00e7\u00f5es principais<\/h2>\n<table style=\"border-collapse: collapse; width: 80%; margin-left: auto; margin-right: auto;\" border=\"0\" width=\"288\" cellspacing=\"0\" cellpadding=\"0\">\n<tbody>\n<tr style=\"height: 13.50pt;\">\n<td style=\"height: 13.5pt; width: 54pt; text-align: center;\" width=\"72\" height=\"18\">Tamanho (ml)<\/td>\n<td style=\"width: 54pt; text-align: center;\" width=\"72\">Dimens\u00f5es (mm)<\/td>\n<td style=\"width: 54pt; text-align: center;\" width=\"72\">Tipo de pesco\u00e7o<\/td>\n<td style=\"width: 54pt; text-align: center;\" width=\"72\">Forma<\/td>\n<\/tr>\n<tr style=\"height: 13.50pt;\">\n<td style=\"height: 13.5pt; text-align: center;\" align=\"right\" height=\"18\">200<\/td>\n<td style=\"text-align: center;\">68 \u00d7 95<\/td>\n<td class=\"et2\" style=\"text-align: center;\" rowspan=\"2\">Tampa de rosca<\/td>\n<td class=\"et2\" style=\"text-align: center;\" rowspan=\"2\">Quadrado geom\u00e9trico<\/td>\n<\/tr>\n<tr style=\"height: 13.50pt;\">\n<td style=\"height: 13.5pt; text-align: center;\" align=\"right\" height=\"18\">250<\/td>\n<td style=\"text-align: center;\">74 \u00d7 102<\/td>\n<\/tr>\n<\/tbody>\n<\/table>\n<h2>Caso de sucesso<\/h2>\n<p>Uma marca de artigos de decora\u00e7\u00e3o de luxo escolheu esta garrafa quadrada de vidro transparente de 200ml como produto principal do ano. A marca criou uma tampa hemisf\u00e9rica fosca com acabamento em madeira natural, e o logotipo foi gravado a laser com precis\u00e3o na parte superior da tampa. Al\u00e9m disso, a marca solicitou impress\u00e3o minimalista em serigrafia monocrom\u00e1tica nas laterais planas do vidro e difusores de flores em madeira de sola natural, com cores escolhidas \u00e0 m\u00e3o e combinadas.<\/p>\n<p>O formato quadrado distinto, que a diferenciava de outras garrafas redondas nas prateleiras dos varejistas, resultou em um aumento de 70% nas vendas trimestrais da marca. O cliente, ent\u00e3o, fez um pedido adicional de 180.000 unidades e, assim, decidiu mant\u00ea-la como um produto principal a longo prazo.<\/p>\n<h2>Suas op\u00e7\u00f5es de personaliza\u00e7\u00e3o<\/h2>\n<ol>\n<li><strong>Personaliza\u00e7\u00e3o da superf\u00edcie da garrafa:<\/strong> Aproveitamos ao m\u00e1ximo a superf\u00edcie plana e quadrada da garrafa para oferecer um acabamento totalmente fosco ou parcialmente jateado. Combinando isso com nossos requintados m\u00e9todos de serigrafia ou hot stamping, \u00e9 poss\u00edvel que o logotipo da sua marca se destaque em texturas de vidro transparentes ou transl\u00facidas. Tampa<\/li>\n<li><strong>Atualiza\u00e7\u00e3o de materiais e marca:<\/strong> Oferecemos personaliza\u00e7\u00e3o em grande escala de tampas de garrafa em diferentes estilos; por exemplo, tampas de alum\u00ednio anodizado em dourado brilhante\/preto fosco, que representam uma est\u00e9tica de luxo discreto, ou tampas de madeira gravadas a laser, que remetem \u00e0 natureza. As diferen\u00e7as de material que voc\u00ea pode sentir correspondem exatamente \u00e0 identidade da sua marca.<\/li>\n<li><strong>Combina\u00e7\u00f5es personalizadas de meios difusores:<\/strong> Al\u00e9m das varetas de fibra tradicionais, voc\u00ea pode escolher cores, flores de sola combinando ou varetas difusoras com a sua marca. Dessa forma, voc\u00ea transforma a fun\u00e7\u00e3o pr\u00e1tica de difus\u00e3o em arte decorativa com uma proposta de valor \u00fanica.<\/li>\n<\/ol>","protected":false},"excerpt":{"rendered":"<p>Frascos difusores quadrados e elegantes em vidro transparente com tampas douradas ou de madeira. Este frasco difusor de aromas permite personaliza\u00e7\u00e3o em grande quantidade e envio r\u00e1pido. Consulte-nos agora!<\/p>","protected":false},"featured_media":4752,"template":"","meta":{"postBodyCss":"","postBodyMargin":[],"postBodyPadding":[],"postBodyBackground":{"backgroundType":"classic","gradient":""}},"product_brand":[],"product_cat":[15,16,63],"product_tag":[],"class_list":{"0":"post-4748","1":"product","2":"type-product","3":"status-publish","4":"has-post-thumbnail","6":"product_cat-glass-containers","7":"product_cat-glass-bottles","8":"product_cat-reed-diffuser-bottles","10":"first","11":"instock","12":"shipping-taxable","13":"product-type-simple"},"jetpack_sharing_enabled":true,"_links":{"self":[{"href":"https:\/\/minghanggroup.com\/pt\/wp-json\/wp\/v2\/product\/4748","targetHints":{"allow":["GET"]}}],"collection":[{"href":"https:\/\/minghanggroup.com\/pt\/wp-json\/wp\/v2\/product"}],"about":[{"href":"https:\/\/minghanggroup.com\/pt\/wp-json\/wp\/v2\/types\/product"}],"wp:featuredmedia":[{"embeddable":true,"href":"https:\/\/minghanggroup.com\/pt\/wp-json\/wp\/v2\/media\/4752"}],"wp:attachment":[{"href":"https:\/\/minghanggroup.com\/pt\/wp-json\/wp\/v2\/media?parent=4748"}],"wp:term":[{"taxonomy":"product_brand","embeddable":true,"href":"https:\/\/minghanggroup.com\/pt\/wp-json\/wp\/v2\/product_brand?post=4748"},{"taxonomy":"product_cat","embeddable":true,"href":"https:\/\/minghanggroup.com\/pt\/wp-json\/wp\/v2\/product_cat?post=4748"},{"taxonomy":"product_tag","embeddable":true,"href":"https:\/\/minghanggroup.com\/pt\/wp-json\/wp\/v2\/product_tag?post=4748"}],"curies":[{"name":"wp","href":"https:\/\/api.w.org\/{rel}","templated":true}]}}