{"id":4743,"date":"2026-01-16T15:09:01","date_gmt":"2026-01-16T07:09:01","guid":{"rendered":"https:\/\/minghanggroup.com\/?post_type=product&#038;p=4743"},"modified":"2026-01-16T16:50:39","modified_gmt":"2026-01-16T08:50:39","slug":"embossed-glass-luxury-diffuser-bottles-for-home-decor-bulk","status":"publish","type":"product","link":"https:\/\/minghanggroup.com\/pt\/produto\/embossed-glass-luxury-diffuser-bottles-for-home-decor-bulk\/","title":{"rendered":"Frascos difusores de luxo em vidro texturizado de 150ml para decora\u00e7\u00e3o de casa (em atacado)"},"content":{"rendered":"<p>Seus frascos de difusor de luxo n\u00e3o devem apenas conter o aroma \u2014 eles devem fazer a luz dan\u00e7ar como em um sal\u00e3o de baile vintage. Como especialistas em frascos de vidro para difusor no atacado, criamos difusores de varetas de vidro que transformam seu difusor de \u00f3leos essenciais em uma estrela silenciosa do ambiente.<\/p>\n<h2>Caracter\u00edsticas do produto<\/h2>\n<ul>\n<li><strong>Arte ornamentada em relevo: <\/strong>Padr\u00f5es\/superf\u00edcie do cristal, como um toque de luxo vintage para perfumar sua casa.<\/li>\n<li><strong>Ajuste seguro com fecho de press\u00e3o no pesco\u00e7o: <\/strong>As varetas difusoras redondas podem ser inseridas diretamente, sem inclina\u00e7\u00e3o, oscila\u00e7\u00e3o ou derramamento.<\/li>\n<li><strong>Eleg\u00e2ncia Imponente: <\/strong>Base espessa, sem oscila\u00e7\u00f5es em mesas de m\u00e1rmore. Seu frasco difusor de vidro ter\u00e1 uma apar\u00eancia s\u00f3lida e sofisticada.<\/li>\n<\/ul>\n<h2>Especifica\u00e7\u00f5es principais<\/h2>\n<table style=\"border-collapse: collapse; width: 80%; margin-left: auto; margin-right: auto;\" border=\"0\" width=\"288\" cellspacing=\"0\" cellpadding=\"0\">\n<tbody>\n<tr style=\"height: 13.50pt;\">\n<td style=\"height: 13.5pt; width: 54pt; text-align: center;\" width=\"72\" height=\"18\">Tamanho<\/td>\n<td style=\"width: 54pt; text-align: center;\" width=\"72\">Dimens\u00f5es (mm)<\/td>\n<td style=\"width: 54pt; text-align: center;\" width=\"72\">Di\u00e2metro interno e externo<\/td>\n<td style=\"width: 54pt; text-align: center;\" width=\"72\">Recurso principal<\/td>\n<\/tr>\n<tr style=\"height: 13.50pt;\">\n<td style=\"height: 13.5pt; text-align: center;\" height=\"18\">150 ml<\/td>\n<td style=\"text-align: center;\">71 \u00d7 101<\/td>\n<td style=\"text-align: center;\">18\/34 mm<\/td>\n<td style=\"text-align: center;\">Decora\u00e7\u00e3o em relevo<\/td>\n<\/tr>\n<\/tbody>\n<\/table>\n<h2>Caso de sucesso<\/h2>\n<p>Uma marca de fragr\u00e2ncias de luxo inspirada na It\u00e1lia escolheu este frasco de vidro como embalagem principal para sua cole\u00e7\u00e3o &#034;Renascimento&#034;. A marca utilizou uma meticulosa t\u00e9cnica de douramento manual para delinear com precis\u00e3o seu emblema dentro do anel central do intrincado design em relevo. Al\u00e9m disso, empregou um processo de revestimento \u00e2mbar semitransparente, conferindo ao frasco uma eleg\u00e2ncia cl\u00e1ssica sem comprometer sua transpar\u00eancia, e o combinou com difusores de rattan natural de comprimento personalizado.<\/p>\n<p>Ap\u00f3s o lan\u00e7amento deste produto altamente diferenciado, as vendas da linha em supermercados de alto padr\u00e3o aumentaram 80%. Gra\u00e7as \u00e0 eficiente cadeia de suprimentos garantida pelo modelo de produ\u00e7\u00e3o direta da f\u00e1brica, a marca conseguiu repor e enviar os produtos rapidamente ap\u00f3s o esgotamento do lote inicial.<\/p>\n<h2>Suas op\u00e7\u00f5es de personaliza\u00e7\u00e3o<\/h2>\n<ol>\n<li><strong>Op\u00e7\u00f5es de revestimento em cores vintage para o corpo da garrafa: <\/strong>As op\u00e7\u00f5es personaliz\u00e1veis \u200b\u200bincluem \u00e2mbar, cinza esfuma\u00e7ado ou um revestimento em spray transl\u00facido fosco com textura aveludada. Essas cores, juntamente com linhas em relevo detalhadas, intensificam o jogo de luz e sombra.<\/li>\n<li><strong>Acess\u00f3rios met\u00e1licos combinando: <\/strong>Tampas opcionais de alum\u00ednio anodizado com relevo, em acabamentos como bronze antigo, dourado fosco escovado ou preto eletrogalvanizado, podem ser oferecidas. Al\u00e9m disso, a parte superior da tampa pode ser personalizada com um logotipo em relevo.<\/li>\n<li><strong>Etiqueta met\u00e1lica personalizada: <\/strong>Uma etiqueta met\u00e1lica personalizada com o logotipo da marca (por exemplo, em liga de zinco ou lat\u00e3o) pode ser fixada no gargalo da garrafa com um cord\u00e3o fino de couro ou fita de veludo.<\/li>\n<\/ol>","protected":false},"excerpt":{"rendered":"<p>Frascos difusores de luxo com relevo requintado e padr\u00f5es vintage. Estes frascos de vidro difusores de alta qualidade est\u00e3o dispon\u00edveis para venda por atacado e aceitam personaliza\u00e7\u00e3o. Envio r\u00e1pido.<\/p>","protected":false},"featured_media":4747,"template":"","meta":{"postBodyCss":"","postBodyMargin":[],"postBodyPadding":[],"postBodyBackground":{"backgroundType":"classic","gradient":""}},"product_brand":[],"product_cat":[15,16,63],"product_tag":[],"class_list":{"0":"post-4743","1":"product","2":"type-product","3":"status-publish","4":"has-post-thumbnail","6":"product_cat-glass-containers","7":"product_cat-glass-bottles","8":"product_cat-reed-diffuser-bottles","10":"first","11":"instock","12":"shipping-taxable","13":"product-type-simple"},"jetpack_sharing_enabled":true,"_links":{"self":[{"href":"https:\/\/minghanggroup.com\/pt\/wp-json\/wp\/v2\/product\/4743","targetHints":{"allow":["GET"]}}],"collection":[{"href":"https:\/\/minghanggroup.com\/pt\/wp-json\/wp\/v2\/product"}],"about":[{"href":"https:\/\/minghanggroup.com\/pt\/wp-json\/wp\/v2\/types\/product"}],"wp:featuredmedia":[{"embeddable":true,"href":"https:\/\/minghanggroup.com\/pt\/wp-json\/wp\/v2\/media\/4747"}],"wp:attachment":[{"href":"https:\/\/minghanggroup.com\/pt\/wp-json\/wp\/v2\/media?parent=4743"}],"wp:term":[{"taxonomy":"product_brand","embeddable":true,"href":"https:\/\/minghanggroup.com\/pt\/wp-json\/wp\/v2\/product_brand?post=4743"},{"taxonomy":"product_cat","embeddable":true,"href":"https:\/\/minghanggroup.com\/pt\/wp-json\/wp\/v2\/product_cat?post=4743"},{"taxonomy":"product_tag","embeddable":true,"href":"https:\/\/minghanggroup.com\/pt\/wp-json\/wp\/v2\/product_tag?post=4743"}],"curies":[{"name":"wp","href":"https:\/\/api.w.org\/{rel}","templated":true}]}}