{"id":4723,"date":"2026-01-16T11:11:10","date_gmt":"2026-01-16T03:11:10","guid":{"rendered":"https:\/\/minghanggroup.com\/?post_type=product&#038;p=4723"},"modified":"2026-01-16T13:17:12","modified_gmt":"2026-01-16T05:17:12","slug":"glass-hanging-diffuser-bottles-with-wooden-lids-bulk","status":"publish","type":"product","link":"https:\/\/minghanggroup.com\/pt\/produto\/glass-hanging-diffuser-bottles-with-wooden-lids-bulk\/","title":{"rendered":"Frascos difusores de vidro de 10ml com tampas de madeira para pendurar (em grande quantidade)"},"content":{"rendered":"<p>Este difusor de aromas suspenso possui um corpo cil\u00edndrico pequeno e transparente em vidro, com uma tampa de madeira em v\u00e1rias camadas e uma corda tran\u00e7ada para facilitar a fixa\u00e7\u00e3o no espelho retrovisor do seu carro.<\/p>\n<h2>Caracter\u00edsticas do produto<\/h2>\n<ul>\n<li><strong>Corpo cil\u00edndrico pequeno:<\/strong> Esta \u00e9 uma garrafa cil\u00edndrica pequena e f\u00e1cil de transportar, feita de vidro, ideal para quando voc\u00ea estiver sozinho, como no carro, no porta-luvas ou no guarda-roupa.<\/li>\n<li><strong>Cord\u00e3o de contas de madeira:<\/strong> O cord\u00e3o tran\u00e7ado \u00e9 repleto de contas de madeira e pode ser facilmente pendurado em qualquer lugar e a qualquer momento.<\/li>\n<li><strong>Design \u00e0 prova de vazamentos:<\/strong> A tampa de madeira maci\u00e7a e o corpo de vidro s\u00f3lido proporcionam um design herm\u00e9tico e \u00e0 prova de vazamentos, al\u00e9m de facilitar o transporte.<\/li>\n<\/ul>\n<h2 style=\"text-align: left;\">Especifica\u00e7\u00f5es principais<\/h2>\n<table class=\"aligncenter\" style=\"border-collapse: collapse; width: 444.77pt;\" border=\"0\" width=\"593\" cellspacing=\"0\" cellpadding=\"0\">\n<tbody>\n<tr style=\"height: 13.50pt;\">\n<td style=\"height: 13.50pt; width: 119.25pt;\" width=\"159\" height=\"18\">Especifica\u00e7\u00e3o<\/td>\n<td style=\"width: 325.50pt;\" width=\"434\">Detalhes<\/td>\n<\/tr>\n<tr style=\"height: 13.50pt;\">\n<td style=\"height: 13.50pt;\" height=\"18\">Capacidade<\/td>\n<td>10ml<\/td>\n<\/tr>\n<tr style=\"height: 13.50pt;\">\n<td style=\"height: 13.50pt;\" height=\"18\">Dimens\u00f5es<\/td>\n<td>32\u00d755mm<\/td>\n<\/tr>\n<tr style=\"height: 13.50pt;\">\n<td style=\"height: 13.50pt;\" height=\"18\">Material<\/td>\n<td>Vidro s\u00f3dio-c\u00e1lcico, madeira, corda de algod\u00e3o<\/td>\n<\/tr>\n<tr style=\"height: 13.50pt;\">\n<td style=\"height: 13.50pt;\" height=\"18\">Formato de garrafa<\/td>\n<td>Cilindro curto<\/td>\n<\/tr>\n<tr style=\"height: 13.50pt;\">\n<td style=\"height: 13.50pt;\" height=\"18\">Escopo de personaliza\u00e7\u00e3o<\/td>\n<td>Formato, Acabamento, Cor do Cord\u00e3o, Design das Contas<\/td>\n<\/tr>\n<tr style=\"height: 13.50pt;\">\n<td style=\"height: 13.50pt;\" height=\"18\">Artesanato<\/td>\n<td>Moldagem de vidro em pequena escala, torneamento de madeira, montagem de cordas<\/td>\n<\/tr>\n<tr style=\"height: 13.50pt;\">\n<td style=\"height: 13.50pt;\" height=\"18\">Finalidade do produto<\/td>\n<td>Difusores de ar para carro, difusores de ar port\u00e1teis para pendurar.<\/td>\n<\/tr>\n<tr style=\"height: 13.50pt;\">\n<td style=\"height: 13.50pt;\" height=\"18\">Ind\u00fastrias adequadas<\/td>\n<td>Acess\u00f3rios automotivos, marcas de estilo de vida<\/td>\n<\/tr>\n<\/tbody>\n<\/table>\n<h2>Hist\u00f3ria de sucesso<\/h2>\n<p>Uma das maiores redes de lojas de autope\u00e7as utilizou nossos frascos difusores de 10 ml para carros como seu principal produto. Esses frascos de 10 ml, com formato de difusor, foram um sucesso instant\u00e2neo ap\u00f3s o lan\u00e7amento. Tinham o tamanho ideal para caber em porta-copos e as vendas do primeiro trimestre ultrapassaram 50.000 unidades. Os clientes foram atra\u00eddos pelo acabamento em madeira natural, que consideravam uma alternativa ao pl\u00e1stico, e o faturamento dessa categoria dobrou. Os varejistas ficaram impressionados e fizeram um novo pedido de 500.000 frascos para realizar uma campanha promocional em todo o pa\u00eds.<\/p>\n<h2>Personaliza\u00e7\u00e3o dos frascos difusores para carro<\/h2>\n<ul>\n<li>Personaliza\u00e7\u00e3o das tampas: As tampas s\u00e3o feitas de v\u00e1rios tipos de madeira (bambu, s\u00e2ndalo, cedro) ou com diferentes acabamentos.<\/li>\n<li>Personaliza\u00e7\u00e3o das cores da corda e do formato\/material das contas decorativas: Esta op\u00e7\u00e3o permite a personaliza\u00e7\u00e3o das cores da corda e do formato\/material das contas decorativas.<\/li>\n<li>Colora\u00e7\u00e3o em vidro: Utilize vidro \u00e2mbar ou fum\u00ea para tingir os \u00f3leos essenciais, protegendo-os da degrada\u00e7\u00e3o causada pela luz.<\/li>\n<li>Grava\u00e7\u00e3o a laser: Grave logotipos ou desenhos muito pequenos em tampas de madeira ou garrafas de vidro.<\/li>\n<\/ul>","protected":false},"excerpt":{"rendered":"<p>Difusor de perfume decorativo em formato hexagonal, feito de vidro transparente. Este frasco difusor \u00e9 perfeito para marcas, com amostras gr\u00e1tis dispon\u00edveis mediante solicita\u00e7\u00e3o.<\/p>","protected":false},"featured_media":4728,"template":"","meta":{"postBodyCss":"","postBodyMargin":[],"postBodyPadding":[],"postBodyBackground":{"backgroundType":"classic","gradient":""}},"product_brand":[],"product_cat":[15,16,63],"product_tag":[],"class_list":{"0":"post-4723","1":"product","2":"type-product","3":"status-publish","4":"has-post-thumbnail","6":"product_cat-glass-containers","7":"product_cat-glass-bottles","8":"product_cat-reed-diffuser-bottles","10":"first","11":"instock","12":"shipping-taxable","13":"product-type-simple"},"jetpack_sharing_enabled":true,"_links":{"self":[{"href":"https:\/\/minghanggroup.com\/pt\/wp-json\/wp\/v2\/product\/4723","targetHints":{"allow":["GET"]}}],"collection":[{"href":"https:\/\/minghanggroup.com\/pt\/wp-json\/wp\/v2\/product"}],"about":[{"href":"https:\/\/minghanggroup.com\/pt\/wp-json\/wp\/v2\/types\/product"}],"wp:featuredmedia":[{"embeddable":true,"href":"https:\/\/minghanggroup.com\/pt\/wp-json\/wp\/v2\/media\/4728"}],"wp:attachment":[{"href":"https:\/\/minghanggroup.com\/pt\/wp-json\/wp\/v2\/media?parent=4723"}],"wp:term":[{"taxonomy":"product_brand","embeddable":true,"href":"https:\/\/minghanggroup.com\/pt\/wp-json\/wp\/v2\/product_brand?post=4723"},{"taxonomy":"product_cat","embeddable":true,"href":"https:\/\/minghanggroup.com\/pt\/wp-json\/wp\/v2\/product_cat?post=4723"},{"taxonomy":"product_tag","embeddable":true,"href":"https:\/\/minghanggroup.com\/pt\/wp-json\/wp\/v2\/product_tag?post=4723"}],"curies":[{"name":"wp","href":"https:\/\/api.w.org\/{rel}","templated":true}]}}